{"id":31706,"date":"2026-05-13T18:37:19","date_gmt":"2026-05-13T18:37:19","guid":{"rendered":"https:\/\/furnura.shop\/product\/albatros-geratehaus-xl-anthrazit-ral-7016-165x86x174cm-8-5-m-abschliessbar-inkl-schloss-werkzeughaken-gartenhaus-aus-verzinktem-wetterfestem-metall-gerateschuppen-gartenschrank\/"},"modified":"2026-05-13T18:37:22","modified_gmt":"2026-05-13T18:37:22","slug":"albatros-geratehaus-xl-anthrazit-ral-7016-165x86x174cm-8-5-m-abschliessbar-inkl-schloss-werkzeughaken-gartenhaus-aus-verzinktem-wetterfestem-metall-gerateschuppen-gartenschrank","status":"publish","type":"product","link":"https:\/\/furnura.shop\/en\/product\/albatros-geratehaus-xl-anthrazit-ral-7016-165x86x174cm-8-5-m-abschliessbar-inkl-schloss-werkzeughaken-gartenhaus-aus-verzinktem-wetterfestem-metall-gerateschuppen-gartenschrank\/","title":{"rendered":"Albatros Ger\u00e4tehaus Metall XL 165x86x174 cm 8,5m\u00b3 Abschlie\u00dfbar Verzinkt Wetterfest Anthrazit RAL 7016"},"content":{"rendered":"<p><strong>Product Overview<\/strong><\/p>\n<ul>\n<li>\n<strong>Marke:<\/strong> ALBATROS<\/li>\n<li>\n<strong>Farbe:<\/strong> Grau<\/li>\n<li>\n<strong>Material:<\/strong> Metall<\/li>\n<li>\n<strong>Produktabmessungen:<\/strong> 1,71T x 2,41B x 1,92H m<\/li>\n<li>\n<strong>Artikelgewicht:<\/strong> 63,9 Kilogramm<\/li>\n<\/ul>\n<p><strong>Product Features<\/strong><\/p>\n<ul>\n<li>VIEL STAURAUM UND PLATZ: Die Ger\u00e4teh\u00e4user von Albatros bieten f\u00fcr jeden Garten die passende Gr\u00f6\u00dfe \u2013 vom kompakten Gartenschrank S bis hin zum ger\u00e4umigen XXXL-Ger\u00e4teschuppen. Unabh\u00e4ngig von der Variante bieten sie reichlich Platz f\u00fcr Gartenger\u00e4te, Gartenm\u00f6bel, Maschinen, Fahrr\u00e4der und Spielzeug. L\u00fcftungsschlitze sorgen f\u00fcr eine optimale Luftzirkulation und beugen Feuchtigkeit vor.<\/li>\n<li>STABILE KONSTRUKTION: Die Ger\u00e4teh\u00e4user der Marke Albatros zeichnen sich durch ihre stabile und langlebige Konstruktion aus. Zus\u00e4tzliche Verstrebungen sowie gewellte Au\u00dfenbleche verst\u00e4rken die gesamte Struktur und sorgen f\u00fcr noch mehr Stabilit\u00e4t und Halt. Ein Fundamentrahmen bringt zus\u00e4tzliche Steifigkeit.<\/li>\n<li>WETTERFEST UND WIDERSTANDSF\u00c4HIG: Der verzinkte Stahl und die anthrazitfarbene Lackierung bieten dem Ger\u00e4tehaus zuverl\u00e4ssigen Schutz vor Witterungseinfl\u00fcssen wie Regen, UV-Strahlung und Schnee. Die robuste Rahmen- und Fl\u00e4chenkonstruktion sorgt zudem f\u00fcr hohe Stabilit\u00e4t, selbst bei starkem Wind und Sturm.<\/li>\n<li>PRAKTISCHES ZUBEH\u00d6RSET: Jedes Ger\u00e4tehaus wird mit einem umfangreichen Zubeh\u00f6rset geliefert. Es enth\u00e4lt ein Vorh\u00e4ngeschloss mit Schl\u00fcssel, ein Paar Handschuhe, vier Befestigungshaken f\u00fcr Werkzeuge sowie drei gummierte Schaufelhaken. Die Aufbauanleitung ist klar strukturiert, leicht verst\u00e4ndlich und in Deutsch sowie Englisch verf\u00fcgbar.<\/li>\n<li>TECHNISCHE DATEN: Abmessungen (250cm Breite, 182cm Tief, 192cm Hoch), verwendet wird verzinkter und lackierter Stahl (RAL7016), es ist ein Kantenschutz angebracht, normale T\u00fcre, die Lieferung erfolgt in 3 Paketen, alle Ger\u00e4teh\u00e4user durchlaufen eine Qualit\u00e4tskontrolle der DEKRA<\/li>\n<li>&#x2705;SERVICE MADE IN GERMANY: Sie erhalten einen lebenslangen Hersteller-Support direkt aus Deutschland. Unser Albatros International Team ist das ganze Jahr \u00fcber pers\u00f6nlich erreichbar \u2013 schnell, direkt und zuverl\u00e4ssig.<\/li>\n<\/ul>\n<p><strong>Product Information<\/strong><\/p>\n<ul>\n<table style=\"margin-bottom:20px\">\n<tbody>\n<tr>\n<td><strong>Artikel Abmessungen T x B x H<\/strong><\/td>\n<td>1,71T x 2,41B x 1,92H m<\/td>\n<\/tr>\n<tr>\n<td><strong>Artikelgewicht<\/strong><\/td>\n<td>63,9 Kilogramm<\/td>\n<\/tr>\n<tr>\n<td><strong>T\u00fcrbreite<\/strong><\/td>\n<td>97 Zentimeter<\/td>\n<\/tr>\n<tr>\n<td><strong>T\u00fcrh\u00f6he<\/strong><\/td>\n<td>153 Zentimeter<\/td>\n<\/tr>\n<tr>\n<td><strong>Marke<\/strong><\/td>\n<td>ALBATROS<\/td>\n<\/tr>\n<tr>\n<td><strong>Hersteller<\/strong><\/td>\n<td>Albatros International GmbH<\/td>\n<\/tr>\n<tr>\n<td><strong>Artikelnummer<\/strong><\/td>\n<td>4404<\/td>\n<\/tr>\n<tr>\n<td><strong>Anzahl von Einheiten<\/strong><\/td>\n<td>1.0 st\u00fcck<\/td>\n<\/tr>\n<tr>\n<td><strong>Enthaltene Komponenten<\/strong><\/td>\n<td>Aufbauwerkzeug, Schaufelhaken, Schloss, Werkzeughaken<\/td>\n<\/tr>\n<tr>\n<td><strong>Herkunftsland<\/strong><\/td>\n<td>China<\/td>\n<\/tr>\n<tr>\n<td><strong>Amazon Bestseller-Rang<\/strong><\/td>\n<td><\/td>\n<\/tr>\n<tr>\n<td><strong>ASIN<\/strong><\/td>\n<td>B0F2J5SNK2<\/td>\n<\/tr>\n<tr>\n<td><strong>Durchschnittliche Kundenbewertung<\/strong><\/td>\n<td><\/td>\n<\/tr>\n<tr>\n<td><strong>Material<\/strong><\/td>\n<td>Metall<\/td>\n<\/tr>\n<tr>\n<td><strong>Basismaterial<\/strong><\/td>\n<td>Metall<\/td>\n<\/tr>\n<tr>\n<td><strong>Materialart der Oberseite<\/strong><\/td>\n<td>Metall<\/td>\n<\/tr>\n<tr>\n<td><strong>Rahmenmaterial<\/strong><\/td>\n<td>verzinkter Stahl<\/td>\n<\/tr>\n<tr>\n<td><strong>Farbe<\/strong><\/td>\n<td>Grau<\/td>\n<\/tr>\n<tr>\n<td><strong>Stil\/Form<\/strong><\/td>\n<td>Modern<\/td>\n<\/tr>\n<tr>\n<td><strong>T\u00fcrstil<\/strong><\/td>\n<td>Einfacht\u00fcr<\/td>\n<\/tr>\n<tr>\n<td><strong>Wasserbest\u00e4ndigkeit<\/strong><\/td>\n<td>Wasserfest<\/td>\n<\/tr>\n<tr>\n<td><strong>Erforderliche Montage<\/strong><\/td>\n<td>Ja<\/td>\n<\/tr>\n<\/tbody>\n<\/table>\n<\/ul>","protected":false},"excerpt":{"rendered":"<p>Product Overview Marke: ALBATROS Farbe: Grau Material: Metall Produktabmessungen: 1,71T x 2,41B x 1,92H m Artikelgewicht: 63,9 Kilogramm Product Features<\/p>","protected":false},"featured_media":31717,"comment_status":"open","ping_status":"closed","template":"","meta":[],"product_brand":[],"product_cat":[153],"product_tag":[],"class_list":{"0":"post-31706","1":"product","2":"type-product","3":"status-publish","4":"has-post-thumbnail","6":"product_cat-gartenhaeuser-geraeteschuppen","8":"first","9":"instock","10":"sale","11":"shipping-taxable","12":"purchasable","13":"product-type-variable"},"_links":{"self":[{"href":"https:\/\/furnura.shop\/en\/wp-json\/wp\/v2\/product\/31706","targetHints":{"allow":["GET"]}}],"collection":[{"href":"https:\/\/furnura.shop\/en\/wp-json\/wp\/v2\/product"}],"about":[{"href":"https:\/\/furnura.shop\/en\/wp-json\/wp\/v2\/types\/product"}],"replies":[{"embeddable":true,"href":"https:\/\/furnura.shop\/en\/wp-json\/wp\/v2\/comments?post=31706"}],"version-history":[{"count":0,"href":"https:\/\/furnura.shop\/en\/wp-json\/wp\/v2\/product\/31706\/revisions"}],"wp:featuredmedia":[{"embeddable":true,"href":"https:\/\/furnura.shop\/en\/wp-json\/wp\/v2\/media\/31717"}],"wp:attachment":[{"href":"https:\/\/furnura.shop\/en\/wp-json\/wp\/v2\/media?parent=31706"}],"wp:term":[{"taxonomy":"product_brand","embeddable":true,"href":"https:\/\/furnura.shop\/en\/wp-json\/wp\/v2\/product_brand?post=31706"},{"taxonomy":"product_cat","embeddable":true,"href":"https:\/\/furnura.shop\/en\/wp-json\/wp\/v2\/product_cat?post=31706"},{"taxonomy":"product_tag","embeddable":true,"href":"https:\/\/furnura.shop\/en\/wp-json\/wp\/v2\/product_tag?post=31706"}],"curies":[{"name":"wp","href":"https:\/\/api.w.org\/{rel}","templated":true}]}}