{"id":31718,"date":"2026-05-13T18:37:20","date_gmt":"2026-05-13T18:37:20","guid":{"rendered":"https:\/\/furnura.shop\/product\/amopatio-geratehaus-gartenhaus-mit-pultdach-gerateschuppen-228x109x182-cm-bxtxh-gartenhaus-metall-mit-tur-verzinkte-gartenhulle-metall-schuppen-mit-fundamentrahmen-schwarz\/"},"modified":"2026-05-13T18:37:22","modified_gmt":"2026-05-13T18:37:22","slug":"amopatio-geratehaus-gartenhaus-mit-pultdach-gerateschuppen-228x109x182-cm-bxtxh-gartenhaus-metall-mit-tur-verzinkte-gartenhulle-metall-schuppen-mit-fundamentrahmen-schwarz","status":"publish","type":"product","link":"https:\/\/furnura.shop\/en\/product\/amopatio-geratehaus-gartenhaus-mit-pultdach-gerateschuppen-228x109x182-cm-bxtxh-gartenhaus-metall-mit-tur-verzinkte-gartenhulle-metall-schuppen-mit-fundamentrahmen-schwarz\/","title":{"rendered":"Amopatio Ger\u00e4tehaus Metall Pultdach 228x109x182 cm Fundamentrahmen Verzinkt T\u00fcr Gartenschuppen Schwarz"},"content":{"rendered":"<p><strong>Product Overview<\/strong><\/p>\n<ul>\n<li>\n<strong>Marke:<\/strong> Amopatio<\/li>\n<li>\n<strong>Farbe:<\/strong> Schwarz<\/li>\n<li>\n<strong>Material:<\/strong> Metall<\/li>\n<li>\n<strong>Produktabmessungen:<\/strong> 1,09T x 2,28B x 1,83H m<\/li>\n<li>\n<strong>Artikelgewicht:<\/strong> 48 Kilogramm<\/li>\n<\/ul>\n<p><strong>Product Features<\/strong><\/p>\n<ul>\n<li>\u3010Mehr Stauraum &#038; Mehr Ordnung\u3011Dieses Amopatio Ger\u00e4tehaus bietet reichlichen Platz in Ihrem Garten f\u00fcr Ihre Garten-Utensilien. Rasenpflegeger\u00e4te, Feuerholz, Grill-Zubeh\u00f6r, Handwerkzeug, usw. alles an einem Ort gesch\u00fctzt und trocken aufbewahren. Der nutzbare Innen-Rauminhalt ist c.a. 3,9 m\u00b3<\/li>\n<li>\u3010Aus beschichtetem Stahlrahmen\u3011Der Ger\u00e4teschuppen ist aus haltbarem, verzinktem Stahl mit witterungsfester Beschichtung gefertigt. Das Material des Gartenhaus ist rostfrei und somit ideal gegen alle Wettereinfl\u00fcsse. Zudem wurde jedes Produkt getestet, um sicherzustellen, dass es intakt und f\u00fcr den dauerhaften Einsatz im Freien ist<\/li>\n<li>\u3010Schr\u00e4gendes Dach\u3011Dieses Metall Gartenhaus ist mit einem Schr\u00e4gdach ausgestattet, damit das Regenwasser schnell abflie\u00dfen kann. Es verhindert, dass sich Regenwasser ansammelt und Feuchtigkeit ins Innere des Ger\u00e4teschranks gelangt und den Rahmen angreifen. Zudem sind die Ecken des Daches mit einem Kantenschutz versehen, was Ihre Sicherheit erh\u00f6ht. Deckengr\u00f6\u00dfe: 170 x 96 cm<\/li>\n<li>\u3010Gro\u00dfe T\u00fcr mit T\u00fcrriegel\u3011Die gro\u00dfe T\u00fcr vom Amopatio Lagerschuppen erm\u00f6glicht einen leichten Zugang zum Innenraum und ist mit einem T\u00fcrriegel versehen, damit Tiere ferngehalten werden und die T\u00fcr nicht vom Wind aufgerissen wird. Breite \u00d6ffnung der T\u00fcr 106 x 153 cm (BxH) erlaubt den Transport von sperrigen Garten-Utensilien, bequemes T\u00fcr\u00f6ffnen selbst bei Schnee<\/li>\n<li>\u3010Einfache Montage\u3011Dank der bebilderten, leicht verst\u00e4ndlichen Anleitung und der klar gekennzeichneten Einzelteile k\u00f6nnen Sie dieses Gartenhaus einfach aufbauen. Vorgeschnittene Paneele nehmen Ihnen die H\u00e4lfte der Arbeit ab, wodurch Sie Zeit und M\u00fche sparen. Zudem verschenken wir im Paket zwei Paar Handschuhe. W\u00e4hrend des Montage empfehlen wir Ihnen die Handschuhen zu tragen, um Kratzer an den H\u00e4nden zu vermeiden<\/li>\n<\/ul>\n<p><strong>Product Information<\/strong><\/p>\n<ul>\n<table style=\"margin-bottom:20px\">\n<tbody>\n<tr>\n<td><strong>Artikel Abmessungen T x B x H<\/strong><\/td>\n<td>1,09T x 2,28B x 1,83H m<\/td>\n<\/tr>\n<tr>\n<td><strong>Artikelgewicht<\/strong><\/td>\n<td>48 Kilogramm<\/td>\n<\/tr>\n<tr>\n<td><strong>T\u00fcrbreite<\/strong><\/td>\n<td>106 Zentimeter<\/td>\n<\/tr>\n<tr>\n<td><strong>T\u00fcrh\u00f6he<\/strong><\/td>\n<td>153 Zentimeter<\/td>\n<\/tr>\n<tr>\n<td><strong>Kammertiefe<\/strong><\/td>\n<td>109 Zentimeter<\/td>\n<\/tr>\n<tr>\n<td><strong>Farbe<\/strong><\/td>\n<td>Schwarz<\/td>\n<\/tr>\n<tr>\n<td><strong>Stil\/Form<\/strong><\/td>\n<td>modern<\/td>\n<\/tr>\n<tr>\n<td><strong>T\u00fcrstil<\/strong><\/td>\n<td>Einzelklappbar, abschlie\u00dfbar<\/td>\n<\/tr>\n<tr>\n<td><strong>Wasserbest\u00e4ndigkeit<\/strong><\/td>\n<td>Wasserdicht<\/td>\n<\/tr>\n<tr>\n<td><strong>Erforderliche Montage<\/strong><\/td>\n<td>Ja<\/td>\n<\/tr>\n<tr>\n<td><strong>Material<\/strong><\/td>\n<td>Metall<\/td>\n<\/tr>\n<tr>\n<td><strong>Basismaterial<\/strong><\/td>\n<td>Metall<\/td>\n<\/tr>\n<tr>\n<td><strong>Materialart der Oberseite<\/strong><\/td>\n<td>Galvanisierter Stahl<\/td>\n<\/tr>\n<tr>\n<td><strong>Rahmenmaterial<\/strong><\/td>\n<td>Legierter Stahl<\/td>\n<\/tr>\n<tr>\n<td><strong>Marke<\/strong><\/td>\n<td>Amopatio<\/td>\n<\/tr>\n<tr>\n<td><strong>Hersteller<\/strong><\/td>\n<td>Amopatio<\/td>\n<\/tr>\n<tr>\n<td><strong>Artikelnummer<\/strong><\/td>\n<td>NBSS<\/td>\n<\/tr>\n<tr>\n<td><strong>Modellnummer<\/strong><\/td>\n<td>NBSS<\/td>\n<\/tr>\n<tr>\n<td><strong>Anzahl von Einheiten<\/strong><\/td>\n<td>1.0 st\u00fcck<\/td>\n<\/tr>\n<tr>\n<td><strong>Herkunftsland<\/strong><\/td>\n<td>China<\/td>\n<\/tr>\n<tr>\n<td><strong>Artikeltypbezeichnung<\/strong><\/td>\n<td>Ger\u00e4teh\u00e4user<\/td>\n<\/tr>\n<tr>\n<td><strong>Amazon Bestseller-Rang<\/strong><\/td>\n<td><\/td>\n<\/tr>\n<tr>\n<td><strong>ASIN<\/strong><\/td>\n<td>B0D14P245P<\/td>\n<\/tr>\n<tr>\n<td><strong>Durchschnittliche Kundenbewertung<\/strong><\/td>\n<td><\/td>\n<\/tr>\n<\/tbody>\n<\/table>\n<\/ul>","protected":false},"excerpt":{"rendered":"<p>Product Overview Marke: Amopatio Farbe: Schwarz Material: Metall Produktabmessungen: 1,09T x 2,28B x 1,83H m Artikelgewicht: 48 Kilogramm Product Features<\/p>","protected":false},"featured_media":31864,"comment_status":"open","ping_status":"closed","template":"","meta":[],"product_brand":[],"product_cat":[153],"product_tag":[],"class_list":{"0":"post-31718","1":"product","2":"type-product","3":"status-publish","4":"has-post-thumbnail","6":"product_cat-gartenhaeuser-geraeteschuppen","8":"first","9":"instock","10":"sale","11":"shipping-taxable","12":"purchasable","13":"product-type-variable"},"_links":{"self":[{"href":"https:\/\/furnura.shop\/en\/wp-json\/wp\/v2\/product\/31718","targetHints":{"allow":["GET"]}}],"collection":[{"href":"https:\/\/furnura.shop\/en\/wp-json\/wp\/v2\/product"}],"about":[{"href":"https:\/\/furnura.shop\/en\/wp-json\/wp\/v2\/types\/product"}],"replies":[{"embeddable":true,"href":"https:\/\/furnura.shop\/en\/wp-json\/wp\/v2\/comments?post=31718"}],"version-history":[{"count":0,"href":"https:\/\/furnura.shop\/en\/wp-json\/wp\/v2\/product\/31718\/revisions"}],"wp:featuredmedia":[{"embeddable":true,"href":"https:\/\/furnura.shop\/en\/wp-json\/wp\/v2\/media\/31864"}],"wp:attachment":[{"href":"https:\/\/furnura.shop\/en\/wp-json\/wp\/v2\/media?parent=31718"}],"wp:term":[{"taxonomy":"product_brand","embeddable":true,"href":"https:\/\/furnura.shop\/en\/wp-json\/wp\/v2\/product_brand?post=31718"},{"taxonomy":"product_cat","embeddable":true,"href":"https:\/\/furnura.shop\/en\/wp-json\/wp\/v2\/product_cat?post=31718"},{"taxonomy":"product_tag","embeddable":true,"href":"https:\/\/furnura.shop\/en\/wp-json\/wp\/v2\/product_tag?post=31718"}],"curies":[{"name":"wp","href":"https:\/\/api.w.org\/{rel}","templated":true}]}}