{"id":31725,"date":"2026-05-13T18:37:21","date_gmt":"2026-05-13T18:37:21","guid":{"rendered":"https:\/\/furnura.shop\/product\/athelon-gerateschuppen-gartenhaus-mit-doppelschiebeturen-metall-geratehaus-gartenschuppen-277-130-173-cm-geratehaus-fahrradgarage-aus-verzinktem-stahl-gerateschuppen-metall-xl\/"},"modified":"2026-05-13T18:37:22","modified_gmt":"2026-05-13T18:37:22","slug":"athelon-gerateschuppen-gartenhaus-mit-doppelschiebeturen-metall-geratehaus-gartenschuppen-277-130-173-cm-geratehaus-fahrradgarage-aus-verzinktem-stahl-gerateschuppen-metall-xl","status":"publish","type":"product","link":"https:\/\/furnura.shop\/en\/product\/athelon-gerateschuppen-gartenhaus-mit-doppelschiebeturen-metall-geratehaus-gartenschuppen-277-130-173-cm-geratehaus-fahrradgarage-aus-verzinktem-stahl-gerateschuppen-metall-xl\/","title":{"rendered":"Athelon Ger\u00e4tehaus Metall XL 277x130x173 cm Doppelschiebet\u00fcr Verzinkter Stahl Fahrradgarage Gartenschuppen"},"content":{"rendered":"<p><strong>Product Overview<\/strong><\/p>\n<ul>\n<li>\n<strong>Marke:<\/strong> ATHELON<\/li>\n<li>\n<strong>Farbe:<\/strong> Anthrazit<\/li>\n<li>\n<strong>Material:<\/strong> Metall<\/li>\n<li>\n<strong>Produktabmessungen:<\/strong> 1,3T x 2,77B x 1,73H m<\/li>\n<li>\n<strong>Basiswerkstoff:<\/strong> Metall<\/li>\n<\/ul>\n<p><strong>Product Features<\/strong><\/p>\n<ul>\n<li>Wetterfest &#038; langlebig \u2013 Der Gartenhaus ist aus verzinktem Stahl mit korrosionsbest\u00e4ndiger Beschichtung gefertigt. Damit ist das Ger\u00e4tehaus optimal gegen Regen, Schnee und UV-Strahlung gesch\u00fctzt.<\/li>\n<li>Sicher &#038; abschlie\u00dfbar \u2013 Die Ger\u00e4teschuppen T\u00fcren verf\u00fcgen \u00fcber eine Vorrichtung f\u00fcr ein Vorh\u00e4ngeschloss und bieten damit zuverl\u00e4ssig Schutz vor unbefugtem Zugriff. So lassen sich Werkzeuge, Fahrr\u00e4der oder Gartenger\u00e4te sicher aufbewahren.<\/li>\n<li>Breiter Zugang durch Doppelschiebet\u00fcren \u2013 Zwei weit \u00f6ffnende T\u00fcren erm\u00f6glichen einen einfachen Zugang, auch f\u00fcr sperrige Gegenst\u00e4nde. Damit eignet sich der Gartenschuppen hervorragend als Fahrradgarage oder Gartenschrank.<\/li>\n<li>Luftzirkulation gegen Feuchtigkeit \u2013 Integrierte L\u00fcftungsschlitze verbessern das Raumklima im Gartenschuppen, verhindern Kondenswasser und reduzieren muffige Ger\u00fcche.<\/li>\n<li>Schneller Aufbau &#038; stabiler Stand \u2013 Dank Fundamentrahmen und durchdachter Konstruktion ist der Aufbau des Ger\u00e4teschuppen-metall einfach und sicher. Somit steht das Gartenger\u00e4tehaus stabil auf ebenem Untergrund.<\/li>\n<\/ul>\n<p><strong>Product Information<\/strong><\/p>\n<ul>\n<table style=\"margin-bottom:20px\">\n<tbody>\n<tr>\n<td><strong>Artikel Abmessungen T x B x H<\/strong><\/td>\n<td>1,3T x 2,77B x 1,73H m<\/td>\n<\/tr>\n<tr>\n<td><strong>Marke<\/strong><\/td>\n<td>ATHELON<\/td>\n<\/tr>\n<tr>\n<td><strong>Hersteller<\/strong><\/td>\n<td>ATHELON<\/td>\n<\/tr>\n<tr>\n<td><strong>Artikelnummer<\/strong><\/td>\n<td>AT-GH-3.6<\/td>\n<\/tr>\n<tr>\n<td><strong>Modellnummer<\/strong><\/td>\n<td>AT-GH-3.6<\/td>\n<\/tr>\n<tr>\n<td><strong>Herkunftsland<\/strong><\/td>\n<td>China<\/td>\n<\/tr>\n<tr>\n<td><strong>Amazon Bestseller-Rang<\/strong><\/td>\n<td><\/td>\n<\/tr>\n<tr>\n<td><strong>ASIN<\/strong><\/td>\n<td>B0FFBN9T3R<\/td>\n<\/tr>\n<tr>\n<td><strong>Durchschnittliche Kundenbewertung<\/strong><\/td>\n<td><\/td>\n<\/tr>\n<tr>\n<td><strong>Material<\/strong><\/td>\n<td>Metall<\/td>\n<\/tr>\n<tr>\n<td><strong>Basismaterial<\/strong><\/td>\n<td>Metall<\/td>\n<\/tr>\n<tr>\n<td><strong>Materialart der Oberseite<\/strong><\/td>\n<td>Metall<\/td>\n<\/tr>\n<tr>\n<td><strong>Rahmenmaterial<\/strong><\/td>\n<td>verzinkter Stahl<\/td>\n<\/tr>\n<tr>\n<td><strong>Farbe<\/strong><\/td>\n<td>Anthrazit<\/td>\n<\/tr>\n<tr>\n<td><strong>T\u00fcrstil<\/strong><\/td>\n<td>Schiebet\u00fcren<\/td>\n<\/tr>\n<tr>\n<td><strong>Wasserbest\u00e4ndigkeit<\/strong><\/td>\n<td>Wasserdicht<\/td>\n<\/tr>\n<tr>\n<td><strong>Erforderliche Montage<\/strong><\/td>\n<td>Ja<\/td>\n<\/tr>\n<\/tbody>\n<\/table>\n<\/ul>","protected":false},"excerpt":{"rendered":"<p>Product Overview Marke: ATHELON Farbe: Anthrazit Material: Metall Produktabmessungen: 1,3T x 2,77B x 1,73H m Basiswerkstoff: Metall Product Features Wetterfest<\/p>","protected":false},"featured_media":31879,"comment_status":"open","ping_status":"closed","template":"","meta":[],"product_brand":[],"product_cat":[153],"product_tag":[],"class_list":{"0":"post-31725","1":"product","2":"type-product","3":"status-publish","4":"has-post-thumbnail","6":"product_cat-gartenhaeuser-geraeteschuppen","8":"first","9":"instock","10":"sale","11":"shipping-taxable","12":"purchasable","13":"product-type-variable"},"_links":{"self":[{"href":"https:\/\/furnura.shop\/en\/wp-json\/wp\/v2\/product\/31725","targetHints":{"allow":["GET"]}}],"collection":[{"href":"https:\/\/furnura.shop\/en\/wp-json\/wp\/v2\/product"}],"about":[{"href":"https:\/\/furnura.shop\/en\/wp-json\/wp\/v2\/types\/product"}],"replies":[{"embeddable":true,"href":"https:\/\/furnura.shop\/en\/wp-json\/wp\/v2\/comments?post=31725"}],"version-history":[{"count":0,"href":"https:\/\/furnura.shop\/en\/wp-json\/wp\/v2\/product\/31725\/revisions"}],"wp:featuredmedia":[{"embeddable":true,"href":"https:\/\/furnura.shop\/en\/wp-json\/wp\/v2\/media\/31879"}],"wp:attachment":[{"href":"https:\/\/furnura.shop\/en\/wp-json\/wp\/v2\/media?parent=31725"}],"wp:term":[{"taxonomy":"product_brand","embeddable":true,"href":"https:\/\/furnura.shop\/en\/wp-json\/wp\/v2\/product_brand?post=31725"},{"taxonomy":"product_cat","embeddable":true,"href":"https:\/\/furnura.shop\/en\/wp-json\/wp\/v2\/product_cat?post=31725"},{"taxonomy":"product_tag","embeddable":true,"href":"https:\/\/furnura.shop\/en\/wp-json\/wp\/v2\/product_tag?post=31725"}],"curies":[{"name":"wp","href":"https:\/\/api.w.org\/{rel}","templated":true}]}}