{"id":31729,"date":"2026-05-13T18:37:21","date_gmt":"2026-05-13T18:37:21","guid":{"rendered":"https:\/\/furnura.shop\/product\/costway-geratehaus-metall-277x191x202-cm-gerateschuppen-abschliessbar-gartenhaus-mit-4-luftschlitzen-schiebetur-garten-schuppen-fur-rasenmaher-fahrrader-metallschuppen-outdoor\/"},"modified":"2026-05-13T18:37:22","modified_gmt":"2026-05-13T18:37:22","slug":"costway-geratehaus-metall-277x191x202-cm-gerateschuppen-abschliessbar-gartenhaus-mit-4-luftschlitzen-schiebetur-garten-schuppen-fur-rasenmaher-fahrrader-metallschuppen-outdoor","status":"publish","type":"product","link":"https:\/\/furnura.shop\/en\/product\/costway-geratehaus-metall-277x191x202-cm-gerateschuppen-abschliessbar-gartenhaus-mit-4-luftschlitzen-schiebetur-garten-schuppen-fur-rasenmaher-fahrrader-metallschuppen-outdoor\/","title":{"rendered":"Costway Ger\u00e4tehaus Metall 277x191x202 cm Abschlie\u00dfbar Schiebet\u00fcr 4 Luftschlitze Rasenm\u00e4her Fahrr\u00e4der"},"content":{"rendered":"<p><strong>Product Overview<\/strong><\/p>\n<ul>\n<li>\n<strong>Marke:<\/strong> COSTWAY<\/li>\n<li>\n<strong>Farbe:<\/strong> Grau<\/li>\n<li>\n<strong>Material:<\/strong> Metall<\/li>\n<li>\n<strong>Produktabmessungen:<\/strong> 1,17T x 2,03B x 1,95H m<\/li>\n<li>\n<strong>Artikelgewicht:<\/strong> 53,5 Kilogramm<\/li>\n<\/ul>\n<p><strong>Product Features<\/strong><\/p>\n<ul>\n<li>&#x1f3e1;\u3010Ger\u00e4teschuppen mit gro\u00dfem Innenraum\u3011 Dieser Schuppen bietet Ihnen 5,29 \u33a1 an Bodenfl\u00e4che f\u00fcr Gartenger\u00e4te, Rasenm\u00e4her oder Fahrr\u00e4der. Die Schiebet\u00fcren lassen sich einfach \u00f6ffnen und sind sogar zur Sicherheit abschlie\u00dfbar, wodurch weder unbefugte Personen, noch Tiere, hineingelangen k\u00f6nnen.<\/li>\n<li>&#x1f3e1;\u3010Besonders praktisches Design\u3011 Durch die vier Schlitze ist die Bel\u00fcftung gew\u00e4hrleistet, dadurch bilden sich weder Ger\u00fcche, noch Feuchtigkeit. Au\u00dferdem flie\u00dft Regenwasser durch das schr\u00e4ge Dach sofort ab. Daher ist der Schuppen wetterfest.<\/li>\n<li>&#x1f3e1;\u3010Premium Material f\u00fcr Haltbarkeit\u3011 Dieser Schuppen durch den pulverbeschichteten Stahl sehr robust. Er kann dadurch in allen Wetterlagen in Au\u00dfenbereichen verwendet werden. Mit Metallheringen kann er fest am Boden fixiert werden. Wichtig: Windwiderstand 18 m\/s.<\/li>\n<li>&#x1f3e1;\u3010Multifunktionale Nutzbarkeit\u3011 Dieser Schuppen kann auch gesch\u00fctzter Bereich f\u00fcr Tiere verwendet werden. Nat\u00fcrlich k\u00f6nnen Sie ihn auch f\u00fcr die Aufbewahrung von M\u00fcll verwenden. Durch das simple und praktische Design eignet er sich f\u00fcr verschiedenste Umgebungen.<\/li>\n<li>&#x1f3e1;\u3010Verpackungsinformationen &#038; Montage\u3011 Das Produkt wird in 2\/3 separaten Paketen geliefert, eventuell nicht gleichzeitig. Jedoch liegen das ben\u00f6tigte Zubeh\u00f6r sowie eine Anleitung bei. Falls Teile besch\u00e4digt oder fehlen sollten, kontaktieren Sie uns bitte.<\/li>\n<\/ul>\n<p><strong>Product Information<\/strong><\/p>\n<ul>\n<table style=\"margin-bottom:20px\">\n<tbody>\n<tr>\n<td><strong>Artikel Abmessungen T x B x H<\/strong><\/td>\n<td>1,17T x 2,03B x 1,95H m<\/td>\n<\/tr>\n<tr>\n<td><strong>Artikelgewicht<\/strong><\/td>\n<td>53,5 Kilogramm<\/td>\n<\/tr>\n<tr>\n<td><strong>Bodenbereich<\/strong><\/td>\n<td>47,6 Quadratfu\u00df<\/td>\n<\/tr>\n<tr>\n<td><strong>T\u00fcrbreite<\/strong><\/td>\n<td>203 Zentimeter<\/td>\n<\/tr>\n<tr>\n<td><strong>T\u00fcrh\u00f6he<\/strong><\/td>\n<td>195 Zentimeter<\/td>\n<\/tr>\n<tr>\n<td><strong>Kammertiefe<\/strong><\/td>\n<td>202 Zentimeter<\/td>\n<\/tr>\n<tr>\n<td><strong>Farbe<\/strong><\/td>\n<td>Grau<\/td>\n<\/tr>\n<tr>\n<td><strong>Stil\/Form<\/strong><\/td>\n<td>Praktisches<\/td>\n<\/tr>\n<tr>\n<td><strong>T\u00fcrstil<\/strong><\/td>\n<td>Schiebet\u00fcren<\/td>\n<\/tr>\n<tr>\n<td><strong>Wasserbest\u00e4ndigkeit<\/strong><\/td>\n<td>Wasserfest<\/td>\n<\/tr>\n<tr>\n<td><strong>Erforderliche Montage<\/strong><\/td>\n<td>Ja<\/td>\n<\/tr>\n<tr>\n<td><strong>Material<\/strong><\/td>\n<td>Metall<\/td>\n<\/tr>\n<tr>\n<td><strong>Basismaterial<\/strong><\/td>\n<td>Stahl lackiert<\/td>\n<\/tr>\n<tr>\n<td><strong>Materialart der Oberseite<\/strong><\/td>\n<td>[&#8218;painted steel&#8216;]<\/td>\n<\/tr>\n<tr>\n<td><strong>Rahmenmaterial<\/strong><\/td>\n<td>Legierter Stahl<\/td>\n<\/tr>\n<tr>\n<td><strong>Marke<\/strong><\/td>\n<td>COSTWAY<\/td>\n<\/tr>\n<tr>\n<td><strong>Hersteller<\/strong><\/td>\n<td>COSTWAY<\/td>\n<\/tr>\n<tr>\n<td><strong>Anzahl von Einheiten<\/strong><\/td>\n<td>1.0 st\u00fcck<\/td>\n<\/tr>\n<tr>\n<td><strong>Herkunftsland<\/strong><\/td>\n<td>China<\/td>\n<\/tr>\n<tr>\n<td><strong>Amazon Bestseller-Rang<\/strong><\/td>\n<td><\/td>\n<\/tr>\n<tr>\n<td><strong>ASIN<\/strong><\/td>\n<td>B09WKB8QY2<\/td>\n<\/tr>\n<tr>\n<td><strong>Durchschnittliche Kundenbewertung<\/strong><\/td>\n<td><\/td>\n<\/tr>\n<\/tbody>\n<\/table>\n<\/ul>\n","protected":false},"excerpt":{"rendered":"<p>Product Overview Marke: COSTWAY Farbe: Grau Material: Metall Produktabmessungen: 1,17T x 2,03B x 1,95H m Artikelgewicht: 53,5 Kilogramm Product Features<\/p>","protected":false},"featured_media":31888,"comment_status":"open","ping_status":"closed","template":"","meta":[],"product_brand":[],"product_cat":[153],"product_tag":[],"class_list":{"0":"post-31729","1":"product","2":"type-product","3":"status-publish","4":"has-post-thumbnail","6":"product_cat-gartenhaeuser-geraeteschuppen","8":"first","9":"instock","10":"sale","11":"shipping-taxable","12":"purchasable","13":"product-type-variable"},"_links":{"self":[{"href":"https:\/\/furnura.shop\/en\/wp-json\/wp\/v2\/product\/31729","targetHints":{"allow":["GET"]}}],"collection":[{"href":"https:\/\/furnura.shop\/en\/wp-json\/wp\/v2\/product"}],"about":[{"href":"https:\/\/furnura.shop\/en\/wp-json\/wp\/v2\/types\/product"}],"replies":[{"embeddable":true,"href":"https:\/\/furnura.shop\/en\/wp-json\/wp\/v2\/comments?post=31729"}],"version-history":[{"count":0,"href":"https:\/\/furnura.shop\/en\/wp-json\/wp\/v2\/product\/31729\/revisions"}],"wp:featuredmedia":[{"embeddable":true,"href":"https:\/\/furnura.shop\/en\/wp-json\/wp\/v2\/media\/31888"}],"wp:attachment":[{"href":"https:\/\/furnura.shop\/en\/wp-json\/wp\/v2\/media?parent=31729"}],"wp:term":[{"taxonomy":"product_brand","embeddable":true,"href":"https:\/\/furnura.shop\/en\/wp-json\/wp\/v2\/product_brand?post=31729"},{"taxonomy":"product_cat","embeddable":true,"href":"https:\/\/furnura.shop\/en\/wp-json\/wp\/v2\/product_cat?post=31729"},{"taxonomy":"product_tag","embeddable":true,"href":"https:\/\/furnura.shop\/en\/wp-json\/wp\/v2\/product_tag?post=31729"}],"curies":[{"name":"wp","href":"https:\/\/api.w.org\/{rel}","templated":true}]}}