{"id":31741,"date":"2026-05-13T18:37:23","date_gmt":"2026-05-13T18:37:23","guid":{"rendered":"https:\/\/furnura.shop\/product\/devoko-metall-gerateschuppen-183x109x182cm-mit-fundament-anthrazit\/"},"modified":"2026-05-13T18:37:23","modified_gmt":"2026-05-13T18:37:23","slug":"devoko-metall-gerateschuppen-183x109x182cm-mit-fundament-anthrazit","status":"publish","type":"product","link":"https:\/\/furnura.shop\/en\/product\/devoko-metall-gerateschuppen-183x109x182cm-mit-fundament-anthrazit\/","title":{"rendered":"Devoko Ger\u00e4tehaus Metall 183x109x182 cm Mit Fundament Anthrazit"},"content":{"rendered":"<div id=\"productDescription\" class=\"a-section a-spacing-small\">       <!-- show up to 2 reviews by default --><\/p>\n<h3>    <span>Produktbeschreibungen<\/span>   <\/h3>\n<\/p>\n<p><span>Dieser Ger\u00e4teschuppen bietet mit 182x109x183 cm (3,6 m\u00b3) flexiblen Stauraum f\u00fcr Fahrr\u00e4der, M\u00e4hroboter, Gartenm\u00f6bel und mehr. Die durchdachte Gr\u00f6\u00dfe erm\u00f6glicht eine gute Organisation Ihrer Gartenger\u00e4te. <\/span><\/p>\n<p><span>Auf einem verzinkten Stahlfundament und Rahmen steht das Gartenhaus stabil und langlebig. Das Fundament gleicht kleine Bodenunebenheiten aus und kann optional mit Bodenplatten oder Beton verankert werden. <\/span><\/p>\n<p><span>Das optimierte Pultdach leitet Regenwasser zuverl\u00e4ssig ab, w\u00e4hrend die witterungsbest\u00e4ndige Metallkonstruktion auch winterlichen Schneelasten standh\u00e4lt. <\/span><\/p>\n<h3>    <span>Warnhinweise<\/span>   <\/h3>\n<p>    <span>Achtung: Bei der Montage dieses Ger\u00e4teschuppens ist die Hilfe einer zweiten Person erforderlich. Bitte beachten Sie die Anweisungen in der Anleitung sorgf\u00e4ltig und f\u00fchren Sie die Montage nur unter Einhaltung der notwendigen Sicherheitsvorkehrungen durch.<\/span>    <\/p>\n<\/p><\/div>\n<p><strong>Product Overview<\/strong><\/p>\n<ul>\n<li>\n<strong>Marke:<\/strong> Devoko<\/li>\n<li>\n<strong>Farbe:<\/strong> Anthrazit<\/li>\n<li>\n<strong>Material:<\/strong> Metall<\/li>\n<li>\n<strong>Produktabmessungen:<\/strong> 109T x 183B x 182H cm<\/li>\n<li>\n<strong>Artikelgewicht:<\/strong> 40 Kilogramm<\/li>\n<\/ul>\n<p><strong>Product Features<\/strong><\/p>\n<ul>\n<li>Ger\u00e4umiges Fassungsverm\u00f6gen &#038; vielseitige Nutzung: Mit den Ma\u00dfen 182x109x183cm und einem Volumen von 3,6 m\u00b3 bietet dieser Ger\u00e4teschuppen flexiblen Stauraum f\u00fcr nahezu alles: Fahrrad, M\u00e4hroboter, Kugelgrill, gro\u00dfen Blument\u00f6pfen usw.<\/li>\n<li>Stabiles Gesamtsystem-Verzinktes Stahlfundament &#038; Rahmen: Fundament und Rahmen aus robustem, verzinktem Stahl bilden eine dauerhaft standfeste Einheit. Das Fundament gleicht Bodenunebenheiten aus und erm\u00f6glicht optional den Einbau von Bodenplatten oder Betonverankerung.<\/li>\n<\/ul>\n<p><strong>Product Information<\/strong><\/p>\n<ul>\n<table style=\"margin-bottom:20px\">\n<tbody>\n<tr>\n<td><strong>Artikel Abmessungen T x B x H<\/strong><\/td>\n<td>109T x 183B x 182H cm<\/td>\n<\/tr>\n<tr>\n<td><strong>Artikelgewicht<\/strong><\/td>\n<td>40 Kilogramm<\/td>\n<\/tr>\n<tr>\n<td><strong>Marke<\/strong><\/td>\n<td>Devoko<\/td>\n<\/tr>\n<tr>\n<td><strong>Hersteller<\/strong><\/td>\n<td>Devoko<\/td>\n<\/tr>\n<tr>\n<td><strong>Artikelnummer<\/strong><\/td>\n<td>bel\u00fcftungsgitter<\/td>\n<\/tr>\n<tr>\n<td><strong>Modellnummer<\/strong><\/td>\n<td>MWD-1031-64-BK<\/td>\n<\/tr>\n<tr>\n<td><strong>Herkunftsland<\/strong><\/td>\n<td>China<\/td>\n<\/tr>\n<tr>\n<td><strong>Amazon Bestseller-Rang<\/strong><\/td>\n<td><\/td>\n<\/tr>\n<tr>\n<td><strong>ASIN<\/strong><\/td>\n<td>B0G3WJK11T<\/td>\n<\/tr>\n<tr>\n<td><strong>Durchschnittliche Kundenbewertung<\/strong><\/td>\n<td><\/td>\n<\/tr>\n<tr>\n<td><strong>Material<\/strong><\/td>\n<td>Metall<\/td>\n<\/tr>\n<tr>\n<td><strong>Basismaterial<\/strong><\/td>\n<td>Metall<\/td>\n<\/tr>\n<tr>\n<td><strong>Materialart der Oberseite<\/strong><\/td>\n<td>Metall<\/td>\n<\/tr>\n<tr>\n<td><strong>Rahmenmaterial<\/strong><\/td>\n<td>Metall<\/td>\n<\/tr>\n<tr>\n<td><strong>Farbe<\/strong><\/td>\n<td>Anthrazit<\/td>\n<\/tr>\n<tr>\n<td><strong>Stil\/Form<\/strong><\/td>\n<td>industriell, sachlich, modern, robust, schlicht<\/td>\n<\/tr>\n<tr>\n<td><strong>T\u00fcrstil<\/strong><\/td>\n<td>Schiebet\u00fcren<\/td>\n<\/tr>\n<tr>\n<td><strong>Wasserbest\u00e4ndigkeit<\/strong><\/td>\n<td>Wasserdicht<\/td>\n<\/tr>\n<tr>\n<td><strong>Erforderliche Montage<\/strong><\/td>\n<td>Ja<\/td>\n<\/tr>\n<\/tbody>\n<\/table>\n<\/ul>","protected":false},"excerpt":{"rendered":"<p>Produktbeschreibungen Dieser Ger\u00e4teschuppen bietet mit 182x109x183 cm (3,6 m\u00b3) flexiblen Stauraum f\u00fcr Fahrr\u00e4der, M\u00e4hroboter, Gartenm\u00f6bel und mehr. Die durchdachte Gr\u00f6\u00dfe<\/p>","protected":false},"featured_media":31906,"comment_status":"open","ping_status":"closed","template":"","meta":[],"product_brand":[],"product_cat":[153],"product_tag":[],"class_list":{"0":"post-31741","1":"product","2":"type-product","3":"status-publish","4":"has-post-thumbnail","6":"product_cat-gartenhaeuser-geraeteschuppen","8":"first","9":"instock","10":"sale","11":"shipping-taxable","12":"purchasable","13":"product-type-simple"},"_links":{"self":[{"href":"https:\/\/furnura.shop\/en\/wp-json\/wp\/v2\/product\/31741","targetHints":{"allow":["GET"]}}],"collection":[{"href":"https:\/\/furnura.shop\/en\/wp-json\/wp\/v2\/product"}],"about":[{"href":"https:\/\/furnura.shop\/en\/wp-json\/wp\/v2\/types\/product"}],"replies":[{"embeddable":true,"href":"https:\/\/furnura.shop\/en\/wp-json\/wp\/v2\/comments?post=31741"}],"version-history":[{"count":0,"href":"https:\/\/furnura.shop\/en\/wp-json\/wp\/v2\/product\/31741\/revisions"}],"wp:featuredmedia":[{"embeddable":true,"href":"https:\/\/furnura.shop\/en\/wp-json\/wp\/v2\/media\/31906"}],"wp:attachment":[{"href":"https:\/\/furnura.shop\/en\/wp-json\/wp\/v2\/media?parent=31741"}],"wp:term":[{"taxonomy":"product_brand","embeddable":true,"href":"https:\/\/furnura.shop\/en\/wp-json\/wp\/v2\/product_brand?post=31741"},{"taxonomy":"product_cat","embeddable":true,"href":"https:\/\/furnura.shop\/en\/wp-json\/wp\/v2\/product_cat?post=31741"},{"taxonomy":"product_tag","embeddable":true,"href":"https:\/\/furnura.shop\/en\/wp-json\/wp\/v2\/product_tag?post=31741"}],"curies":[{"name":"wp","href":"https:\/\/api.w.org\/{rel}","templated":true}]}}