{"id":31742,"date":"2026-05-13T18:37:23","date_gmt":"2026-05-13T18:37:23","guid":{"rendered":"https:\/\/furnura.shop\/product\/dwvo-grosses-metall-geratehaus-3x2-4-m-stabiler-werkzeugschuppen-fur-garten-terrasse-hof-ideal-fur-fahrrader-gartengerate-rasenmaher-wetterfest-abschliessbar-braun\/"},"modified":"2026-05-13T18:37:25","modified_gmt":"2026-05-13T18:37:25","slug":"dwvo-grosses-metall-geratehaus-3x2-4-m-stabiler-werkzeugschuppen-fur-garten-terrasse-hof-ideal-fur-fahrrader-gartengerate-rasenmaher-wetterfest-abschliessbar-braun","status":"publish","type":"product","link":"https:\/\/furnura.shop\/en\/product\/dwvo-grosses-metall-geratehaus-3x2-4-m-stabiler-werkzeugschuppen-fur-garten-terrasse-hof-ideal-fur-fahrrader-gartengerate-rasenmaher-wetterfest-abschliessbar-braun\/","title":{"rendered":"Dwvo Ger\u00e4tehaus Metall 3&#215;2,4 m Abschlie\u00dfbar Wetterfest Fahrr\u00e4der Gartenger\u00e4te Rasenm\u00e4her Braun"},"content":{"rendered":"<p><strong>Product Overview<\/strong><\/p>\n<ul>\n<li>\n<strong>Marke:<\/strong> DWVO<\/li>\n<li>\n<strong>Farbe:<\/strong> Braun<\/li>\n<li>\n<strong>Material:<\/strong> Metall<\/li>\n<li>\n<strong>Produktabmessungen:<\/strong> 2,79T x 2,25B x 1,94H m<\/li>\n<li>\n<strong>Artikelgewicht:<\/strong> 39,95 Kilogramm<\/li>\n<\/ul>\n<p><strong>Product Features<\/strong><\/p>\n<ul>\n<li>Durchdachtes Bel\u00fcftungs- &#038; wasserdichtes Design: Unser Fahrrad-Ger\u00e4tehaus ist intelligent mit Bel\u00fcftungs\u00f6ffnungen und einem Schr\u00e4gdach konzipiert. Diese Merkmale reduzieren effektiv die Luftfeuchtigkeit im Inneren und f\u00f6rdern die Luftzirkulation, wodurch die Bildung von Wasser und Feuchtigkeit verhindert wird, die Ihre Ausr\u00fcstung besch\u00e4digen k\u00f6nnten<\/li>\n<li>Robuste feuerverzinkte Stahlkonstruktion: Das R\u00fcckgrat dieses Gartenschuppens bildet hochwertiger, feuerverzinkter Stahl, verst\u00e4rkt mit 0,25 mm dicken Paneelen. Diese Kombination bietet zuverl\u00e4ssigen Schutz vor Korrosion, N\u00e4sse und Wind und macht ihn zu einer langlebigen Wahl, die den Strapazen des Au\u00dfenbereichs \u00fcber Jahre standh\u00e4lt<\/li>\n<li>Gro\u00dfz\u00fcgiger Innenraum f\u00fcr vielseitige Nutzung: Der ger\u00e4umige Werkzeugschuppen bietet mit den Ma\u00dfen 295 cm (L) x 238 cm (B) x 190 cm (H) reichlich Platz f\u00fcr verschiedene Gartenger\u00e4te und Utensilien. Er kann problemlos auch gr\u00f6\u00dfere Gegenst\u00e4nde wie Fahrr\u00e4der und Rasenm\u00e4her aufnehmen, was seine Funktionalit\u00e4t und Anpassungsf\u00e4higkeit an Ihre Aufbewahrungsbed\u00fcrfnisse erweitert<\/li>\n<li>Sicher &#038; leicht zug\u00e4nglich: Dieses Metall Ger\u00e4tehaus wurde mit Blick auf Sicherheit entwickelt und verf\u00fcgt \u00fcber abschlie\u00dfbare T\u00fcren. So k\u00f6nnen Sie Ihre eigenen Vorh\u00e4ngeschl\u00f6sser verwenden, um Diebstahl und unbefugten Zugriff zu verhindern. Die doppelten Schiebet\u00fcren erh\u00f6hen die Zug\u00e4nglichkeit und erleichtern das Ein- und Ausr\u00e4umen von Gegenst\u00e4nden erheblich<\/li>\n<li>Einfache Montage durch modulares Konzept: Unser Gartenschuppen basiert auf einem modularen Konzept, das den Aufbau vereinfacht. Komplizierte Montageschritte entfallen; stattdessen erhalten Sie eine klare Aufbauanleitung. So k\u00f6nnen Sie Ihren Fahrradschuppen oder sogar eine M\u00fclltonnenbox m\u00fchelos und schnell selbst errichten<\/li>\n<\/ul>\n<p><strong>Product Information<\/strong><\/p>\n<ul>\n<table style=\"margin-bottom:20px\">\n<tbody>\n<tr>\n<td><strong>Artikel Abmessungen T x B x H<\/strong><\/td>\n<td>2,79T x 2,25B x 1,94H m<\/td>\n<\/tr>\n<tr>\n<td><strong>Artikelgewicht<\/strong><\/td>\n<td>39,95 Kilogramm<\/td>\n<\/tr>\n<tr>\n<td><strong>Bodenbereich<\/strong><\/td>\n<td>7,43 quadratmeter<\/td>\n<\/tr>\n<tr>\n<td><strong>T\u00fcrbreite<\/strong><\/td>\n<td>117 Zentimeter<\/td>\n<\/tr>\n<tr>\n<td><strong>T\u00fcrh\u00f6he<\/strong><\/td>\n<td>156 Zentimeter<\/td>\n<\/tr>\n<tr>\n<td><strong>Farbe<\/strong><\/td>\n<td>Braun<\/td>\n<\/tr>\n<tr>\n<td><strong>Stil\/Form<\/strong><\/td>\n<td>Modern<\/td>\n<\/tr>\n<tr>\n<td><strong>T\u00fcrstil<\/strong><\/td>\n<td>Zweifach T\u00fcr<\/td>\n<\/tr>\n<tr>\n<td><strong>Wasserbest\u00e4ndigkeit<\/strong><\/td>\n<td>Wasserdicht<\/td>\n<\/tr>\n<tr>\n<td><strong>Erforderliche Montage<\/strong><\/td>\n<td>Ja<\/td>\n<\/tr>\n<tr>\n<td><strong>Material<\/strong><\/td>\n<td>Metall<\/td>\n<\/tr>\n<tr>\n<td><strong>Basismaterial<\/strong><\/td>\n<td>Metall<\/td>\n<\/tr>\n<tr>\n<td><strong>Materialart der Oberseite<\/strong><\/td>\n<td>Metall<\/td>\n<\/tr>\n<tr>\n<td><strong>Rahmenmaterial<\/strong><\/td>\n<td>feuerverzinkter Stahl<\/td>\n<\/tr>\n<tr>\n<td><strong>Marke<\/strong><\/td>\n<td>DWVO<\/td>\n<\/tr>\n<tr>\n<td><strong>Hersteller<\/strong><\/td>\n<td>DWVO<\/td>\n<\/tr>\n<tr>\n<td><strong>UPC<\/strong><\/td>\n<td>199449037743<\/td>\n<\/tr>\n<tr>\n<td><strong>Artikelnummer<\/strong><\/td>\n<td>AEDWVyFMn7<\/td>\n<\/tr>\n<tr>\n<td><strong>Modellnummer<\/strong><\/td>\n<td>AEDWVyFMn7<\/td>\n<\/tr>\n<tr>\n<td><strong>Anzahl von Einheiten<\/strong><\/td>\n<td>1.0 st\u00fcck<\/td>\n<\/tr>\n<tr>\n<td><strong>Herkunftsland<\/strong><\/td>\n<td>China<\/td>\n<\/tr>\n<tr>\n<td><strong>Artikeltypbezeichnung<\/strong><\/td>\n<td>Gartenhaus<\/td>\n<\/tr>\n<tr>\n<td><strong>Amazon Bestseller-Rang<\/strong><\/td>\n<td><\/td>\n<\/tr>\n<tr>\n<td><strong>ASIN<\/strong><\/td>\n<td>B0GSFMMZJ5<\/td>\n<\/tr>\n<tr>\n<td><strong>Durchschnittliche Kundenbewertung<\/strong><\/td>\n<td><\/td>\n<\/tr>\n<\/tbody>\n<\/table>\n<\/ul>","protected":false},"excerpt":{"rendered":"<p>Product Overview Marke: DWVO Farbe: Braun Material: Metall Produktabmessungen: 2,79T x 2,25B x 1,94H m Artikelgewicht: 39,95 Kilogramm Product Features<\/p>","protected":false},"featured_media":31910,"comment_status":"open","ping_status":"closed","template":"","meta":[],"product_brand":[],"product_cat":[153],"product_tag":[],"class_list":{"0":"post-31742","1":"product","2":"type-product","3":"status-publish","4":"has-post-thumbnail","6":"product_cat-gartenhaeuser-geraeteschuppen","8":"first","9":"instock","10":"sale","11":"shipping-taxable","12":"purchasable","13":"product-type-variable"},"_links":{"self":[{"href":"https:\/\/furnura.shop\/en\/wp-json\/wp\/v2\/product\/31742","targetHints":{"allow":["GET"]}}],"collection":[{"href":"https:\/\/furnura.shop\/en\/wp-json\/wp\/v2\/product"}],"about":[{"href":"https:\/\/furnura.shop\/en\/wp-json\/wp\/v2\/types\/product"}],"replies":[{"embeddable":true,"href":"https:\/\/furnura.shop\/en\/wp-json\/wp\/v2\/comments?post=31742"}],"version-history":[{"count":0,"href":"https:\/\/furnura.shop\/en\/wp-json\/wp\/v2\/product\/31742\/revisions"}],"wp:featuredmedia":[{"embeddable":true,"href":"https:\/\/furnura.shop\/en\/wp-json\/wp\/v2\/media\/31910"}],"wp:attachment":[{"href":"https:\/\/furnura.shop\/en\/wp-json\/wp\/v2\/media?parent=31742"}],"wp:term":[{"taxonomy":"product_brand","embeddable":true,"href":"https:\/\/furnura.shop\/en\/wp-json\/wp\/v2\/product_brand?post=31742"},{"taxonomy":"product_cat","embeddable":true,"href":"https:\/\/furnura.shop\/en\/wp-json\/wp\/v2\/product_cat?post=31742"},{"taxonomy":"product_tag","embeddable":true,"href":"https:\/\/furnura.shop\/en\/wp-json\/wp\/v2\/product_tag?post=31742"}],"curies":[{"name":"wp","href":"https:\/\/api.w.org\/{rel}","templated":true}]}}