{"id":31745,"date":"2026-05-13T18:37:24","date_gmt":"2026-05-13T18:37:24","guid":{"rendered":"https:\/\/furnura.shop\/product\/gardebruk-xxl-metall-geratehaus-5m-mit-fundament-257x205x178cm-schiebetur-anthrazit-gerateschuppen-gartenhaus-9m\/"},"modified":"2026-05-13T18:37:25","modified_gmt":"2026-05-13T18:37:25","slug":"gardebruk-xxl-metall-geratehaus-5m-mit-fundament-257x205x178cm-schiebetur-anthrazit-gerateschuppen-gartenhaus-9m","status":"publish","type":"product","link":"https:\/\/furnura.shop\/en\/product\/gardebruk-xxl-metall-geratehaus-5m-mit-fundament-257x205x178cm-schiebetur-anthrazit-gerateschuppen-gartenhaus-9m\/","title":{"rendered":"Gardebruk Ger\u00e4tehaus Metall XXL 5m\u00b2 257x205x178 cm 9m\u00b3 Schiebet\u00fcr Fundament Anthrazit"},"content":{"rendered":"<p><strong>Product Overview<\/strong><\/p>\n<ul>\n<li>\n<strong>Marke:<\/strong> Gardebruk<\/li>\n<li>\n<strong>Farbe:<\/strong> Anthrazit<\/li>\n<li>\n<strong>Material:<\/strong> Metall<\/li>\n<li>\n<strong>Produktabmessungen:<\/strong> 122T x 196B x 180H cm<\/li>\n<li>\n<strong>Artikelgewicht:<\/strong> 15 Kilogramm<\/li>\n<\/ul>\n<p><strong>Product Features<\/strong><\/p>\n<ul>\n<li>METALL GER\u00c4TEHAUS: Dieses hochwertige GARDEBRUK Ger\u00e4tehaus mit Satteldach ist ideal f\u00fcr jeden, der alle seine Gartenutensilien und -ger\u00e4te an einem Ort sicher und trocken lagern m\u00f6chte. So hast du alles immer griffbereit und in einem guten, gepflegten Zustand.<\/li>\n<li>SCHAFFT ORDNUNG &#038; STRUKTUR: Die gro\u00dfz\u00fcgigen Ma\u00dfe des Ger\u00e4teschuppens von 257x205x178 cm bieten viel Stauraum f\u00fcr deinen Rasenm\u00e4her, Blument\u00f6pfe oder Heckenschere. An den zus\u00e4tzlichen 4 Haken kannst du bequem deine Gartenger\u00e4te bis zu 15 KG aufh\u00e4ngen.<\/li>\n<li>WETTERFEST: In dem wetterfesten Ger\u00e4teschuppen aus Metall bleiben deine Gartenwerkzeuge vor Witterung und Schmutz gesch\u00fctzt. Die 2-geteilte Schiebet\u00fcr garantiert einen leichten Zugang zum Ger\u00e4tehaus. Durch die 96 cm breiten \u00d6ffnung bekommst du auch sperrigere Gegenst\u00e4nde einfach durch die T\u00fcr.<\/li>\n<li>GUTE DURCHL\u00dcFTUNG: Die Bel\u00fcftungs\u00f6ffnungen im Firstbereich vorne und hinten sorgen f\u00fcr eine permanente Luftzirkulation und damit f\u00fcr eine ideale Durchl\u00fcftung. So werden Schimmel, Kondenswasser und schlechte Ger\u00fcche optimal verhindert.<\/li>\n<li>STANDFEST: Das mitgelieferte Fundament aus Metall bietet Stabilit\u00e4t und einen sicheren Stand und erm\u00f6glicht die Installation eines zus\u00e4tzlichen Fu\u00dfbodens. Die Ecken des Metalldachs sind auch mit einem Kantenschutz versehen. Zum zus\u00e4tzlichen Schutz kann die T\u00fcr au\u00dferdem noch mit einem extra Vorh\u00e4ngeschloss gesichert werden.<\/li>\n<\/ul>\n<p><strong>Product Information<\/strong><\/p>\n<ul>\n<table style=\"margin-bottom:20px\">\n<tbody>\n<tr>\n<td><strong>Artikel Abmessungen T x B x H<\/strong><\/td>\n<td>122T x 196B x 180H cm<\/td>\n<\/tr>\n<tr>\n<td><strong>Artikelgewicht<\/strong><\/td>\n<td>15 Kilogramm<\/td>\n<\/tr>\n<tr>\n<td><strong>Bodenbereich<\/strong><\/td>\n<td>5 quadratmeter<\/td>\n<\/tr>\n<tr>\n<td><strong>T\u00fcrbreite<\/strong><\/td>\n<td>96 Zentimeter<\/td>\n<\/tr>\n<tr>\n<td><strong>Kammertiefe<\/strong><\/td>\n<td>177,5 Zentimeter<\/td>\n<\/tr>\n<tr>\n<td><strong>Farbe<\/strong><\/td>\n<td>Anthrazit<\/td>\n<\/tr>\n<tr>\n<td><strong>Stil\/Form<\/strong><\/td>\n<td>Garten<\/td>\n<\/tr>\n<tr>\n<td><strong>T\u00fcrstil<\/strong><\/td>\n<td>Schiebet\u00fcren<\/td>\n<\/tr>\n<tr>\n<td><strong>Wasserbest\u00e4ndigkeit<\/strong><\/td>\n<td>Wasserfest<\/td>\n<\/tr>\n<tr>\n<td><strong>Max. Nutzlast<\/strong><\/td>\n<td>15 Kilogramm<\/td>\n<\/tr>\n<tr>\n<td><strong>Erforderliche Montage<\/strong><\/td>\n<td>Ja<\/td>\n<\/tr>\n<tr>\n<td><strong>Material<\/strong><\/td>\n<td>Metall<\/td>\n<\/tr>\n<tr>\n<td><strong>Basismaterial<\/strong><\/td>\n<td>Metall<\/td>\n<\/tr>\n<tr>\n<td><strong>Materialart der Oberseite<\/strong><\/td>\n<td>Metall<\/td>\n<\/tr>\n<tr>\n<td><strong>Rahmenmaterial<\/strong><\/td>\n<td>Metall<\/td>\n<\/tr>\n<tr>\n<td><strong>Marke<\/strong><\/td>\n<td>Gardebruk<\/td>\n<\/tr>\n<tr>\n<td><strong>Hersteller<\/strong><\/td>\n<td>Deuba<\/td>\n<\/tr>\n<tr>\n<td><strong>Artikelnummer<\/strong><\/td>\n<td>102390<\/td>\n<\/tr>\n<tr>\n<td><strong>Anzahl von Einheiten<\/strong><\/td>\n<td>1.0 st\u00fcck<\/td>\n<\/tr>\n<tr>\n<td><strong>Herkunftsland<\/strong><\/td>\n<td>Deutschland<\/td>\n<\/tr>\n<tr>\n<td><strong>Amazon Bestseller-Rang<\/strong><\/td>\n<td><\/td>\n<\/tr>\n<tr>\n<td><strong>ASIN<\/strong><\/td>\n<td>B01AI089LI<\/td>\n<\/tr>\n<tr>\n<td><strong>Durchschnittliche Kundenbewertung<\/strong><\/td>\n<td><\/td>\n<\/tr>\n<\/tbody>\n<\/table>\n<\/ul>","protected":false},"excerpt":{"rendered":"<p>Product Overview Marke: Gardebruk Farbe: Anthrazit Material: Metall Produktabmessungen: 122T x 196B x 180H cm Artikelgewicht: 15 Kilogramm Product Features<\/p>","protected":false},"featured_media":31921,"comment_status":"open","ping_status":"closed","template":"","meta":[],"product_brand":[],"product_cat":[153],"product_tag":[],"class_list":{"0":"post-31745","1":"product","2":"type-product","3":"status-publish","4":"has-post-thumbnail","6":"product_cat-gartenhaeuser-geraeteschuppen","8":"first","9":"instock","10":"sale","11":"shipping-taxable","12":"purchasable","13":"product-type-variable"},"_links":{"self":[{"href":"https:\/\/furnura.shop\/en\/wp-json\/wp\/v2\/product\/31745","targetHints":{"allow":["GET"]}}],"collection":[{"href":"https:\/\/furnura.shop\/en\/wp-json\/wp\/v2\/product"}],"about":[{"href":"https:\/\/furnura.shop\/en\/wp-json\/wp\/v2\/types\/product"}],"replies":[{"embeddable":true,"href":"https:\/\/furnura.shop\/en\/wp-json\/wp\/v2\/comments?post=31745"}],"version-history":[{"count":0,"href":"https:\/\/furnura.shop\/en\/wp-json\/wp\/v2\/product\/31745\/revisions"}],"wp:featuredmedia":[{"embeddable":true,"href":"https:\/\/furnura.shop\/en\/wp-json\/wp\/v2\/media\/31921"}],"wp:attachment":[{"href":"https:\/\/furnura.shop\/en\/wp-json\/wp\/v2\/media?parent=31745"}],"wp:term":[{"taxonomy":"product_brand","embeddable":true,"href":"https:\/\/furnura.shop\/en\/wp-json\/wp\/v2\/product_brand?post=31745"},{"taxonomy":"product_cat","embeddable":true,"href":"https:\/\/furnura.shop\/en\/wp-json\/wp\/v2\/product_cat?post=31745"},{"taxonomy":"product_tag","embeddable":true,"href":"https:\/\/furnura.shop\/en\/wp-json\/wp\/v2\/product_tag?post=31745"}],"curies":[{"name":"wp","href":"https:\/\/api.w.org\/{rel}","templated":true}]}}