{"id":31749,"date":"2026-05-13T18:37:24","date_gmt":"2026-05-13T18:37:24","guid":{"rendered":"https:\/\/furnura.shop\/product\/gegtuon-metall-geratehaus-229x192-3x180-cm-gerateschuppen-gartenhaus-mit-satteldach-gartenschrank-mit-2-turen-stauraum-wetterfest-outdoor-schuppen-gartenschuppen-fur-garten-terrasse-anthracite\/"},"modified":"2026-05-13T18:37:25","modified_gmt":"2026-05-13T18:37:25","slug":"gegtuon-metall-geratehaus-229x192-3x180-cm-gerateschuppen-gartenhaus-mit-satteldach-gartenschrank-mit-2-turen-stauraum-wetterfest-outdoor-schuppen-gartenschuppen-fur-garten-terrasse-anthracite","status":"publish","type":"product","link":"https:\/\/furnura.shop\/en\/product\/gegtuon-metall-geratehaus-229x192-3x180-cm-gerateschuppen-gartenhaus-mit-satteldach-gartenschrank-mit-2-turen-stauraum-wetterfest-outdoor-schuppen-gartenschuppen-fur-garten-terrasse-anthracite\/","title":{"rendered":"Gegtuon Ger\u00e4tehaus Metall 229x192x180 cm Satteldach 2 T\u00fcren Wetterfest Gartenschuppen Anthrazit"},"content":{"rendered":"<p><strong>Product Overview<\/strong><\/p>\n<ul>\n<li>\n<strong>Marke:<\/strong> Gegtuon<\/li>\n<li>\n<strong>Farbe:<\/strong> Anthracite 229&#215;192,3&#215;180<\/li>\n<li>\n<strong>Material:<\/strong> Metall<\/li>\n<li>\n<strong>Produktabmessungen:<\/strong> 2,39T x 2,89B x 1,91H m<\/li>\n<li>\n<strong>Artikelgewicht:<\/strong> 86,8 Kilogramm<\/li>\n<\/ul>\n<p><strong>Product Features<\/strong><\/p>\n<ul>\n<li>\u3010Gro\u00dfer Stauraum f\u00fcr vielf\u00e4ltige Bed\u00fcrfnisse\u3011 Der Gartenger\u00e4teschuppen ist ger\u00e4umig und bietet Platz f\u00fcr eine Vielzahl von Gartenger\u00e4ten, Fahrr\u00e4dern und anderen Gegenst\u00e4nden f\u00fcr den Au\u00dfenbereich, damit Ihr Garten ordentlich und aufger\u00e4umt bleibt.<\/li>\n<li>\u3010Breite Fl\u00fcgelt\u00fcr f\u00fcr einfachen Ein- und Ausstieg\u3011 Die breite Fl\u00fcgelt\u00fcr hat eine Breite von 106 cm, so dass Sie auch mit gro\u00dfen Gegenst\u00e4nden leicht hinein- und hinausgelangen k\u00f6nnen. Der T\u00fcrrahmen ist robust und langlebig f\u00fcr zus\u00e4tzlichen Komfort.<\/li>\n<li>\u3010Gut bel\u00fcftet\u3011 Das Gartenger\u00e4tehaus ist mit L\u00fcftungs\u00f6ffnungen ausgestattet, die f\u00fcr eine gute Luftzirkulation sorgen und Schimmel, Kondenswasser und Ger\u00fcche wirksam verhindern. Die T\u00fcr kann mit einem Vorh\u00e4ngeschloss versehen werden, um Ihre Gartenger\u00e4te optimal zu sch\u00fctzen.<\/li>\n<li>\u3010Hochwertige Metallkonstruktion\u3011 Hergestellt aus hochfestem Metallmaterial, sorgf\u00e4ltig verarbeitet mit ausgezeichneter Wetter- und Rostbest\u00e4ndigkeit f\u00fcr eine langfristige Nutzung ohne Sorgen.<\/li>\n<li>\u3010Stabiler Grundrahmen bietet zuverl\u00e4ssigen Halt\u3011 Ausgestattet mit einem stabilen Grundrahmen, der dem Gartenger\u00e4teschuppen auch bei schlechtem Wetter einen festen Stand verleiht.<\/li>\n<li>\u3010Einfach zu installieren\u3011 Eine ausf\u00fchrliche Anleitung und alle Teile sind im Paket enthalten. Sie k\u00f6nnen den ganzen Gartenschrank selbst zusammenbauen, genie\u00dfen Sie den Spa\u00df der Montage. Um das Risiko einer Besch\u00e4digung zu minimieren, wird dieses Produkt in 3 Kartons verschickt und kann an verschiedenen Tagen ankommen. Bitte haben Sie ein paar Tage Geduld.<\/li>\n<\/ul>\n<p><strong>Product Information<\/strong><\/p>\n<ul>\n<table style=\"margin-bottom:20px\">\n<tbody>\n<tr>\n<td><strong>Artikel Abmessungen T x B x H<\/strong><\/td>\n<td>2,39T x 2,89B x 1,91H m<\/td>\n<\/tr>\n<tr>\n<td><strong>Artikelgewicht<\/strong><\/td>\n<td>86,8 Kilogramm<\/td>\n<\/tr>\n<tr>\n<td><strong>Marke<\/strong><\/td>\n<td>Gegtuon<\/td>\n<\/tr>\n<tr>\n<td><strong>Hersteller<\/strong><\/td>\n<td>Gegtuon<\/td>\n<\/tr>\n<tr>\n<td><strong>Artikelnummer<\/strong><\/td>\n<td>0033020<\/td>\n<\/tr>\n<tr>\n<td><strong>Modellnummer<\/strong><\/td>\n<td>0033020<\/td>\n<\/tr>\n<tr>\n<td><strong>Herkunftsland<\/strong><\/td>\n<td>China<\/td>\n<\/tr>\n<tr>\n<td><strong>Amazon Bestseller-Rang<\/strong><\/td>\n<td><\/td>\n<\/tr>\n<tr>\n<td><strong>ASIN<\/strong><\/td>\n<td>B0DZ61643R<\/td>\n<\/tr>\n<tr>\n<td><strong>Durchschnittliche Kundenbewertung<\/strong><\/td>\n<td><\/td>\n<\/tr>\n<tr>\n<td><strong>Material<\/strong><\/td>\n<td>Metall<\/td>\n<\/tr>\n<tr>\n<td><strong>Basismaterial<\/strong><\/td>\n<td>Metall<\/td>\n<\/tr>\n<tr>\n<td><strong>Materialart der Oberseite<\/strong><\/td>\n<td>Metall<\/td>\n<\/tr>\n<tr>\n<td><strong>Rahmenmaterial<\/strong><\/td>\n<td>Legierter Stahl<\/td>\n<\/tr>\n<tr>\n<td><strong>Farbe<\/strong><\/td>\n<td>Anthracite 229&#215;192,3&#215;180<\/td>\n<\/tr>\n<tr>\n<td><strong>Stil\/Form<\/strong><\/td>\n<td>Art Deco<\/td>\n<\/tr>\n<tr>\n<td><strong>T\u00fcrstil<\/strong><\/td>\n<td>Fl\u00fcgelt\u00fcren<\/td>\n<\/tr>\n<tr>\n<td><strong>Wasserbest\u00e4ndigkeit<\/strong><\/td>\n<td>Wasserfest<\/td>\n<\/tr>\n<tr>\n<td><strong>Max. Nutzlast<\/strong><\/td>\n<td>200 Kilogramm<\/td>\n<\/tr>\n<tr>\n<td><strong>Erforderliche Montage<\/strong><\/td>\n<td>Ja<\/td>\n<\/tr>\n<\/tbody>\n<\/table>\n<\/ul>","protected":false},"excerpt":{"rendered":"<p>Product Overview Marke: Gegtuon Farbe: Anthracite 229&#215;192,3&#215;180 Material: Metall Produktabmessungen: 2,39T x 2,89B x 1,91H m Artikelgewicht: 86,8 Kilogramm Product<\/p>","protected":false},"featured_media":31933,"comment_status":"open","ping_status":"closed","template":"","meta":[],"product_brand":[],"product_cat":[153],"product_tag":[],"class_list":{"0":"post-31749","1":"product","2":"type-product","3":"status-publish","4":"has-post-thumbnail","6":"product_cat-gartenhaeuser-geraeteschuppen","8":"first","9":"instock","10":"sale","11":"shipping-taxable","12":"purchasable","13":"product-type-variable"},"_links":{"self":[{"href":"https:\/\/furnura.shop\/en\/wp-json\/wp\/v2\/product\/31749","targetHints":{"allow":["GET"]}}],"collection":[{"href":"https:\/\/furnura.shop\/en\/wp-json\/wp\/v2\/product"}],"about":[{"href":"https:\/\/furnura.shop\/en\/wp-json\/wp\/v2\/types\/product"}],"replies":[{"embeddable":true,"href":"https:\/\/furnura.shop\/en\/wp-json\/wp\/v2\/comments?post=31749"}],"version-history":[{"count":0,"href":"https:\/\/furnura.shop\/en\/wp-json\/wp\/v2\/product\/31749\/revisions"}],"wp:featuredmedia":[{"embeddable":true,"href":"https:\/\/furnura.shop\/en\/wp-json\/wp\/v2\/media\/31933"}],"wp:attachment":[{"href":"https:\/\/furnura.shop\/en\/wp-json\/wp\/v2\/media?parent=31749"}],"wp:term":[{"taxonomy":"product_brand","embeddable":true,"href":"https:\/\/furnura.shop\/en\/wp-json\/wp\/v2\/product_brand?post=31749"},{"taxonomy":"product_cat","embeddable":true,"href":"https:\/\/furnura.shop\/en\/wp-json\/wp\/v2\/product_cat?post=31749"},{"taxonomy":"product_tag","embeddable":true,"href":"https:\/\/furnura.shop\/en\/wp-json\/wp\/v2\/product_tag?post=31749"}],"curies":[{"name":"wp","href":"https:\/\/api.w.org\/{rel}","templated":true}]}}