{"id":31760,"date":"2026-05-13T18:37:26","date_gmt":"2026-05-13T18:37:26","guid":{"rendered":"https:\/\/furnura.shop\/product\/gartenhaus-metall-gerateschuppen-300x252x191-cm-mit-klapptur-geratehaus-gartenschuppen-mit-satteldach-und-stauraum-gartenhutte-fahrradschuppen-fur-gartengerate-grau\/"},"modified":"2026-05-13T18:37:28","modified_gmt":"2026-05-13T18:37:28","slug":"gartenhaus-metall-gerateschuppen-300x252x191-cm-mit-klapptur-geratehaus-gartenschuppen-mit-satteldach-und-stauraum-gartenhutte-fahrradschuppen-fur-gartengerate-grau","status":"publish","type":"product","link":"https:\/\/furnura.shop\/en\/product\/gartenhaus-metall-gerateschuppen-300x252x191-cm-mit-klapptur-geratehaus-gartenschuppen-mit-satteldach-und-stauraum-gartenhutte-fahrradschuppen-fur-gartengerate-grau\/","title":{"rendered":"Ger\u00e4tehaus Metall 300x252x191 cm Satteldach Klappt\u00fcr Fahrradschuppen Gartenschuppen Stauraum Grau"},"content":{"rendered":"<p><strong>Product Overview<\/strong><\/p>\n<ul>\n<li>\n<strong>Marke:<\/strong> Gxffipw<\/li>\n<li>\n<strong>Farbe:<\/strong> Grau<\/li>\n<li>\n<strong>Material:<\/strong> Legierter Stahl<\/li>\n<li>\n<strong>Produktabmessungen:<\/strong> 2,52T x 3B x 1,91H m<\/li>\n<li>\n<strong>Artikelgewicht:<\/strong> 86,8 Kilogramm<\/li>\n<\/ul>\n<p><strong>Product Features<\/strong><\/p>\n<ul>\n<li>\u3010Reichlich Stauraum\u3011 Der Innenraum dieses gartenhaus ist durchdacht gestaltet und bietet reichlich Platz f\u00fcr eine Vielzahl von Gartenger\u00e4ten, Familienfahrr\u00e4dern und anderen h\u00e4ufig verwendeten Outdoor-Artikeln. Dieses ger\u00e4teschuppen hilft Ihnen dabei, Ihre Sachen effektiv zu organisieren und zu sortieren, sodass Ihr Garten jederzeit aufger\u00e4umt und ordentlich bleibt.<\/li>\n<li>\u3010Gut bel\u00fcftet und Sicherheitsdesign\u3011 Der gartenhaus metall verf\u00fcgt \u00fcber Bel\u00fcftungs\u00f6ffnungen, die f\u00fcr eine gute Luftzirkulation sorgen und so Schimmel, Kondenswasser und Ger\u00fcche wirksam verhindern. Die T\u00fcr des ger\u00e4teschuppen metall kann mit einem Vorh\u00e4ngeschloss versehen werden, um Ihre Gartenger\u00e4te umfassend zu sch\u00fctzen.<\/li>\n<li>\u3010Ger\u00e4umiges Faltt\u00fcrdesign\u3011 Die Faltt\u00fcren des Ger\u00e4tehaus haben eine gro\u00dfz\u00fcgige Breite von 128 Zentimetern, was den Transport gro\u00dfer Gegenst\u00e4nde erleichtert. Die robuste T\u00fcrrahmenkonstruktion sorgt f\u00fcr lange Haltbarkeit und reibungsloses \u00d6ffnen und Schlie\u00dfen.<\/li>\n<li>\u3010Stabiler Grundrahmen\u3011 Der ger\u00e4tehaus metall verf\u00fcgt \u00fcber einen robusten Grundrahmen, der der gesamten Konstruktion einen stabilen und zuverl\u00e4ssigen Halt gibt. Seine Konstruktion verteilt das Gewicht effektiv und h\u00e4lt starken Winden stand, sodass der fahrradschuppen fest steht, selbst bei schlechtem Wetter.<\/li>\n<li>\u3010Hochwertiges Metall\u3011 Der gartenschuppen ist sorgf\u00e4ltig aus hochfesten Metallmaterialien gefertigt, was eine robuste Struktur und lange Haltbarkeit gew\u00e4hrleistet.<\/li>\n<li>\u3010Bitte beachten Sie\u3011 Dieses gartenm\u00f6bel ist in 4 Pakete aufgeteilt, diese Pakete k\u00f6nnen m\u00f6glicherweise nicht gleichzeitig zugestellt werden. Bitte haben Sie etwas Geduld. Bei Fragen wenden Sie sich bitte an den Kundenservice.<\/li>\n<\/ul>\n<p><strong>Product Information<\/strong><\/p>\n<ul>\n<table style=\"margin-bottom:20px\">\n<tbody>\n<tr>\n<td><strong>Artikel Abmessungen T x B x H<\/strong><\/td>\n<td>2,52T x 3B x 1,91H m<\/td>\n<\/tr>\n<tr>\n<td><strong>Artikelgewicht<\/strong><\/td>\n<td>86,8 Kilogramm<\/td>\n<\/tr>\n<tr>\n<td><strong>Marke<\/strong><\/td>\n<td>Gxffipw<\/td>\n<\/tr>\n<tr>\n<td><strong>Hersteller<\/strong><\/td>\n<td>Gxffipw<\/td>\n<\/tr>\n<tr>\n<td><strong>Artikelnummer<\/strong><\/td>\n<td>DE0812<\/td>\n<\/tr>\n<tr>\n<td><strong>Modellnummer<\/strong><\/td>\n<td>DE0812<\/td>\n<\/tr>\n<tr>\n<td><strong>Herkunftsland<\/strong><\/td>\n<td>China<\/td>\n<\/tr>\n<tr>\n<td><strong>Amazon Bestseller-Rang<\/strong><\/td>\n<td><\/td>\n<\/tr>\n<tr>\n<td><strong>ASIN<\/strong><\/td>\n<td>B0G2LRQ56S<\/td>\n<\/tr>\n<tr>\n<td><strong>Durchschnittliche Kundenbewertung<\/strong><\/td>\n<td><\/td>\n<\/tr>\n<tr>\n<td><strong>Material<\/strong><\/td>\n<td>Legierter Stahl<\/td>\n<\/tr>\n<tr>\n<td><strong>Basismaterial<\/strong><\/td>\n<td>Metall<\/td>\n<\/tr>\n<tr>\n<td><strong>Materialart der Oberseite<\/strong><\/td>\n<td>Metall<\/td>\n<\/tr>\n<tr>\n<td><strong>Rahmenmaterial<\/strong><\/td>\n<td>Legierter Stahl<\/td>\n<\/tr>\n<tr>\n<td><strong>Farbe<\/strong><\/td>\n<td>Grau<\/td>\n<\/tr>\n<tr>\n<td><strong>Stil\/Form<\/strong><\/td>\n<td>Moderne<\/td>\n<\/tr>\n<tr>\n<td><strong>T\u00fcrstil<\/strong><\/td>\n<td>Faltt\u00fcren<\/td>\n<\/tr>\n<tr>\n<td><strong>Wasserbest\u00e4ndigkeit<\/strong><\/td>\n<td>Wasserfest<\/td>\n<\/tr>\n<tr>\n<td><strong>Erforderliche Montage<\/strong><\/td>\n<td>Ja<\/td>\n<\/tr>\n<\/tbody>\n<\/table>\n<\/ul>","protected":false},"excerpt":{"rendered":"<p>Product Overview Marke: Gxffipw Farbe: Grau Material: Legierter Stahl Produktabmessungen: 2,52T x 3B x 1,91H m Artikelgewicht: 86,8 Kilogramm Product<\/p>","protected":false},"featured_media":31957,"comment_status":"open","ping_status":"closed","template":"","meta":[],"product_brand":[],"product_cat":[153],"product_tag":[],"class_list":{"0":"post-31760","1":"product","2":"type-product","3":"status-publish","4":"has-post-thumbnail","6":"product_cat-gartenhaeuser-geraeteschuppen","8":"first","9":"instock","10":"sale","11":"shipping-taxable","12":"purchasable","13":"product-type-variable"},"_links":{"self":[{"href":"https:\/\/furnura.shop\/en\/wp-json\/wp\/v2\/product\/31760","targetHints":{"allow":["GET"]}}],"collection":[{"href":"https:\/\/furnura.shop\/en\/wp-json\/wp\/v2\/product"}],"about":[{"href":"https:\/\/furnura.shop\/en\/wp-json\/wp\/v2\/types\/product"}],"replies":[{"embeddable":true,"href":"https:\/\/furnura.shop\/en\/wp-json\/wp\/v2\/comments?post=31760"}],"version-history":[{"count":0,"href":"https:\/\/furnura.shop\/en\/wp-json\/wp\/v2\/product\/31760\/revisions"}],"wp:featuredmedia":[{"embeddable":true,"href":"https:\/\/furnura.shop\/en\/wp-json\/wp\/v2\/media\/31957"}],"wp:attachment":[{"href":"https:\/\/furnura.shop\/en\/wp-json\/wp\/v2\/media?parent=31760"}],"wp:term":[{"taxonomy":"product_brand","embeddable":true,"href":"https:\/\/furnura.shop\/en\/wp-json\/wp\/v2\/product_brand?post=31760"},{"taxonomy":"product_cat","embeddable":true,"href":"https:\/\/furnura.shop\/en\/wp-json\/wp\/v2\/product_cat?post=31760"},{"taxonomy":"product_tag","embeddable":true,"href":"https:\/\/furnura.shop\/en\/wp-json\/wp\/v2\/product_tag?post=31760"}],"curies":[{"name":"wp","href":"https:\/\/api.w.org\/{rel}","templated":true}]}}