{"id":31765,"date":"2026-05-13T18:37:26","date_gmt":"2026-05-13T18:37:26","guid":{"rendered":"https:\/\/furnura.shop\/product\/metall-geratehaus-geratehaus-mit-pultdach-gartenhaus-gerateschuppen-garten-schuppen-inkl-metallfundament-ohne-boden-gerateschrank-fur-garten-grau-m\/"},"modified":"2026-05-13T18:37:28","modified_gmt":"2026-05-13T18:37:28","slug":"metall-geratehaus-geratehaus-mit-pultdach-gartenhaus-gerateschuppen-garten-schuppen-inkl-metallfundament-ohne-boden-gerateschrank-fur-garten-grau-m","status":"publish","type":"product","link":"https:\/\/furnura.shop\/en\/product\/metall-geratehaus-geratehaus-mit-pultdach-gartenhaus-gerateschuppen-garten-schuppen-inkl-metallfundament-ohne-boden-gerateschrank-fur-garten-grau-m\/","title":{"rendered":"Ger\u00e4tehaus Metall Pultdach Gr\u00f6\u00dfe M Metallfundament Gartenschuppen Ger\u00e4teschrank Grau"},"content":{"rendered":"<div id=\"productDescription\" class=\"a-section a-spacing-small\">       <!-- show up to 2 reviews by default --><\/p>\n<h3>    <span>Produktbeschreibungen<\/span>   <\/h3>\n<p>    <span>Jaxilyn 4x8ft. Outdoor Storage Shed &#8211; mit 1 gro\u00dfz\u00fcgigen Speicherkapazit\u00e4t, kann leicht Haus alle Ihre Werkzeuge, Outdoor-Zubeh\u00f6r, und more.Sturdy noch stilvoll, Metall Gartenger\u00e4tehaus sind perfekt f\u00fcr die Lagerung von Gartenger\u00e4ten, Grillger\u00e4te, Brennholz, Sportartikel, Werkstatt Instrumente, Fahrr\u00e4der, Pool-Spielzeug, Urlaub Dekorationen, M\u00fclltonnen und vieles mehr. Ger\u00e4tehaus verf\u00fcgt \u00fcber L\u00fcftungs\u00f6ffnungen an der Vorder- und R\u00fcckseite, die eine hervorragende Bel\u00fcftung gew\u00e4hrleisten. Die doppelten Schiebet\u00fcren an der Vorderseite erm\u00f6glichen einen einfachen Ein- und Ausstieg. Die mit Vorh\u00e4ngeschl\u00f6ssern versehenen T\u00fcrgriffe verhindern, dass Diebe stehlen oder Kleintiere versehentlich eindringen, und sorgen f\u00fcr die Sicherheit der Wertsachen.Dieser Metallschuppen mit robuster und verst\u00e4rkter Innenstruktur und Metallverriegelungssystem ist eine \u00dcberlegung wert. Dickerer verzinkter Stahl, weniger Zubeh\u00f6r, langlebiger und stabiler, st\u00e4rkere Qualit\u00e4tssicherung.Das Ger\u00e4teschuppenhaus mit abschlie\u00dfbaren T\u00fcren und Giebeldach.<\/span>    <\/p>\n<h3>    <span>Warnhinweise<\/span>   <\/h3>\n<p>    <span>Achtung: Schlie\u00dfen Sie die T\u00fcren immer korrekt, um Unf\u00e4lle zu vermeiden. Achtung: Stellen Sie sicher, dass der Schuppen nicht mit zu schweren Gegenst\u00e4nden \u00fcberlastet ist.<\/span>    <\/p>\n<\/p><\/div>\n<p><strong>Product Overview<\/strong><\/p>\n<ul>\n<li>\n<strong>Marke:<\/strong> Jaxilyn<\/li>\n<li>\n<strong>Farbe:<\/strong> Grau<\/li>\n<li>\n<strong>Material:<\/strong> Metall<\/li>\n<li>\n<strong>Produktabmessungen:<\/strong> 1,11T x 2,29B x 1,82H m<\/li>\n<li>\n<strong>Stil:<\/strong> Modern<\/li>\n<\/ul>\n<p><strong>Product Features<\/strong><\/p>\n<ul>\n<li>Robust &#038; Wetterfest: Das Ger\u00e4tehaus besteht aus lackiertem und verzinktem Stahlblech, das korrosionsbest\u00e4ndig und wetterfest ist \u2013 perfekt f\u00fcr den Einsatz im Freien.<\/li>\n<li>Abschlie\u00dfbare Fl\u00fcgelt\u00fcren: Mit abschlie\u00dfbaren Fl\u00fcgelt\u00fcren und festen Rohren bietet das Gartenhaus zus\u00e4tzliche Sicherheit und optimale Raumnutzung.<\/li>\n<li>Einfache Montage &#038; Mobilit\u00e4t: Dank detaillierter Anleitung und vormontierter Teile l\u00e4sst sich das Ger\u00e4tehaus einfach zusammenbauen (2 Personen empfohlen).<\/li>\n<li>Modernes Design: Das sch\u00f6ne Design f\u00fcgt sich harmonisch in jeden Garten ein. Die Fl\u00fcgelt\u00fcren nehmen weder innen noch au\u00dfen Platz ein und sind mit praktischen Griffen ausgestattet.<\/li>\n<li>Vielseitige Nutzung: Ideal zur Aufbewahrung von Rasenm\u00e4hern, Gartenm\u00f6beln, Fahrr\u00e4dern, Werkzeugen oder Grills. Perfekte L\u00f6sung f\u00fcr zus\u00e4tzlichen Stauraum im Freien.<\/li>\n<\/ul>\n<p><strong>Product Information<\/strong><\/p>\n<ul>\n<table style=\"margin-bottom:20px\">\n<tbody>\n<tr>\n<td><strong>Artikel Abmessungen T x B x H<\/strong><\/td>\n<td>1,11T x 2,29B x 1,82H m<\/td>\n<\/tr>\n<tr>\n<td><strong>T\u00fcrbreite<\/strong><\/td>\n<td>106 Zentimeter<\/td>\n<\/tr>\n<tr>\n<td><strong>T\u00fcrh\u00f6he<\/strong><\/td>\n<td>153 Zentimeter<\/td>\n<\/tr>\n<tr>\n<td><strong>Marke<\/strong><\/td>\n<td>Jaxilyn<\/td>\n<\/tr>\n<tr>\n<td><strong>Hersteller<\/strong><\/td>\n<td>Jaxilyn<\/td>\n<\/tr>\n<tr>\n<td><strong>Artikelnummer<\/strong><\/td>\n<td>S00003<\/td>\n<\/tr>\n<tr>\n<td><strong>Modellnummer<\/strong><\/td>\n<td>G0005-01GR<\/td>\n<\/tr>\n<tr>\n<td><strong>Herkunftsland<\/strong><\/td>\n<td>China<\/td>\n<\/tr>\n<tr>\n<td><strong>Amazon Bestseller-Rang<\/strong><\/td>\n<td><\/td>\n<\/tr>\n<tr>\n<td><strong>ASIN<\/strong><\/td>\n<td>B0F4QMJGW9<\/td>\n<\/tr>\n<tr>\n<td><strong>Durchschnittliche Kundenbewertung<\/strong><\/td>\n<td><\/td>\n<\/tr>\n<tr>\n<td><strong>Material<\/strong><\/td>\n<td>Metall<\/td>\n<\/tr>\n<tr>\n<td><strong>Basismaterial<\/strong><\/td>\n<td>Metall<\/td>\n<\/tr>\n<tr>\n<td><strong>Materialart der Oberseite<\/strong><\/td>\n<td>Metall<\/td>\n<\/tr>\n<tr>\n<td><strong>Rahmenmaterial<\/strong><\/td>\n<td>Legierter Stahl<\/td>\n<\/tr>\n<tr>\n<td><strong>Farbe<\/strong><\/td>\n<td>Grau<\/td>\n<\/tr>\n<tr>\n<td><strong>Stil\/Form<\/strong><\/td>\n<td>Modern<\/td>\n<\/tr>\n<tr>\n<td><strong>T\u00fcrstil<\/strong><\/td>\n<td>Fl\u00fcgelt\u00fcren<\/td>\n<\/tr>\n<tr>\n<td><strong>Wasserbest\u00e4ndigkeit<\/strong><\/td>\n<td>Wasserabweisend<\/td>\n<\/tr>\n<tr>\n<td><strong>Erforderliche Montage<\/strong><\/td>\n<td>Ja<\/td>\n<\/tr>\n<\/tbody>\n<\/table>\n<\/ul>","protected":false},"excerpt":{"rendered":"<p>Produktbeschreibungen Jaxilyn 4x8ft. Outdoor Storage Shed &#8211; mit 1 gro\u00dfz\u00fcgigen Speicherkapazit\u00e4t, kann leicht Haus alle Ihre Werkzeuge, Outdoor-Zubeh\u00f6r, und more.Sturdy<\/p>","protected":false},"featured_media":31970,"comment_status":"open","ping_status":"closed","template":"","meta":[],"product_brand":[],"product_cat":[153],"product_tag":[],"class_list":{"0":"post-31765","1":"product","2":"type-product","3":"status-publish","4":"has-post-thumbnail","6":"product_cat-gartenhaeuser-geraeteschuppen","8":"first","9":"instock","10":"sale","11":"shipping-taxable","12":"purchasable","13":"product-type-variable"},"_links":{"self":[{"href":"https:\/\/furnura.shop\/en\/wp-json\/wp\/v2\/product\/31765","targetHints":{"allow":["GET"]}}],"collection":[{"href":"https:\/\/furnura.shop\/en\/wp-json\/wp\/v2\/product"}],"about":[{"href":"https:\/\/furnura.shop\/en\/wp-json\/wp\/v2\/types\/product"}],"replies":[{"embeddable":true,"href":"https:\/\/furnura.shop\/en\/wp-json\/wp\/v2\/comments?post=31765"}],"version-history":[{"count":0,"href":"https:\/\/furnura.shop\/en\/wp-json\/wp\/v2\/product\/31765\/revisions"}],"wp:featuredmedia":[{"embeddable":true,"href":"https:\/\/furnura.shop\/en\/wp-json\/wp\/v2\/media\/31970"}],"wp:attachment":[{"href":"https:\/\/furnura.shop\/en\/wp-json\/wp\/v2\/media?parent=31765"}],"wp:term":[{"taxonomy":"product_brand","embeddable":true,"href":"https:\/\/furnura.shop\/en\/wp-json\/wp\/v2\/product_brand?post=31765"},{"taxonomy":"product_cat","embeddable":true,"href":"https:\/\/furnura.shop\/en\/wp-json\/wp\/v2\/product_cat?post=31765"},{"taxonomy":"product_tag","embeddable":true,"href":"https:\/\/furnura.shop\/en\/wp-json\/wp\/v2\/product_tag?post=31765"}],"curies":[{"name":"wp","href":"https:\/\/api.w.org\/{rel}","templated":true}]}}