{"id":31769,"date":"2026-05-13T18:37:27","date_gmt":"2026-05-13T18:37:27","guid":{"rendered":"https:\/\/furnura.shop\/product\/goplus-metall-geratehaus-garten-schuppen-mit-fenster-gerateschrank-verzinkter-wetterfester-gerateschuppen-im-freien-4-75-m-8-34-m-grun\/"},"modified":"2026-05-13T18:37:28","modified_gmt":"2026-05-13T18:37:28","slug":"goplus-metall-geratehaus-garten-schuppen-mit-fenster-gerateschrank-verzinkter-wetterfester-gerateschuppen-im-freien-4-75-m-8-34-m-grun","status":"publish","type":"product","link":"https:\/\/furnura.shop\/en\/product\/goplus-metall-geratehaus-garten-schuppen-mit-fenster-gerateschrank-verzinkter-wetterfester-gerateschuppen-im-freien-4-75-m-8-34-m-grun\/","title":{"rendered":"Goplus Ger\u00e4tehaus Metall 4,75m\u00b2 8,34m\u00b3 Fenster Verzinkt Wetterfest Gartenschuppen Outdoor Gr\u00fcn"},"content":{"rendered":"<div id=\"productDescription\" class=\"a-section a-spacing-small\">       <!-- show up to 2 reviews by default --><\/p>\n<h3>    <span>Produktbeschreibungen<\/span>   <\/h3>\n<\/p>\n<p><span class=\"a-text-bold\">Produktbeschreibung:<\/span><\/p>\n<p><span>Dieses Gartenhaus ist perfekt f\u00fcr die Aufbewahrung von Schneefr\u00e4sen, Rasenm\u00e4hern, Gartenst\u00fchlen, Fahrr\u00e4dern, Grills und mehr. Der Lagerschuppen ist mit einem Metallbodenrahmen ausgestattet, der Ihre Gegenst\u00e4nde vom Boden fernhalten kann. Auch an regnerischen Tagen werden Ihre Artikel nicht nass und rosten nicht. Die doppelten Schiebet\u00fcren erm\u00f6glichen es einem Erwachsenen, den Stauraum leichter zu betreten. Der aus rost- und UV-best\u00e4ndigem verzinktem Stahl und farbigen Stahlplatten gefertigte Lagerschuppen wurde f\u00fcr maximale Festigkeit und Leistung verst\u00e4rkt. Das Satteldach hilft Wasser und Schnee abzugleiten und sorgt f\u00fcr einen sorgenfreien Einsatz bei allen Wetterbedingungen. <\/span><\/p>\n<\/p>\n<p><span class=\"a-text-bold\">Besonderheiten:<\/span><\/p>\n<p><span>Kann als Ger\u00e4tehaus, Tierhaus, M\u00fcllschuppen oder Hauswirtschaftsraum<\/span><\/p>\n<p><span>L\u00fcftungsfenster vorne und hinten verhindern Schimmel im Innenraum<\/span><\/p>\n<p><span>Rampe hilft dabei, Karren m\u00fchelos in den Schuppen zu schieben<\/span><\/p>\n<p><span>Metallfundament verhindert, dass das Werkzeug den Boden ber\u00fchrt<\/span><\/p>\n<p><span>Wasserdicht und sonnenbest\u00e4ndig, f\u00fcr jedes Wetter geeignet<\/span><\/p>\n<p><span>Kann Karren, Besen, Fahrr\u00e4der, Schneepfl\u00fcge und mehr aufbewahren<\/span><\/p>\n<p><span>Doppelte Schiebet\u00fcren f\u00fcr einfachen Ein- und Ausstieg<\/span><\/p>\n<\/p>\n<p><span class=\"a-text-bold\">Detaillierte Daten:<\/span><\/p>\n<p><span>Farbe: Hellgrau\/Dunkelgrau<\/span><\/p>\n<p><span>Material: Stahl<\/span><\/p>\n<p><span>Ma\u00dfe: 260 \u00d7 207 \u00d7 180 cm (L \u00d7 B \u00d7 H)<\/span><\/p>\n<p><span>T\u00fcrrahmengr\u00f6\u00dfe: 104 \u00d7 155 cm(L \u00d7 B)<\/span><\/p>\n<p><span>Nettogewicht: 67,6 kg<\/span><\/p>\n<\/p>\n<p><span class=\"a-text-bold\">Lieferung:<\/span><\/p>\n<p><span>1 \u00d7 Ger\u00e4tehaus<\/span><\/p>\n<p><span>1 \u00d7 Montageanleitung<\/span><\/p>\n<h3>    <span>Warnhinweise<\/span>   <\/h3>\n<p>    <span>Achtung! Die Montage erfordert eine sorgf\u00e4ltige Handhabung gem\u00e4\u00df der Anleitung. Verwenden Sie die mitgelieferten Handschuhe und vermeiden Sie den Kontakt mit Metallteilen. Heben Sie keine schweren Teile selbst, verwenden Sie Hilfe.<\/span>    <\/p>\n<\/p><\/div>\n<p><strong>Product Overview<\/strong><\/p>\n<ul>\n<li>\n<strong>Marke:<\/strong> GOPLUS<\/li>\n<li>\n<strong>Farbe:<\/strong> Grau<\/li>\n<li>\n<strong>Material:<\/strong> verzinkter Stahl, farbige Stahlplatten, Metall<\/li>\n<li>\n<strong>Produktabmessungen:<\/strong> 2,6T x 2,07B x 1,81H m<\/li>\n<li>\n<strong>Artikelgewicht:<\/strong> 67,6 Kilogramm<\/li>\n<\/ul>\n<p><strong>Product Features<\/strong><\/p>\n<ul>\n<li>Solide Konstruktion: Unser Ger\u00e4teschuppen besteht aus verzinktem Stahl und farbigen Stahlplatten, die Metallstruktur und die zus\u00e4tzlichen vier Standrohre tragen zur Gesamtstabilit\u00e4t bei. Das Fundament an der Unterseite sorgt nicht nur f\u00fcr stabilen Halt, sondern sch\u00fctzt auch Gegenst\u00e4nde vor Feuchtigkeit.<\/li>\n<li>Idealer Schutz: Das geschlossene Design sch\u00fctzt Ihre Werkzeuge vor Regen und Sonne, wodurch sie weniger wahrscheinlich rosten oder altern. Das geschlitzte Satteldach l\u00e4sst Regenwasser gut ablaufen, w\u00e4hrend die vier L\u00fcftungsfenster f\u00fcr eine gewisse Luftzirkulation im Schuppen sorgen.<\/li>\n<li>Einfacher Zugang: Unser Ger\u00e4teschuppen hat zwei leicht zu \u00f6ffnende Schiebet\u00fcren und der 104 x 155 cm gro\u00dfe Eingang erleichtert das Ein- und Aussteigen mit Ihren gro\u00dfen Werkzeugen. Eine Rampe an der T\u00fcr erleichtert den Zugang f\u00fcr Trolleys.<\/li>\n<li>Breite Anwendung: Mit einem Fassungsverm\u00f6gen von ca. 9,7 m\u00b3 kann dieser Ger\u00e4teschuppen zur Aufbewahrung von Gartenger\u00e4ten, Fahrr\u00e4dern, Schubkarren usw. verwendet werden, sodass Ihr Garten aufger\u00e4umt bleibt. Es kann auch als Haustierhaus oder M\u00fcllraum genutzt werden.<\/li>\n<li>Lieferung &#038; Montage: Das Produkt wird in 3 Paketen versandt und eine leichte Verformung beeintr\u00e4chtigt die Montage nicht. Bitte tragen Sie unsere mitgelieferten Handschuhe und montieren Sie sorgf\u00e4ltig gem\u00e4\u00df der Installationsanleitung.<\/li>\n<\/ul>\n<p><strong>Product Information<\/strong><\/p>\n<ul>\n<table style=\"margin-bottom:20px\">\n<tbody>\n<tr>\n<td><strong>Artikel Abmessungen T x B x H<\/strong><\/td>\n<td>2,6T x 2,07B x 1,81H m<\/td>\n<\/tr>\n<tr>\n<td><strong>Artikelgewicht<\/strong><\/td>\n<td>67,6 Kilogramm<\/td>\n<\/tr>\n<tr>\n<td><strong>T\u00fcrbreite<\/strong><\/td>\n<td>104 Zentimeter<\/td>\n<\/tr>\n<tr>\n<td><strong>T\u00fcrh\u00f6he<\/strong><\/td>\n<td>155 Zentimeter<\/td>\n<\/tr>\n<tr>\n<td><strong>Kammertiefe<\/strong><\/td>\n<td>2.6E+2 Zentimeter<\/td>\n<\/tr>\n<tr>\n<td><strong>Farbe<\/strong><\/td>\n<td>Grau<\/td>\n<\/tr>\n<tr>\n<td><strong>Stil\/Form<\/strong><\/td>\n<td>Garten<\/td>\n<\/tr>\n<tr>\n<td><strong>T\u00fcrstil<\/strong><\/td>\n<td>Schiebet\u00fcren<\/td>\n<\/tr>\n<tr>\n<td><strong>Wasserbest\u00e4ndigkeit<\/strong><\/td>\n<td>Wasserfest<\/td>\n<\/tr>\n<tr>\n<td><strong>Schutz vor UV-Strahlung<\/strong><\/td>\n<td>Yes<\/td>\n<\/tr>\n<tr>\n<td><strong>Erforderliche Montage<\/strong><\/td>\n<td>Ja<\/td>\n<\/tr>\n<tr>\n<td><strong>Material<\/strong><\/td>\n<td>verzinkter Stahl, farbige Stahlplatten, Metall<\/td>\n<\/tr>\n<tr>\n<td><strong>Basismaterial<\/strong><\/td>\n<td>Metall<\/td>\n<\/tr>\n<tr>\n<td><strong>Materialart der Oberseite<\/strong><\/td>\n<td>Metall<\/td>\n<\/tr>\n<tr>\n<td><strong>Rahmenmaterial<\/strong><\/td>\n<td>Legierter Stahl<\/td>\n<\/tr>\n<tr>\n<td><strong>Marke<\/strong><\/td>\n<td>GOPLUS<\/td>\n<\/tr>\n<tr>\n<td><strong>Hersteller<\/strong><\/td>\n<td>GOPLUS<\/td>\n<\/tr>\n<tr>\n<td><strong>Artikelnummer<\/strong><\/td>\n<td>HU4960+DE<\/td>\n<\/tr>\n<tr>\n<td><strong>Modellnummer<\/strong><\/td>\n<td>HU4960+DE<\/td>\n<\/tr>\n<tr>\n<td><strong>Anzahl von Einheiten<\/strong><\/td>\n<td>1.0 st\u00fcck<\/td>\n<\/tr>\n<tr>\n<td><strong>Herkunftsland<\/strong><\/td>\n<td>China<\/td>\n<\/tr>\n<tr>\n<td><strong>Artikeltypbezeichnung<\/strong><\/td>\n<td>Ger\u00e4tehaus<\/td>\n<\/tr>\n<tr>\n<td><strong>Amazon Bestseller-Rang<\/strong><\/td>\n<td><\/td>\n<\/tr>\n<tr>\n<td><strong>ASIN<\/strong><\/td>\n<td>B0BVVV5HBD<\/td>\n<\/tr>\n<tr>\n<td><strong>Durchschnittliche Kundenbewertung<\/strong><\/td>\n<td><\/td>\n<\/tr>\n<\/tbody>\n<\/table>\n<\/ul>","protected":false},"excerpt":{"rendered":"<p>Produktbeschreibungen Produktbeschreibung: Dieses Gartenhaus ist perfekt f\u00fcr die Aufbewahrung von Schneefr\u00e4sen, Rasenm\u00e4hern, Gartenst\u00fchlen, Fahrr\u00e4dern, Grills und mehr. Der Lagerschuppen ist<\/p>","protected":false},"featured_media":31980,"comment_status":"open","ping_status":"closed","template":"","meta":[],"product_brand":[],"product_cat":[153],"product_tag":[],"class_list":{"0":"post-31769","1":"product","2":"type-product","3":"status-publish","4":"has-post-thumbnail","6":"product_cat-gartenhaeuser-geraeteschuppen","8":"first","9":"instock","10":"sale","11":"shipping-taxable","12":"purchasable","13":"product-type-variable"},"_links":{"self":[{"href":"https:\/\/furnura.shop\/en\/wp-json\/wp\/v2\/product\/31769","targetHints":{"allow":["GET"]}}],"collection":[{"href":"https:\/\/furnura.shop\/en\/wp-json\/wp\/v2\/product"}],"about":[{"href":"https:\/\/furnura.shop\/en\/wp-json\/wp\/v2\/types\/product"}],"replies":[{"embeddable":true,"href":"https:\/\/furnura.shop\/en\/wp-json\/wp\/v2\/comments?post=31769"}],"version-history":[{"count":0,"href":"https:\/\/furnura.shop\/en\/wp-json\/wp\/v2\/product\/31769\/revisions"}],"wp:featuredmedia":[{"embeddable":true,"href":"https:\/\/furnura.shop\/en\/wp-json\/wp\/v2\/media\/31980"}],"wp:attachment":[{"href":"https:\/\/furnura.shop\/en\/wp-json\/wp\/v2\/media?parent=31769"}],"wp:term":[{"taxonomy":"product_brand","embeddable":true,"href":"https:\/\/furnura.shop\/en\/wp-json\/wp\/v2\/product_brand?post=31769"},{"taxonomy":"product_cat","embeddable":true,"href":"https:\/\/furnura.shop\/en\/wp-json\/wp\/v2\/product_cat?post=31769"},{"taxonomy":"product_tag","embeddable":true,"href":"https:\/\/furnura.shop\/en\/wp-json\/wp\/v2\/product_tag?post=31769"}],"curies":[{"name":"wp","href":"https:\/\/api.w.org\/{rel}","templated":true}]}}