{"id":31773,"date":"2026-05-13T18:37:27","date_gmt":"2026-05-13T18:37:27","guid":{"rendered":"https:\/\/furnura.shop\/product\/goplus-metall-geratehaus-5-29-m-277-x-191-x-202-cm-geratehaus-gerateschuppen-mit-schiebetur-satteldach-luftungsfenster-gartenhaus-fur-garten-terrasse-balkon\/"},"modified":"2026-05-13T18:37:28","modified_gmt":"2026-05-13T18:37:28","slug":"goplus-metall-geratehaus-5-29-m-277-x-191-x-202-cm-geratehaus-gerateschuppen-mit-schiebetur-satteldach-luftungsfenster-gartenhaus-fur-garten-terrasse-balkon","status":"publish","type":"product","link":"https:\/\/furnura.shop\/en\/product\/goplus-metall-geratehaus-5-29-m-277-x-191-x-202-cm-geratehaus-gerateschuppen-mit-schiebetur-satteldach-luftungsfenster-gartenhaus-fur-garten-terrasse-balkon\/","title":{"rendered":"Goplus Ger\u00e4tehaus Metall 5,29m\u00b2 277x191x202 cm Schiebet\u00fcr Satteldach L\u00fcftungsfenster Garten"},"content":{"rendered":"<p><strong>Product Overview<\/strong><\/p>\n<ul>\n<li>\n<strong>Marke:<\/strong> GOPLUS<\/li>\n<li>\n<strong>Farbe:<\/strong> Grau<\/li>\n<li>\n<strong>Material:<\/strong> Legierter Stahl<\/li>\n<li>\n<strong>Produktabmessungen:<\/strong> 277T x 191B x 202H cm<\/li>\n<li>\n<strong>Stil:<\/strong> 277 x 191 x 202cm<\/li>\n<\/ul>\n<p><strong>Product Features<\/strong><\/p>\n<ul>\n<li>Gro\u00dfer Stauraum: Dieser Gartenschuppen hat eine gro\u00dfe Fl\u00e4che von 277 x 191 x 202 cm und eine Grundfl\u00e4che von 5,29\u33a1. So bietet er viel Stauraum f\u00fcr Gartenger\u00e4te, Unkrautvernichter, Fahrr\u00e4der und vieles mehr. Mit diesem Lagerraum ist Ihr Hof nicht mehr un\u00fcbersichtlich und Sie k\u00f6nnen die ben\u00f6tigten Werkzeuge schnell finden.<\/li>\n<li>Langlebige Materialien: Die robusten und langlebigen farbigen Stahlpaneele machen diesen Gartenschrank widerstandsf\u00e4hig gegen schlechtes Wetter, Regen, Schnee usw. Im Vergleich zu anderen auf dem Markt erh\u00e4ltlichen Holz- oder Kunststoffbeh\u00e4ltern ist dieser Gartenbeh\u00e4lter stabil und wird sich nicht verziehen, rosten oder schimmeln.<\/li>\n<li>Robuste Konstruktion: Der verzinkte Rohrrahmen verleiht diesem Gartenhaus eine robuste und stabile Struktur. Sie m\u00fcssen diese Lagereinheit selbst bauen. Aber Sie m\u00fcssen sich keine Sorgen machen, denn unsere Anleitung enth\u00e4lt detaillierte Installationsschritte. Sie k\u00f6nnen dies mit Hilfe dieser Anleitung tun.<\/li>\n<li>Praktische Details: Die schr\u00e4ge Oberseite verhindert, dass sich Wasser ansammelt. Die vier L\u00fcftungsfenster f\u00f6rdern die Luftzirkulation und lassen Sonnenlicht in den Lagerraum, so dass der Gartenlagerraum frei von Feuchtigkeit bleibt. Die Schiebet\u00fcr mit Schloss erleichtert den Zugang zum Abstellraum und sichert dessen Nutzung.<\/li>\n<li>Breite Anwendungen: Sie k\u00f6nnen diesen Gartenabstellraum mit Anbauten aus demselben Sortiment erweitern, um eine gr\u00f6\u00dfere Fl\u00e4che zu erhalten. Dieses Produkt kann nicht nur als Lagerraum, sondern auch als gro\u00dfer Haustierraum und Abfallraum verwendet werden. Es ist eine gro\u00dfe Bereicherung f\u00fcr Ihr Leben.<\/li>\n<\/ul>\n<p><strong>Product Information<\/strong><\/p>\n<ul>\n<table style=\"margin-bottom:20px\">\n<tbody>\n<tr>\n<td><strong>Artikel Abmessungen T x B x H<\/strong><\/td>\n<td>277T x 191B x 202H cm<\/td>\n<\/tr>\n<tr>\n<td><strong>T\u00fcrbreite<\/strong><\/td>\n<td>96 Zentimeter<\/td>\n<\/tr>\n<tr>\n<td><strong>T\u00fcrh\u00f6he<\/strong><\/td>\n<td>96 Zentimeter<\/td>\n<\/tr>\n<tr>\n<td><strong>Kammertiefe<\/strong><\/td>\n<td>277 Zentimeter<\/td>\n<\/tr>\n<tr>\n<td><strong>Marke<\/strong><\/td>\n<td>GOPLUS<\/td>\n<\/tr>\n<tr>\n<td><strong>Hersteller<\/strong><\/td>\n<td>GOPLUS<\/td>\n<\/tr>\n<tr>\n<td><strong>Artikelnummer<\/strong><\/td>\n<td>HU484234HS+DE-AG<\/td>\n<\/tr>\n<tr>\n<td><strong>Modellnummer<\/strong><\/td>\n<td>HU484234HS+DE-AG<\/td>\n<\/tr>\n<tr>\n<td><strong>Anzahl von Einheiten<\/strong><\/td>\n<td>1.0 st\u00fcck<\/td>\n<\/tr>\n<tr>\n<td><strong>Herkunftsland<\/strong><\/td>\n<td>China<\/td>\n<\/tr>\n<tr>\n<td><strong>Artikeltypbezeichnung<\/strong><\/td>\n<td>Metall Ger\u00e4tehaus<\/td>\n<\/tr>\n<tr>\n<td><strong>Amazon Bestseller-Rang<\/strong><\/td>\n<td><\/td>\n<\/tr>\n<tr>\n<td><strong>ASIN<\/strong><\/td>\n<td>B0CXPRT6KK<\/td>\n<\/tr>\n<tr>\n<td><strong>Durchschnittliche Kundenbewertung<\/strong><\/td>\n<td><\/td>\n<\/tr>\n<tr>\n<td><strong>Material<\/strong><\/td>\n<td>Legierter Stahl<\/td>\n<\/tr>\n<tr>\n<td><strong>Basismaterial<\/strong><\/td>\n<td>Legierter Stahl, Metall<\/td>\n<\/tr>\n<tr>\n<td><strong>Materialart der Oberseite<\/strong><\/td>\n<td>Legierter Stahl<\/td>\n<\/tr>\n<tr>\n<td><strong>Rahmenmaterial<\/strong><\/td>\n<td>verzinkte Rohre<\/td>\n<\/tr>\n<tr>\n<td><strong>Farbe<\/strong><\/td>\n<td>Grau<\/td>\n<\/tr>\n<tr>\n<td><strong>Stil\/Form<\/strong><\/td>\n<td>277 x 191 x 202cm<\/td>\n<\/tr>\n<tr>\n<td><strong>T\u00fcrstil<\/strong><\/td>\n<td>Schiebet\u00fcren<\/td>\n<\/tr>\n<tr>\n<td><strong>Wasserbest\u00e4ndigkeit<\/strong><\/td>\n<td>Wasserfest<\/td>\n<\/tr>\n<tr>\n<td><strong>Erforderliche Montage<\/strong><\/td>\n<td>Ja<\/td>\n<\/tr>\n<\/tbody>\n<\/table>\n<\/ul>","protected":false},"excerpt":{"rendered":"<p>Product Overview Marke: GOPLUS Farbe: Grau Material: Legierter Stahl Produktabmessungen: 277T x 191B x 202H cm Stil: 277 x 191<\/p>","protected":false},"featured_media":31990,"comment_status":"open","ping_status":"closed","template":"","meta":[],"product_brand":[],"product_cat":[153],"product_tag":[],"class_list":{"0":"post-31773","1":"product","2":"type-product","3":"status-publish","4":"has-post-thumbnail","6":"product_cat-gartenhaeuser-geraeteschuppen","8":"first","9":"instock","10":"sale","11":"shipping-taxable","12":"purchasable","13":"product-type-variable"},"_links":{"self":[{"href":"https:\/\/furnura.shop\/en\/wp-json\/wp\/v2\/product\/31773","targetHints":{"allow":["GET"]}}],"collection":[{"href":"https:\/\/furnura.shop\/en\/wp-json\/wp\/v2\/product"}],"about":[{"href":"https:\/\/furnura.shop\/en\/wp-json\/wp\/v2\/types\/product"}],"replies":[{"embeddable":true,"href":"https:\/\/furnura.shop\/en\/wp-json\/wp\/v2\/comments?post=31773"}],"version-history":[{"count":0,"href":"https:\/\/furnura.shop\/en\/wp-json\/wp\/v2\/product\/31773\/revisions"}],"wp:featuredmedia":[{"embeddable":true,"href":"https:\/\/furnura.shop\/en\/wp-json\/wp\/v2\/media\/31990"}],"wp:attachment":[{"href":"https:\/\/furnura.shop\/en\/wp-json\/wp\/v2\/media?parent=31773"}],"wp:term":[{"taxonomy":"product_brand","embeddable":true,"href":"https:\/\/furnura.shop\/en\/wp-json\/wp\/v2\/product_brand?post=31773"},{"taxonomy":"product_cat","embeddable":true,"href":"https:\/\/furnura.shop\/en\/wp-json\/wp\/v2\/product_cat?post=31773"},{"taxonomy":"product_tag","embeddable":true,"href":"https:\/\/furnura.shop\/en\/wp-json\/wp\/v2\/product_tag?post=31773"}],"curies":[{"name":"wp","href":"https:\/\/api.w.org\/{rel}","templated":true}]}}