{"id":31784,"date":"2026-05-13T18:37:28","date_gmt":"2026-05-13T18:37:28","guid":{"rendered":"https:\/\/furnura.shop\/product\/gvdv-gerateschuppen-metall-236-x-171-x-197-cm-geratehaus-mit-beluftung-abschliessbaren-turen-wetterfester-outdoor-gerateschrank-fur-garten-terrasse-hof-fur-fahrrader-werkzeuge-rasenmaher\/"},"modified":"2026-05-13T18:37:28","modified_gmt":"2026-05-13T18:37:28","slug":"gvdv-gerateschuppen-metall-236-x-171-x-197-cm-geratehaus-mit-beluftung-abschliessbaren-turen-wetterfester-outdoor-gerateschrank-fur-garten-terrasse-hof-fur-fahrrader-werkzeuge-rasenmaher","status":"publish","type":"product","link":"https:\/\/furnura.shop\/en\/product\/gvdv-gerateschuppen-metall-236-x-171-x-197-cm-geratehaus-mit-beluftung-abschliessbaren-turen-wetterfester-outdoor-gerateschrank-fur-garten-terrasse-hof-fur-fahrrader-werkzeuge-rasenmaher\/","title":{"rendered":"GVDV Ger\u00e4tehaus Metall 236x171x197 cm Abschlie\u00dfbar Bel\u00fcftung Wetterfest Fahrr\u00e4der Rasenm\u00e4her Garten"},"content":{"rendered":"<p><strong>Product Overview<\/strong><\/p>\n<ul>\n<li>\n<strong>Marke:<\/strong> GVDV<\/li>\n<li>\n<strong>Farbe:<\/strong> 8 X 6 FT<\/li>\n<li>\n<strong>Material:<\/strong> Metall<\/li>\n<li>\n<strong>Produktabmessungen:<\/strong> 1,59T x 2,36B x 1,97H m<\/li>\n<li>\n<strong>Artikelgewicht:<\/strong> 59 Kilogramm<\/li>\n<\/ul>\n<p><strong>Product Features<\/strong><\/p>\n<ul>\n<li>PLATZ F\u00dcR FAHRR\u00c4DER &#038; GER\u00c4TE \u2013 Das GVDV Gartenhaus misst au\u00dfen 236 \u00d7 171 \u00d7 197 cm (T \u00d7 B \u00d7 H) und bietet mit 3,55 m\u00b2 Grundfl\u00e4che sowie 5,65 m\u00b3 Volumen ausreichend Platz f\u00fcr zwei Fahrr\u00e4der, einen Rasenm\u00e4her sowie Werkzeug und saisonale Gartenartikel. Praktisch, robust und ideal f\u00fcr kleine bis mittelgro\u00dfe G\u00e4rten<\/li>\n<li>STABIL UND LANGLEBIG &#8211; Das Ger\u00e4tehaus besteht aus verzinktem Stahl mit UV-best\u00e4ndiger Pulverbeschichtung \u2013 wetterfest und rostfrei. Dank stabilem Metallrahmen und verst\u00e4rkten T\u00fcrscharnieren bleibt der Schuppen auch bei Wind und Wetter zuverl\u00e4ssig und langlebig \u2013 ideal f\u00fcr den dauerhaften Au\u00dfeneinsatz<\/li>\n<li>REGENSICHER UND BEL\u00dcFTET &#8211; Das geneigte Dach verhindert Wasseransammlungen, w\u00e4hrend integrierte L\u00fcftungs\u00f6ffnungen f\u00fcr gute Luftzirkulation sorgen \u2013 ideal zum Schutz vor Feuchtigkeit und Schimmel. Abschlie\u00dfbare T\u00fcren und Schutzkappen sichern Gartenger\u00e4te, Fahrr\u00e4der oder Elektrospielzeug zuverl\u00e4ssig<\/li>\n<li>VIELSEITIG EINSETZBAR &#8211; Nicht nur als Ger\u00e4tehaus \u2013 nutzen Sie den GVDV Schuppen flexibel als Fahrradgarage, Haustierhaus oder Abstellraum f\u00fcr M\u00fclltonnen. Perfekt, um verschiedene Gartenbereiche funktional und optisch ansprechend zu organisieren<\/li>\n<li>SCHNELLER AUFBAU &#8211; Alle Teile sind beschriftet und die Montage ist unkompliziert. Zwei Paar Handschuhe sind im Lieferumfang enthalten. Bei Fragen steht Ihnen unser Kundenservice zur Seite \u2013 f\u00fcr einen stressfreien Aufbau des Gartenhauses<\/li>\n<\/ul>\n<p><strong>Product Information<\/strong><\/p>\n<ul>\n<table style=\"margin-bottom:20px\">\n<tbody>\n<tr>\n<td><strong>Artikel Abmessungen T x B x H<\/strong><\/td>\n<td>1,59T x 2,36B x 1,97H m<\/td>\n<\/tr>\n<tr>\n<td><strong>Artikelgewicht<\/strong><\/td>\n<td>59 Kilogramm<\/td>\n<\/tr>\n<tr>\n<td><strong>Bodenbereich<\/strong><\/td>\n<td>3,6 quadratmeter<\/td>\n<\/tr>\n<tr>\n<td><strong>T\u00fcrbreite<\/strong><\/td>\n<td>119 Zentimeter<\/td>\n<\/tr>\n<tr>\n<td><strong>T\u00fcrh\u00f6he<\/strong><\/td>\n<td>159,3 Zentimeter<\/td>\n<\/tr>\n<tr>\n<td><strong>Farbe<\/strong><\/td>\n<td>8 X 6 FT<\/td>\n<\/tr>\n<tr>\n<td><strong>Stil\/Form<\/strong><\/td>\n<td>Moderner Minimalismus<\/td>\n<\/tr>\n<tr>\n<td><strong>T\u00fcrstil<\/strong><\/td>\n<td>Fenstert\u00fcren<\/td>\n<\/tr>\n<tr>\n<td><strong>Wasserbest\u00e4ndigkeit<\/strong><\/td>\n<td>Wasserdicht<\/td>\n<\/tr>\n<tr>\n<td><strong>Erforderliche Montage<\/strong><\/td>\n<td>Ja<\/td>\n<\/tr>\n<tr>\n<td><strong>Material<\/strong><\/td>\n<td>Metall<\/td>\n<\/tr>\n<tr>\n<td><strong>Basismaterial<\/strong><\/td>\n<td>Metall<\/td>\n<\/tr>\n<tr>\n<td><strong>Materialart der Oberseite<\/strong><\/td>\n<td>Metall<\/td>\n<\/tr>\n<tr>\n<td><strong>Rahmenmaterial<\/strong><\/td>\n<td>verzinkter Stahl<\/td>\n<\/tr>\n<tr>\n<td><strong>Marke<\/strong><\/td>\n<td>GVDV<\/td>\n<\/tr>\n<tr>\n<td><strong>Hersteller<\/strong><\/td>\n<td>GVDV<\/td>\n<\/tr>\n<tr>\n<td><strong>Global Trade Identification Number<\/strong><\/td>\n<td>00850072979557<\/td>\n<\/tr>\n<tr>\n<td><strong>Artikelnummer<\/strong><\/td>\n<td>UK-GD-T13-8X6<\/td>\n<\/tr>\n<tr>\n<td><strong>Modellnummer<\/strong><\/td>\n<td>UK-GD-T13-8X6<\/td>\n<\/tr>\n<tr>\n<td><strong>Herkunftsland<\/strong><\/td>\n<td>China<\/td>\n<\/tr>\n<tr>\n<td><strong>Amazon Bestseller-Rang<\/strong><\/td>\n<td><\/td>\n<\/tr>\n<tr>\n<td><strong>ASIN<\/strong><\/td>\n<td>B0F5WXDT8Y<\/td>\n<\/tr>\n<tr>\n<td><strong>Durchschnittliche Kundenbewertung<\/strong><\/td>\n<td><\/td>\n<\/tr>\n<\/tbody>\n<\/table>\n<\/ul>","protected":false},"excerpt":{"rendered":"<p>Product Overview Marke: GVDV Farbe: 8 X 6 FT Material: Metall Produktabmessungen: 1,59T x 2,36B x 1,97H m Artikelgewicht: 59<\/p>","protected":false},"featured_media":32008,"comment_status":"open","ping_status":"closed","template":"","meta":[],"product_brand":[],"product_cat":[153],"product_tag":[],"class_list":{"0":"post-31784","1":"product","2":"type-product","3":"status-publish","4":"has-post-thumbnail","6":"product_cat-gartenhaeuser-geraeteschuppen","8":"first","9":"instock","10":"sale","11":"shipping-taxable","12":"purchasable","13":"product-type-variable"},"_links":{"self":[{"href":"https:\/\/furnura.shop\/en\/wp-json\/wp\/v2\/product\/31784","targetHints":{"allow":["GET"]}}],"collection":[{"href":"https:\/\/furnura.shop\/en\/wp-json\/wp\/v2\/product"}],"about":[{"href":"https:\/\/furnura.shop\/en\/wp-json\/wp\/v2\/types\/product"}],"replies":[{"embeddable":true,"href":"https:\/\/furnura.shop\/en\/wp-json\/wp\/v2\/comments?post=31784"}],"version-history":[{"count":0,"href":"https:\/\/furnura.shop\/en\/wp-json\/wp\/v2\/product\/31784\/revisions"}],"wp:featuredmedia":[{"embeddable":true,"href":"https:\/\/furnura.shop\/en\/wp-json\/wp\/v2\/media\/32008"}],"wp:attachment":[{"href":"https:\/\/furnura.shop\/en\/wp-json\/wp\/v2\/media?parent=31784"}],"wp:term":[{"taxonomy":"product_brand","embeddable":true,"href":"https:\/\/furnura.shop\/en\/wp-json\/wp\/v2\/product_brand?post=31784"},{"taxonomy":"product_cat","embeddable":true,"href":"https:\/\/furnura.shop\/en\/wp-json\/wp\/v2\/product_cat?post=31784"},{"taxonomy":"product_tag","embeddable":true,"href":"https:\/\/furnura.shop\/en\/wp-json\/wp\/v2\/product_tag?post=31784"}],"curies":[{"name":"wp","href":"https:\/\/api.w.org\/{rel}","templated":true}]}}