{"id":31787,"date":"2026-05-13T18:37:30","date_gmt":"2026-05-13T18:37:30","guid":{"rendered":"https:\/\/furnura.shop\/product\/hattoro-s200-xxl-metall-geratehaus-277x191x192cm-gerateschuppen-garten-schuppen-gartenhaus-satteldach-anthrazit\/"},"modified":"2026-05-13T18:37:33","modified_gmt":"2026-05-13T18:37:33","slug":"hattoro-s200-xxl-metall-geratehaus-277x191x192cm-gerateschuppen-garten-schuppen-gartenhaus-satteldach-anthrazit","status":"publish","type":"product","link":"https:\/\/furnura.shop\/en\/product\/hattoro-s200-xxl-metall-geratehaus-277x191x192cm-gerateschuppen-garten-schuppen-gartenhaus-satteldach-anthrazit\/","title":{"rendered":"Hattoro S200 Ger\u00e4tehaus Metall XXL 277x191x192 cm Satteldach Gartenschuppen Anthrazit"},"content":{"rendered":"<p><strong>Product Overview<\/strong><\/p>\n<ul>\n<li>\n<strong>Marke:<\/strong> HATTORO<\/li>\n<li>\n<strong>Farbe:<\/strong> Anthrazit<\/li>\n<li>\n<strong>Material:<\/strong> Metall<\/li>\n<li>\n<strong>Produktabmessungen:<\/strong> 1,91T x 2,77B x 1,92H m<\/li>\n<li>\n<strong>Artikelgewicht:<\/strong> 70 Kilogramm<\/li>\n<\/ul>\n<p><strong>Product Features<\/strong><\/p>\n<ul>\n<li>Dieser praktische Ger\u00e4teschuppen bietet gen\u00fcgend Platz f\u00fcr Ihre Garten-Utensilien. Das Material ist wetterbest\u00e4ndig gegen Sonne, Regen und Schnee \u2013 Das Stahlblech ist verzinkt und lackiert<\/li>\n<li>Modell: S200 &#8211; Ma\u00dfe: ca. 277 \u00d7 191 \u00d7 192 cm (BxTxH) T\u00fcrbreite: ca. 96 cm mit Schloss-Riegel &#8211; Satteldach &#8211; Farbe: Anthrazit &#8211; Platzierung an Hauswand m\u00f6glich<\/li>\n<li>Abschlie\u00dfbarer Gartenschrank (das Vorh\u00e4ngeschloss ist nicht in der Lieferung enthalten) \u2013 ideal f\u00fcr den Au\u00dfenbereich, wasserfest und stabil &#8211; inkl. Metall-Rahmen zur Fundamentierung (kein Fundament oder Bodenplatten enthalten)<\/li>\n<li>Zum Verstauen von Ger\u00e4ten und Utensilien im Outdoor-Bereich \u2013 Neu und original verpackt<\/li>\n<li>Lieferung zerlegt in Paketen \u2013 Einfach und zuverl\u00e4ssig nach Hause geliefert<\/li>\n<\/ul>\n<p><strong>Product Information<\/strong><\/p>\n<ul>\n<table style=\"margin-bottom:20px\">\n<tbody>\n<tr>\n<td><strong>Artikel Abmessungen T x B x H<\/strong><\/td>\n<td>1,91T x 2,77B x 1,92H m<\/td>\n<\/tr>\n<tr>\n<td><strong>Artikelgewicht<\/strong><\/td>\n<td>70 Kilogramm<\/td>\n<\/tr>\n<tr>\n<td><strong>T\u00fcrbreite<\/strong><\/td>\n<td>96 Zentimeter<\/td>\n<\/tr>\n<tr>\n<td><strong>T\u00fcrh\u00f6he<\/strong><\/td>\n<td>152 Zentimeter<\/td>\n<\/tr>\n<tr>\n<td><strong>Kammerh\u00f6he<\/strong><\/td>\n<td>192 Zentimeter<\/td>\n<\/tr>\n<tr>\n<td><strong>Kammertiefe<\/strong><\/td>\n<td>191 Zentimeter<\/td>\n<\/tr>\n<tr>\n<td><strong>Farbe<\/strong><\/td>\n<td>Anthrazit<\/td>\n<\/tr>\n<tr>\n<td><strong>Stil\/Form<\/strong><\/td>\n<td>Verstellbar, Outdoor, Terrasse, Garten<\/td>\n<\/tr>\n<tr>\n<td><strong>T\u00fcrstil<\/strong><\/td>\n<td>Schiebet\u00fcren<\/td>\n<\/tr>\n<tr>\n<td><strong>Wasserbest\u00e4ndigkeit<\/strong><\/td>\n<td>Wasserdicht<\/td>\n<\/tr>\n<tr>\n<td><strong>Schutz vor UV-Strahlung<\/strong><\/td>\n<td>True<\/td>\n<\/tr>\n<tr>\n<td><strong>Erforderliche Montage<\/strong><\/td>\n<td>Ja<\/td>\n<\/tr>\n<tr>\n<td><strong>Material<\/strong><\/td>\n<td>Metall<\/td>\n<\/tr>\n<tr>\n<td><strong>Basismaterial<\/strong><\/td>\n<td>Metall<\/td>\n<\/tr>\n<tr>\n<td><strong>Materialart der Oberseite<\/strong><\/td>\n<td>Metall<\/td>\n<\/tr>\n<tr>\n<td><strong>Rahmenmaterial<\/strong><\/td>\n<td>Metall<\/td>\n<\/tr>\n<tr>\n<td><strong>Marke<\/strong><\/td>\n<td>HATTORO<\/td>\n<\/tr>\n<tr>\n<td><strong>Hersteller<\/strong><\/td>\n<td>Clic-Trade GmbH<\/td>\n<\/tr>\n<tr>\n<td><strong>Artikelnummer<\/strong><\/td>\n<td>96622<\/td>\n<\/tr>\n<tr>\n<td><strong>Anzahl von Einheiten<\/strong><\/td>\n<td>1.0 st\u00fcck<\/td>\n<\/tr>\n<tr>\n<td><strong>Herkunftsland<\/strong><\/td>\n<td>China<\/td>\n<\/tr>\n<tr>\n<td><strong>Amazon Bestseller-Rang<\/strong><\/td>\n<td><\/td>\n<\/tr>\n<tr>\n<td><strong>ASIN<\/strong><\/td>\n<td>B08GY42M77<\/td>\n<\/tr>\n<tr>\n<td><strong>Durchschnittliche Kundenbewertung<\/strong><\/td>\n<td><\/td>\n<\/tr>\n<\/tbody>\n<\/table>\n<\/ul>","protected":false},"excerpt":{"rendered":"<p>Product Overview Marke: HATTORO Farbe: Anthrazit Material: Metall Produktabmessungen: 1,91T x 2,77B x 1,92H m Artikelgewicht: 70 Kilogramm Product Features<\/p>","protected":false},"featured_media":32015,"comment_status":"open","ping_status":"closed","template":"","meta":[],"product_brand":[],"product_cat":[153],"product_tag":[],"class_list":{"0":"post-31787","1":"product","2":"type-product","3":"status-publish","4":"has-post-thumbnail","6":"product_cat-gartenhaeuser-geraeteschuppen","8":"first","9":"instock","10":"sale","11":"shipping-taxable","12":"purchasable","13":"product-type-variable"},"_links":{"self":[{"href":"https:\/\/furnura.shop\/en\/wp-json\/wp\/v2\/product\/31787","targetHints":{"allow":["GET"]}}],"collection":[{"href":"https:\/\/furnura.shop\/en\/wp-json\/wp\/v2\/product"}],"about":[{"href":"https:\/\/furnura.shop\/en\/wp-json\/wp\/v2\/types\/product"}],"replies":[{"embeddable":true,"href":"https:\/\/furnura.shop\/en\/wp-json\/wp\/v2\/comments?post=31787"}],"version-history":[{"count":0,"href":"https:\/\/furnura.shop\/en\/wp-json\/wp\/v2\/product\/31787\/revisions"}],"wp:featuredmedia":[{"embeddable":true,"href":"https:\/\/furnura.shop\/en\/wp-json\/wp\/v2\/media\/32015"}],"wp:attachment":[{"href":"https:\/\/furnura.shop\/en\/wp-json\/wp\/v2\/media?parent=31787"}],"wp:term":[{"taxonomy":"product_brand","embeddable":true,"href":"https:\/\/furnura.shop\/en\/wp-json\/wp\/v2\/product_brand?post=31787"},{"taxonomy":"product_cat","embeddable":true,"href":"https:\/\/furnura.shop\/en\/wp-json\/wp\/v2\/product_cat?post=31787"},{"taxonomy":"product_tag","embeddable":true,"href":"https:\/\/furnura.shop\/en\/wp-json\/wp\/v2\/product_tag?post=31787"}],"curies":[{"name":"wp","href":"https:\/\/api.w.org\/{rel}","templated":true}]}}