{"id":31799,"date":"2026-05-13T18:37:30","date_gmt":"2026-05-13T18:37:30","guid":{"rendered":"https:\/\/furnura.shop\/product\/juskys-gerateschuppen-metall-xl-gartenhaus-geratehaus-mit-schiebetur-fundamentrahmen-schloss-wetterfester-gartenschrank-zur-aufbewahrung-dunkelgrau\/"},"modified":"2026-05-13T18:37:33","modified_gmt":"2026-05-13T18:37:33","slug":"juskys-gerateschuppen-metall-xl-gartenhaus-geratehaus-mit-schiebetur-fundamentrahmen-schloss-wetterfester-gartenschrank-zur-aufbewahrung-dunkelgrau","status":"publish","type":"product","link":"https:\/\/furnura.shop\/en\/product\/juskys-gerateschuppen-metall-xl-gartenhaus-geratehaus-mit-schiebetur-fundamentrahmen-schloss-wetterfester-gartenschrank-zur-aufbewahrung-dunkelgrau\/","title":{"rendered":"Juskys Ger\u00e4tehaus Metall XL Schiebet\u00fcr Fundamentrahmen Schloss Wetterfest Gartenschrank Dunkelgrau"},"content":{"rendered":"<p><strong>Product Overview<\/strong><\/p>\n<ul>\n<li>\n<strong>Marke:<\/strong> Juskys<\/li>\n<li>\n<strong>Farbe:<\/strong> Dunkelgrau<\/li>\n<li>\n<strong>Material:<\/strong> Kunststoff, Legierter Stahl, Metall<\/li>\n<li>\n<strong>Produktabmessungen:<\/strong> 1,96T x 2,8B x 1,9H m<\/li>\n<li>\n<strong>Artikelgewicht:<\/strong> 70 Kilogramm<\/li>\n<\/ul>\n<p><strong>Product Features<\/strong><\/p>\n<ul>\n<li>&#x2705; Wetterbest\u00e4ndig: Robustes Ger\u00e4tehaus XL mit Satteldach in dunkelgrau aus verzinktem Stahlrahmen; Witterungsbest\u00e4ndig; langlebig, stabil &#038; pflegeleicht<\/li>\n<li>&#x2705; Kompakt: Ger\u00e4teschuppen mit 280 x 196 x 190 cm (BxTxH) mit 9 m\u00b3 Lagerfl\u00e4che; zur Aufbewahrung von Outdoor-Spielzeug und verschiedenen Ger\u00e4ten;<\/li>\n<li>&#x2705; F\u00fcr mehr Ordnung: Ger\u00e4tehaus in platzsparendem Design f\u00fcr den kleinen Garten, Schrebergarten oder den Reihenhausgarten; modern gehalten mit Satteldach; Kantenschutz am Dach<\/li>\n<li>&#x2705; Leichter Zugang: Gartenschuppen mit platzsparender Schiebet\u00fcr; breite \u00d6ffnung 96 x 152 cm erlaubt den Transport von sperrigem Gartenzubeh\u00f6r; bequemes T\u00fcr\u00f6ffnen selbst bei Schnee<\/li>\n<li>&#x2705; Starker Fundamentrahmen: Gartenhaus mit stabilem Rahmen aus Stahl; gleicht Unebenheiten des Gartenbodens aus; bietet besonders sicheren Stand; erm\u00f6glicht Einbau von zus\u00e4tzlichem Boden<\/li>\n<\/ul>\n<p><strong>Product Information<\/strong><\/p>\n<ul>\n<table style=\"margin-bottom:20px\">\n<tbody>\n<tr>\n<td><strong>Artikel Abmessungen T x B x H<\/strong><\/td>\n<td>1,96T x 2,8B x 1,9H m<\/td>\n<\/tr>\n<tr>\n<td><strong>Artikelgewicht<\/strong><\/td>\n<td>70 Kilogramm<\/td>\n<\/tr>\n<tr>\n<td><strong>Marke<\/strong><\/td>\n<td>Juskys<\/td>\n<\/tr>\n<tr>\n<td><strong>Hersteller<\/strong><\/td>\n<td>Juskys Gruppe GmbH<\/td>\n<\/tr>\n<tr>\n<td><strong>Artikelnummer<\/strong><\/td>\n<td>302183<\/td>\n<\/tr>\n<tr>\n<td><strong>Modellnummer<\/strong><\/td>\n<td>302183<\/td>\n<\/tr>\n<tr>\n<td><strong>Anzahl von Einheiten<\/strong><\/td>\n<td>1.0 st\u00fcck<\/td>\n<\/tr>\n<tr>\n<td><strong>Herkunftsland<\/strong><\/td>\n<td>China<\/td>\n<\/tr>\n<tr>\n<td><strong>Amazon Bestseller-Rang<\/strong><\/td>\n<td><\/td>\n<\/tr>\n<tr>\n<td><strong>ASIN<\/strong><\/td>\n<td>B0FNX4MQ57<\/td>\n<\/tr>\n<tr>\n<td><strong>Durchschnittliche Kundenbewertung<\/strong><\/td>\n<td><\/td>\n<\/tr>\n<tr>\n<td><strong>Material<\/strong><\/td>\n<td>Kunststoff, Legierter Stahl, Metall<\/td>\n<\/tr>\n<tr>\n<td><strong>Basismaterial<\/strong><\/td>\n<td>Stahlblech<\/td>\n<\/tr>\n<tr>\n<td><strong>Materialart der Oberseite<\/strong><\/td>\n<td>Metall<\/td>\n<\/tr>\n<tr>\n<td><strong>Rahmenmaterial<\/strong><\/td>\n<td>Legierter Stahl<\/td>\n<\/tr>\n<tr>\n<td><strong>Farbe<\/strong><\/td>\n<td>Dunkelgrau<\/td>\n<\/tr>\n<tr>\n<td><strong>Stil\/Form<\/strong><\/td>\n<td>Modern<\/td>\n<\/tr>\n<tr>\n<td><strong>T\u00fcrstil<\/strong><\/td>\n<td>Schiebet\u00fcren<\/td>\n<\/tr>\n<tr>\n<td><strong>Wasserbest\u00e4ndigkeit<\/strong><\/td>\n<td>Wasserdicht<\/td>\n<\/tr>\n<tr>\n<td><strong>Erforderliche Montage<\/strong><\/td>\n<td>Ja<\/td>\n<\/tr>\n<\/tbody>\n<\/table>\n<\/ul>","protected":false},"excerpt":{"rendered":"<p>Product Overview Marke: Juskys Farbe: Dunkelgrau Material: Kunststoff, Legierter Stahl, Metall Produktabmessungen: 1,96T x 2,8B x 1,9H m Artikelgewicht: 70<\/p>","protected":false},"featured_media":32037,"comment_status":"open","ping_status":"closed","template":"","meta":[],"product_brand":[],"product_cat":[153],"product_tag":[],"class_list":{"0":"post-31799","1":"product","2":"type-product","3":"status-publish","4":"has-post-thumbnail","6":"product_cat-gartenhaeuser-geraeteschuppen","8":"first","9":"instock","10":"sale","11":"shipping-taxable","12":"purchasable","13":"product-type-variable"},"_links":{"self":[{"href":"https:\/\/furnura.shop\/en\/wp-json\/wp\/v2\/product\/31799","targetHints":{"allow":["GET"]}}],"collection":[{"href":"https:\/\/furnura.shop\/en\/wp-json\/wp\/v2\/product"}],"about":[{"href":"https:\/\/furnura.shop\/en\/wp-json\/wp\/v2\/types\/product"}],"replies":[{"embeddable":true,"href":"https:\/\/furnura.shop\/en\/wp-json\/wp\/v2\/comments?post=31799"}],"version-history":[{"count":0,"href":"https:\/\/furnura.shop\/en\/wp-json\/wp\/v2\/product\/31799\/revisions"}],"wp:featuredmedia":[{"embeddable":true,"href":"https:\/\/furnura.shop\/en\/wp-json\/wp\/v2\/media\/32037"}],"wp:attachment":[{"href":"https:\/\/furnura.shop\/en\/wp-json\/wp\/v2\/media?parent=31799"}],"wp:term":[{"taxonomy":"product_brand","embeddable":true,"href":"https:\/\/furnura.shop\/en\/wp-json\/wp\/v2\/product_brand?post=31799"},{"taxonomy":"product_cat","embeddable":true,"href":"https:\/\/furnura.shop\/en\/wp-json\/wp\/v2\/product_cat?post=31799"},{"taxonomy":"product_tag","embeddable":true,"href":"https:\/\/furnura.shop\/en\/wp-json\/wp\/v2\/product_tag?post=31799"}],"curies":[{"name":"wp","href":"https:\/\/api.w.org\/{rel}","templated":true}]}}