{"id":31808,"date":"2026-05-13T18:37:31","date_gmt":"2026-05-13T18:37:31","guid":{"rendered":"https:\/\/furnura.shop\/product\/outsunny-verzinkter-stahl-geratehaus-2-43-213x131x192cm-einfach-montage-gerateschuppen-mit-satteldach-abschliessbarer-schiebetur-wetterfest-gartenhaus-outdoor-garten-schuppen-fur-aussenbereich-grau\/"},"modified":"2026-05-13T18:37:31","modified_gmt":"2026-05-13T18:37:31","slug":"outsunny-verzinkter-stahl-geratehaus-2-43-213x131x192cm-einfach-montage-gerateschuppen-mit-satteldach-abschliessbarer-schiebetur-wetterfest-gartenhaus-outdoor-garten-schuppen-fur-aussenbereich-grau","status":"publish","type":"product","link":"https:\/\/furnura.shop\/en\/product\/outsunny-verzinkter-stahl-geratehaus-2-43-213x131x192cm-einfach-montage-gerateschuppen-mit-satteldach-abschliessbarer-schiebetur-wetterfest-gartenhaus-outdoor-garten-schuppen-fur-aussenbereich-grau\/","title":{"rendered":"Outsunny Ger\u00e4tehaus Metall 213x131x192 cm 2,43m\u00b2 Satteldach Schiebet\u00fcr Abschlie\u00dfbar Wetterfest Grau"},"content":{"rendered":"<p><strong>Product Overview<\/strong><\/p>\n<ul>\n<li>\n<strong>Marke:<\/strong> Outsunny<\/li>\n<li>\n<strong>Farbe:<\/strong> Grau<\/li>\n<li>\n<strong>Material:<\/strong> Legierter Stahl<\/li>\n<li>\n<strong>Produktabmessungen:<\/strong> 1,31T x 2,13B x 1,92H m<\/li>\n<li>\n<strong>Artikelgewicht:<\/strong> 51 Kilogramm<\/li>\n<\/ul>\n<p><strong>Product Features<\/strong><\/p>\n<ul>\n<li>Sparen Sie bis zu EINER Stunde: Im Gegensatz zu herk\u00f6mmlichen Gartenh\u00e4usern mit komplizierten vertikalen Paneelen reduzieren unsere innovativen horizontalen Wandpaneele den Montageaufwand erheblich und steigern die Effizienz um 25 %<\/li>\n<li>Wetterfeste Konstruktion: Aus verzinktem Stahl hergestellt, ist dieser Gartenschuppen gegen Rost, Blasen, Risse und Verformungen resistent. Er sch\u00fctzt Ihre Gegenst\u00e4nde zuverl\u00e4ssig und h\u00e4lt sie trocken und sicher<\/li>\n<li>Sicherer Zugang: Dieses Gartenhaus bietet doppelte T\u00fcren mit den Ma\u00dfen 96B x 156H cm f\u00fcr bequemes Be- und Entladen. Zus\u00e4tzlich ist der Schuppen abschlie\u00dfbar (Schloss nicht enthalten), um Ihre Gegenst\u00e4nde sicher aufzubewahren<\/li>\n<li>Verbesserte Luftzirkulation: Mit vier integrierten L\u00fcftungs\u00f6ffnungen gew\u00e4hrleistet dieser Gartenschuppen eine effektive Luftzirkulation, die Feuchtigkeit und Ger\u00fcche minimiert<\/li>\n<li>Ger\u00e4umige Aufbewahrungsl\u00f6sung: Maximieren Sie die Organisation Ihres Au\u00dfenbereichs mit diesem ger\u00e4umigen Ger\u00e4teschuppen (213L x 131B x 192H cm). Mit 2,3 m\u00b2 Platz ist er die perfekte L\u00f6sung f\u00fcr die ordentliche Aufbewahrung von Gartenger\u00e4ten, Ausr\u00fcstung und Gartenm\u00f6beln.<\/li>\n<\/ul>\n<p><strong>Product Information<\/strong><\/p>\n<ul>\n<table style=\"margin-bottom:20px\">\n<tbody>\n<tr>\n<td><strong>Artikel Abmessungen T x B x H<\/strong><\/td>\n<td>1,31T x 2,13B x 1,92H m<\/td>\n<\/tr>\n<tr>\n<td><strong>Artikelgewicht<\/strong><\/td>\n<td>51 Kilogramm<\/td>\n<\/tr>\n<tr>\n<td><strong>Bodenbereich<\/strong><\/td>\n<td>2,43 quadratmeter<\/td>\n<\/tr>\n<tr>\n<td><strong>T\u00fcrbreite<\/strong><\/td>\n<td>96 Zentimeter<\/td>\n<\/tr>\n<tr>\n<td><strong>T\u00fcrh\u00f6he<\/strong><\/td>\n<td>156 Zentimeter<\/td>\n<\/tr>\n<tr>\n<td><strong>Kammertiefe<\/strong><\/td>\n<td>114 Zentimeter<\/td>\n<\/tr>\n<tr>\n<td><strong>Kammerbreite<\/strong><\/td>\n<td>203 Zentimeter<\/td>\n<\/tr>\n<tr>\n<td><strong>Farbe<\/strong><\/td>\n<td>Grau<\/td>\n<\/tr>\n<tr>\n<td><strong>Stil\/Form<\/strong><\/td>\n<td>Garten<\/td>\n<\/tr>\n<tr>\n<td><strong>T\u00fcrstil<\/strong><\/td>\n<td>Schiebet\u00fcren<\/td>\n<\/tr>\n<tr>\n<td><strong>Wasserbest\u00e4ndigkeit<\/strong><\/td>\n<td>Wasserdicht<\/td>\n<\/tr>\n<tr>\n<td><strong>Schutz vor UV-Strahlung<\/strong><\/td>\n<td>Ja<\/td>\n<\/tr>\n<tr>\n<td><strong>Erforderliche Montage<\/strong><\/td>\n<td>Ja<\/td>\n<\/tr>\n<tr>\n<td><strong>Material<\/strong><\/td>\n<td>Legierter Stahl<\/td>\n<\/tr>\n<tr>\n<td><strong>Basismaterial<\/strong><\/td>\n<td>Legierter Stahl<\/td>\n<\/tr>\n<tr>\n<td><strong>Materialart der Oberseite<\/strong><\/td>\n<td>Metall<\/td>\n<\/tr>\n<tr>\n<td><strong>Rahmenmaterial<\/strong><\/td>\n<td>Legierter Stahl<\/td>\n<\/tr>\n<tr>\n<td><strong>Marke<\/strong><\/td>\n<td>Outsunny<\/td>\n<\/tr>\n<tr>\n<td><strong>Hersteller<\/strong><\/td>\n<td>MH Handel GmbH<\/td>\n<\/tr>\n<tr>\n<td><strong>Artikelnummer<\/strong><\/td>\n<td>DE84H-352V00SR0431<\/td>\n<\/tr>\n<tr>\n<td><strong>Modellnummer<\/strong><\/td>\n<td>84H-352V00SR<\/td>\n<\/tr>\n<tr>\n<td><strong>Anzahl von Einheiten<\/strong><\/td>\n<td>1.0 st\u00fcck<\/td>\n<\/tr>\n<tr>\n<td><strong>Herkunftsland<\/strong><\/td>\n<td>China<\/td>\n<\/tr>\n<tr>\n<td><strong>Amazon Bestseller-Rang<\/strong><\/td>\n<td><\/td>\n<\/tr>\n<tr>\n<td><strong>ASIN<\/strong><\/td>\n<td>B0DW41KCFZ<\/td>\n<\/tr>\n<tr>\n<td><strong>Durchschnittliche Kundenbewertung<\/strong><\/td>\n<td><\/td>\n<\/tr>\n<\/tbody>\n<\/table>\n<\/ul>","protected":false},"excerpt":{"rendered":"<p>Product Overview Marke: Outsunny Farbe: Grau Material: Legierter Stahl Produktabmessungen: 1,31T x 2,13B x 1,92H m Artikelgewicht: 51 Kilogramm Product<\/p>","protected":false},"featured_media":32052,"comment_status":"open","ping_status":"closed","template":"","meta":[],"product_brand":[],"product_cat":[153],"product_tag":[],"class_list":{"0":"post-31808","1":"product","2":"type-product","3":"status-publish","4":"has-post-thumbnail","6":"product_cat-gartenhaeuser-geraeteschuppen","8":"first","9":"instock","10":"sale","11":"shipping-taxable","12":"purchasable","13":"product-type-simple"},"_links":{"self":[{"href":"https:\/\/furnura.shop\/en\/wp-json\/wp\/v2\/product\/31808","targetHints":{"allow":["GET"]}}],"collection":[{"href":"https:\/\/furnura.shop\/en\/wp-json\/wp\/v2\/product"}],"about":[{"href":"https:\/\/furnura.shop\/en\/wp-json\/wp\/v2\/types\/product"}],"replies":[{"embeddable":true,"href":"https:\/\/furnura.shop\/en\/wp-json\/wp\/v2\/comments?post=31808"}],"version-history":[{"count":0,"href":"https:\/\/furnura.shop\/en\/wp-json\/wp\/v2\/product\/31808\/revisions"}],"wp:featuredmedia":[{"embeddable":true,"href":"https:\/\/furnura.shop\/en\/wp-json\/wp\/v2\/media\/32052"}],"wp:attachment":[{"href":"https:\/\/furnura.shop\/en\/wp-json\/wp\/v2\/media?parent=31808"}],"wp:term":[{"taxonomy":"product_brand","embeddable":true,"href":"https:\/\/furnura.shop\/en\/wp-json\/wp\/v2\/product_brand?post=31808"},{"taxonomy":"product_cat","embeddable":true,"href":"https:\/\/furnura.shop\/en\/wp-json\/wp\/v2\/product_cat?post=31808"},{"taxonomy":"product_tag","embeddable":true,"href":"https:\/\/furnura.shop\/en\/wp-json\/wp\/v2\/product_tag?post=31808"}],"curies":[{"name":"wp","href":"https:\/\/api.w.org\/{rel}","templated":true}]}}