{"id":31809,"date":"2026-05-13T18:37:31","date_gmt":"2026-05-13T18:37:31","guid":{"rendered":"https:\/\/furnura.shop\/product\/outsunny-geratehaus-4-4-m-gartenhaus-mit-pultdach-schiebetur-fundament-einfach-montage-240-x-206-x-198-cm-gerateschuppen-aus-verzinkter-stahl-wetterfest-fur-garten-teak\/"},"modified":"2026-05-13T18:37:33","modified_gmt":"2026-05-13T18:37:33","slug":"outsunny-geratehaus-4-4-m-gartenhaus-mit-pultdach-schiebetur-fundament-einfach-montage-240-x-206-x-198-cm-gerateschuppen-aus-verzinkter-stahl-wetterfest-fur-garten-teak","status":"publish","type":"product","link":"https:\/\/furnura.shop\/en\/product\/outsunny-geratehaus-4-4-m-gartenhaus-mit-pultdach-schiebetur-fundament-einfach-montage-240-x-206-x-198-cm-gerateschuppen-aus-verzinkter-stahl-wetterfest-fur-garten-teak\/","title":{"rendered":"Outsunny Ger\u00e4tehaus Metall 4,4m\u00b2 240x206x198 cm Pultdach Schiebet\u00fcr Fundament Wetterfest Teak"},"content":{"rendered":"<p><strong>Product Overview<\/strong><\/p>\n<ul>\n<li>\n<strong>Marke:<\/strong> Outsunny<\/li>\n<li>\n<strong>Farbe:<\/strong> Teak<\/li>\n<li>\n<strong>Material:<\/strong> Legierter Stahl<\/li>\n<li>\n<strong>Produktabmessungen:<\/strong> 2,06T x 2,4B x 1,98H m<\/li>\n<li>\n<strong>Artikelgewicht:<\/strong> 77 Kilogramm<\/li>\n<\/ul>\n<p><strong>Product Features<\/strong><\/p>\n<ul>\n<li>Sparen Sie bis zu EINER Stunde Zeit: Im Gegensatz zu herk\u00f6mmlichen Gartenh\u00e4usern mit komplizierten vertikalen Paneelen reduzieren unsere innovativen horizontalen Wandpaneele den Montageaufwand erheblich und steigern die Effizienz beim Aufbauen um 25 %<\/li>\n<li>Wetterfest und stabil: Der wasserfeste, verzinkte Stahlrahmen macht diese Metall-Gartenh\u00fctte ideal f\u00fcr den ganzj\u00e4hrigen Einsatz im Freien. Der Bodenrahmen sorgt f\u00fcr zus\u00e4tzliche Stabilit\u00e4t und h\u00e4lt den Bodenbelag vor Feuchtigkeit gesch\u00fctzt<\/li>\n<li>Einfacher Zugang: Die Doppelschiebet\u00fcren des Fahrradschuppens \u00f6ffnen sich weit und verf\u00fcgen \u00fcber eine kleine Rampe, sodass Sie m\u00fchelos Gegenst\u00e4nde mit R\u00e4dern hineinrollen k\u00f6nnen. An einem sonnigen Tag k\u00f6nnen Sie die Gartenbank ausrollen, um mit der Familie Blumen zu pflanzen<\/li>\n<li>Sicher und gesch\u00fctzt: Sch\u00fctzen Sie Ihre Werkzeuge und Ausr\u00fcstung mit dem mitgelieferten Vorh\u00e4ngeschloss. Mit der Gewissheit, dass Ihre Outdoor-Ausr\u00fcstung sicher im Metall-Gartenhaus verstaut ist, k\u00f6nnen Sie mit Ihrer Familie gemeinsam den Tag genie\u00dfen<\/li>\n<li>Kompakt f\u00fcr kleine G\u00e4rten: Dieser 240L x 206B x 198H cm gro\u00dfe Gartenschuppen bietet Platz f\u00fcr einen Rasenm\u00e4her, ein Fahrrad oder langstielige Rechen und Schaufeln. 4 L\u00fcftungsfenster verhindern Probleme mit Feuchtigkeit und Ger\u00fcchen<\/li>\n<\/ul>\n<p><strong>Product Information<\/strong><\/p>\n<ul>\n<table style=\"margin-bottom:20px\">\n<tbody>\n<tr>\n<td><strong>Artikel Abmessungen T x B x H<\/strong><\/td>\n<td>2,06T x 2,4B x 1,98H m<\/td>\n<\/tr>\n<tr>\n<td><strong>Artikelgewicht<\/strong><\/td>\n<td>77 Kilogramm<\/td>\n<\/tr>\n<tr>\n<td><strong>Bodenbereich<\/strong><\/td>\n<td>4,4 quadratmeter<\/td>\n<\/tr>\n<tr>\n<td><strong>T\u00fcrbreite<\/strong><\/td>\n<td>96 Zentimeter<\/td>\n<\/tr>\n<tr>\n<td><strong>T\u00fcrh\u00f6he<\/strong><\/td>\n<td>160 Zentimeter<\/td>\n<\/tr>\n<tr>\n<td><strong>Farbe<\/strong><\/td>\n<td>Teak<\/td>\n<\/tr>\n<tr>\n<td><strong>Stil\/Form<\/strong><\/td>\n<td>Modern<\/td>\n<\/tr>\n<tr>\n<td><strong>T\u00fcrstil<\/strong><\/td>\n<td>Zweifach T\u00fcr<\/td>\n<\/tr>\n<tr>\n<td><strong>Wasserbest\u00e4ndigkeit<\/strong><\/td>\n<td>Wasserdicht<\/td>\n<\/tr>\n<tr>\n<td><strong>Erforderliche Montage<\/strong><\/td>\n<td>Ja<\/td>\n<\/tr>\n<tr>\n<td><strong>Material<\/strong><\/td>\n<td>Legierter Stahl<\/td>\n<\/tr>\n<tr>\n<td><strong>Basismaterial<\/strong><\/td>\n<td>Legierter Stahl<\/td>\n<\/tr>\n<tr>\n<td><strong>Materialart der Oberseite<\/strong><\/td>\n<td>verzinkter Stahl<\/td>\n<\/tr>\n<tr>\n<td><strong>Rahmenmaterial<\/strong><\/td>\n<td>verzinkter Stahl<\/td>\n<\/tr>\n<tr>\n<td><strong>Marke<\/strong><\/td>\n<td>Outsunny<\/td>\n<\/tr>\n<tr>\n<td><strong>Hersteller<\/strong><\/td>\n<td>MH Handel GmbH<\/td>\n<\/tr>\n<tr>\n<td><strong>Artikelnummer<\/strong><\/td>\n<td>DE845-857V00TK0431<\/td>\n<\/tr>\n<tr>\n<td><strong>Modellnummer<\/strong><\/td>\n<td>845-857V00TK<\/td>\n<\/tr>\n<tr>\n<td><strong>Anzahl von Einheiten<\/strong><\/td>\n<td>1.0 st\u00fcck<\/td>\n<\/tr>\n<tr>\n<td><strong>Herkunftsland<\/strong><\/td>\n<td>China<\/td>\n<\/tr>\n<tr>\n<td><strong>Amazon Bestseller-Rang<\/strong><\/td>\n<td><\/td>\n<\/tr>\n<tr>\n<td><strong>ASIN<\/strong><\/td>\n<td>B0GLXW6R2V<\/td>\n<\/tr>\n<\/tbody>\n<\/table>\n<\/ul>","protected":false},"excerpt":{"rendered":"<p>Product Overview Marke: Outsunny Farbe: Teak Material: Legierter Stahl Produktabmessungen: 2,06T x 2,4B x 1,98H m Artikelgewicht: 77 Kilogramm Product<\/p>","protected":false},"featured_media":32064,"comment_status":"open","ping_status":"closed","template":"","meta":[],"product_brand":[],"product_cat":[153],"product_tag":[],"class_list":{"0":"post-31809","1":"product","2":"type-product","3":"status-publish","4":"has-post-thumbnail","6":"product_cat-gartenhaeuser-geraeteschuppen","8":"first","9":"instock","10":"sale","11":"shipping-taxable","12":"purchasable","13":"product-type-variable"},"_links":{"self":[{"href":"https:\/\/furnura.shop\/en\/wp-json\/wp\/v2\/product\/31809","targetHints":{"allow":["GET"]}}],"collection":[{"href":"https:\/\/furnura.shop\/en\/wp-json\/wp\/v2\/product"}],"about":[{"href":"https:\/\/furnura.shop\/en\/wp-json\/wp\/v2\/types\/product"}],"replies":[{"embeddable":true,"href":"https:\/\/furnura.shop\/en\/wp-json\/wp\/v2\/comments?post=31809"}],"version-history":[{"count":0,"href":"https:\/\/furnura.shop\/en\/wp-json\/wp\/v2\/product\/31809\/revisions"}],"wp:featuredmedia":[{"embeddable":true,"href":"https:\/\/furnura.shop\/en\/wp-json\/wp\/v2\/media\/32064"}],"wp:attachment":[{"href":"https:\/\/furnura.shop\/en\/wp-json\/wp\/v2\/media?parent=31809"}],"wp:term":[{"taxonomy":"product_brand","embeddable":true,"href":"https:\/\/furnura.shop\/en\/wp-json\/wp\/v2\/product_brand?post=31809"},{"taxonomy":"product_cat","embeddable":true,"href":"https:\/\/furnura.shop\/en\/wp-json\/wp\/v2\/product_cat?post=31809"},{"taxonomy":"product_tag","embeddable":true,"href":"https:\/\/furnura.shop\/en\/wp-json\/wp\/v2\/product_tag?post=31809"}],"curies":[{"name":"wp","href":"https:\/\/api.w.org\/{rel}","templated":true}]}}