{"id":31813,"date":"2026-05-13T18:37:32","date_gmt":"2026-05-13T18:37:32","guid":{"rendered":"https:\/\/furnura.shop\/product\/outsunny-geratehaus-4-9-m-gartenhaus-mit-satteldach-schiebetur-fundament-277-x-195-x-192-cm-gerateschuppen-aus-verzinkter-stahl-wetterfest-fur-garten-dunkelgrau\/"},"modified":"2026-05-13T18:37:33","modified_gmt":"2026-05-13T18:37:33","slug":"outsunny-geratehaus-4-9-m-gartenhaus-mit-satteldach-schiebetur-fundament-277-x-195-x-192-cm-gerateschuppen-aus-verzinkter-stahl-wetterfest-fur-garten-dunkelgrau","status":"publish","type":"product","link":"https:\/\/furnura.shop\/en\/product\/outsunny-geratehaus-4-9-m-gartenhaus-mit-satteldach-schiebetur-fundament-277-x-195-x-192-cm-gerateschuppen-aus-verzinkter-stahl-wetterfest-fur-garten-dunkelgrau\/","title":{"rendered":"Outsunny Ger\u00e4tehaus Metall 4,9m\u00b2 277x195x192 cm Satteldach Schiebet\u00fcr Fundament Wetterfest Dunkelgrau"},"content":{"rendered":"<p><strong>Product Overview<\/strong><\/p>\n<ul>\n<li>\n<strong>Marke:<\/strong> Outsunny<\/li>\n<li>\n<strong>Farbe:<\/strong> Dunkelgrau<\/li>\n<li>\n<strong>Material:<\/strong> Legierter Stahl<\/li>\n<li>\n<strong>Produktabmessungen:<\/strong> 1,95T x 2,77B x 1,92H m<\/li>\n<li>\n<strong>Artikelgewicht:<\/strong> 64,5 Kilogramm<\/li>\n<\/ul>\n<p><strong>Product Features<\/strong><\/p>\n<ul>\n<li>277L x 195B cm Gr\u00f6\u00dfe : Dieser Ger\u00e4teschuppen bietet viel Platz f\u00fcr Gartenger\u00e4te, Ausr\u00fcstung und Zubeh\u00f6r f\u00fcr den Au\u00dfenbereich und hilft so, wertvollen Garagenplatz freizugeben, Unordnung im Garten zu reduzieren und einen sauberen, ordentlichen Au\u00dfenbereich wiederherzustellen.<\/li>\n<li>Stahlkonstruktion: Dank der witterungsbest\u00e4ndigen Decklackierung ist dieser Metall-Gartenschuppen robust und langlebig. Das integrierte Fundament erm\u00f6glicht die Verlegung eines eigenen Bodens und sch\u00fctzt Ihre Gartenger\u00e4te vor Bodenfeuchtigkeit.<\/li>\n<li>2 Schiebet\u00fcren: Zwei leichtg\u00e4ngige Schiebet\u00fcren des Ger\u00e4teschuppens erleichtern Ihnen den Zugang zum Inneren des Schuppens und sch\u00fctzen den Schuppen vor starken Windb\u00f6en.<\/li>\n<li>Gute Bel\u00fcftung: Je 2 Fenster\u00f6ffnungen an Vorder- und R\u00fcckseite des Ger\u00e4tehauses sorgen f\u00fcr eine angenehme Bel\u00fcftung.<\/li>\n<li>Gesamtma\u00dfe zum Gartenhaus: 277L x 195B x 192H cm.<\/li>\n<\/ul>\n<p><strong>Product Information<\/strong><\/p>\n<ul>\n<table style=\"margin-bottom:20px\">\n<tbody>\n<tr>\n<td><strong>Artikel Abmessungen T x B x H<\/strong><\/td>\n<td>1,95T x 2,77B x 1,92H m<\/td>\n<\/tr>\n<tr>\n<td><strong>Artikelgewicht<\/strong><\/td>\n<td>64,5 Kilogramm<\/td>\n<\/tr>\n<tr>\n<td><strong>Bodenbereich<\/strong><\/td>\n<td>4,9 quadratmeter<\/td>\n<\/tr>\n<tr>\n<td><strong>T\u00fcrbreite<\/strong><\/td>\n<td>96 Zentimeter<\/td>\n<\/tr>\n<tr>\n<td><strong>T\u00fcrh\u00f6he<\/strong><\/td>\n<td>152 Zentimeter<\/td>\n<\/tr>\n<tr>\n<td><strong>Kammerh\u00f6he<\/strong><\/td>\n<td>192 Zentimeter<\/td>\n<\/tr>\n<tr>\n<td><strong>Kammertiefe<\/strong><\/td>\n<td>181 Zentimeter<\/td>\n<\/tr>\n<tr>\n<td><strong>Kammerbreite<\/strong><\/td>\n<td>267 Zentimeter<\/td>\n<\/tr>\n<tr>\n<td><strong>Farbe<\/strong><\/td>\n<td>Dunkelgrau<\/td>\n<\/tr>\n<tr>\n<td><strong>Stil\/Form<\/strong><\/td>\n<td>Garten<\/td>\n<\/tr>\n<tr>\n<td><strong>T\u00fcrstil<\/strong><\/td>\n<td>Schiebet\u00fcren, Schiebet\u00fcren<\/td>\n<\/tr>\n<tr>\n<td><strong>Wasserbest\u00e4ndigkeit<\/strong><\/td>\n<td>Wasserdicht<\/td>\n<\/tr>\n<tr>\n<td><strong>Max. Nutzlast<\/strong><\/td>\n<td>4 Pfund<\/td>\n<\/tr>\n<tr>\n<td><strong>Schutz vor UV-Strahlung<\/strong><\/td>\n<td>Ja<\/td>\n<\/tr>\n<tr>\n<td><strong>Erforderliche Montage<\/strong><\/td>\n<td>Ja<\/td>\n<\/tr>\n<tr>\n<td><strong>Material<\/strong><\/td>\n<td>Legierter Stahl<\/td>\n<\/tr>\n<tr>\n<td><strong>Basismaterial<\/strong><\/td>\n<td>Legierter Stahl<\/td>\n<\/tr>\n<tr>\n<td><strong>Materialart der Oberseite<\/strong><\/td>\n<td>Metall<\/td>\n<\/tr>\n<tr>\n<td><strong>Rahmenmaterial<\/strong><\/td>\n<td>Legierter Stahl<\/td>\n<\/tr>\n<tr>\n<td><strong>Marke<\/strong><\/td>\n<td>Outsunny<\/td>\n<\/tr>\n<tr>\n<td><strong>Hersteller<\/strong><\/td>\n<td>MH Handel GmbH<\/td>\n<\/tr>\n<tr>\n<td><strong>UPC<\/strong><\/td>\n<td>842525186360<\/td>\n<\/tr>\n<tr>\n<td><strong>Artikelnummer<\/strong><\/td>\n<td>DE845-031CG0431<\/td>\n<\/tr>\n<tr>\n<td><strong>Modellnummer<\/strong><\/td>\n<td>845-031CG<\/td>\n<\/tr>\n<tr>\n<td><strong>Enthaltene Komponenten<\/strong><\/td>\n<td>1 x Ger\u00e4tehaus (mit Bodenrahmen)<\/td>\n<\/tr>\n<tr>\n<td><strong>Herkunftsland<\/strong><\/td>\n<td>China<\/td>\n<\/tr>\n<tr>\n<td><strong>Amazon Bestseller-Rang<\/strong><\/td>\n<td><\/td>\n<\/tr>\n<tr>\n<td><strong>ASIN<\/strong><\/td>\n<td>B09TVHF9V5<\/td>\n<\/tr>\n<tr>\n<td><strong>Durchschnittliche Kundenbewertung<\/strong><\/td>\n<td><\/td>\n<\/tr>\n<\/tbody>\n<\/table>\n<\/ul>","protected":false},"excerpt":{"rendered":"<p>Product Overview Marke: Outsunny Farbe: Dunkelgrau Material: Legierter Stahl Produktabmessungen: 1,95T x 2,77B x 1,92H m Artikelgewicht: 64,5 Kilogramm Product<\/p>","protected":false},"featured_media":32076,"comment_status":"open","ping_status":"closed","template":"","meta":[],"product_brand":[],"product_cat":[153],"product_tag":[],"class_list":{"0":"post-31813","1":"product","2":"type-product","3":"status-publish","4":"has-post-thumbnail","6":"product_cat-gartenhaeuser-geraeteschuppen","8":"first","9":"instock","10":"sale","11":"shipping-taxable","12":"purchasable","13":"product-type-variable"},"_links":{"self":[{"href":"https:\/\/furnura.shop\/en\/wp-json\/wp\/v2\/product\/31813","targetHints":{"allow":["GET"]}}],"collection":[{"href":"https:\/\/furnura.shop\/en\/wp-json\/wp\/v2\/product"}],"about":[{"href":"https:\/\/furnura.shop\/en\/wp-json\/wp\/v2\/types\/product"}],"replies":[{"embeddable":true,"href":"https:\/\/furnura.shop\/en\/wp-json\/wp\/v2\/comments?post=31813"}],"version-history":[{"count":0,"href":"https:\/\/furnura.shop\/en\/wp-json\/wp\/v2\/product\/31813\/revisions"}],"wp:featuredmedia":[{"embeddable":true,"href":"https:\/\/furnura.shop\/en\/wp-json\/wp\/v2\/media\/32076"}],"wp:attachment":[{"href":"https:\/\/furnura.shop\/en\/wp-json\/wp\/v2\/media?parent=31813"}],"wp:term":[{"taxonomy":"product_brand","embeddable":true,"href":"https:\/\/furnura.shop\/en\/wp-json\/wp\/v2\/product_brand?post=31813"},{"taxonomy":"product_cat","embeddable":true,"href":"https:\/\/furnura.shop\/en\/wp-json\/wp\/v2\/product_cat?post=31813"},{"taxonomy":"product_tag","embeddable":true,"href":"https:\/\/furnura.shop\/en\/wp-json\/wp\/v2\/product_tag?post=31813"}],"curies":[{"name":"wp","href":"https:\/\/api.w.org\/{rel}","templated":true}]}}