{"id":31828,"date":"2026-05-13T18:37:34","date_gmt":"2026-05-13T18:37:34","guid":{"rendered":"https:\/\/furnura.shop\/product\/outsunny-metall-geratehaus-6-3m-280x130x172cm-gerateschuppen-mit-pultdach-schiebetur-wetterfest-gartenhaus-outdoor-garten-schuppen-schrank-fur-hinterhof-aussenbereich-anthrazit-dunkelgrau\/"},"modified":"2026-05-13T18:37:36","modified_gmt":"2026-05-13T18:37:36","slug":"outsunny-metall-geratehaus-6-3m-280x130x172cm-gerateschuppen-mit-pultdach-schiebetur-wetterfest-gartenhaus-outdoor-garten-schuppen-schrank-fur-hinterhof-aussenbereich-anthrazit-dunkelgrau","status":"publish","type":"product","link":"https:\/\/furnura.shop\/en\/product\/outsunny-metall-geratehaus-6-3m-280x130x172cm-gerateschuppen-mit-pultdach-schiebetur-wetterfest-gartenhaus-outdoor-garten-schuppen-schrank-fur-hinterhof-aussenbereich-anthrazit-dunkelgrau\/","title":{"rendered":"Outsunny Ger\u00e4tehaus Metall 6,3m\u00b3 280x130x172 cm Pultdach Schiebet\u00fcr Wetterfest Gartenschuppen Anthrazit"},"content":{"rendered":"<p><strong>Product Overview<\/strong><\/p>\n<ul>\n<li>\n<strong>Marke:<\/strong> Outsunny<\/li>\n<li>\n<strong>Farbe:<\/strong> Dunkelgrau<\/li>\n<li>\n<strong>Material:<\/strong> Verzinktes Stahlblech, PP-Folie<\/li>\n<li>\n<strong>Produktabmessungen:<\/strong> 130T x 172B x 280H cm<\/li>\n<li>\n<strong>Artikelgewicht:<\/strong> 49 Kilogramm<\/li>\n<\/ul>\n<p><strong>Product Features<\/strong><\/p>\n<ul>\n<li>280L x 130B cm Gr\u00f6\u00dfe : Dieser Ger\u00e4teschuppen bietet viel Platz f\u00fcr Gartenger\u00e4te, Ausr\u00fcstung und Zubeh\u00f6r f\u00fcr den Au\u00dfenbereich und hilft so, wertvollen Garagenplatz freizugeben, Unordnung im Garten zu reduzieren und einen sauberen, ordentlichen Au\u00dfenbereich wiederherzustellen.<\/li>\n<li>Stahlkonstruktion: Dank der witterungsbest\u00e4ndigen Decklackierung ist dieser Metall-Gartenschuppen robust und langlebig. Das integrierte Fundament erm\u00f6glicht die Verlegung eines eigenen Bodens und sch\u00fctzt Ihre Gartenger\u00e4te vor Bodenfeuchtigkeit.<\/li>\n<li>Viel Stauraum: Der nutzbare Innenbereich betr\u00e4gt \u00fcber 3,2 m\u00b2 \u2013 eine Menge Platz f\u00fcr Ihre Werkzeuge, Fahrr\u00e4der und andere Gartenutensilien.<\/li>\n<li>Gute Luftzirkulation: Aufgrund der zwei L\u00fcftungsgitter bleibt die Luft im Ger\u00e4teschuppen immer frisch und es sammeln sich keine Ger\u00fcche.<\/li>\n<li>Einfache und Schnelle Montage: Mit g\u00e4ngigen Werkzeugen und der Anleitung l\u00e4sst sich das Ger\u00e4tehaus schnell aufbauen. Hinweis: Messen Sie das Fundament in Ihrem Au\u00dfenbereich genau aus, bevor Sie diesen Artikel kaufen. Die Montage dauert 2-3 Personen 3 Stunden; bitte tragen Sie w\u00e4hrend der Montage Handschuhe.<\/li>\n<\/ul>\n<p><strong>Product Information<\/strong><\/p>\n<ul>\n<table style=\"margin-bottom:20px\">\n<tbody>\n<tr>\n<td><strong>Artikel Abmessungen T x B x H<\/strong><\/td>\n<td>130T x 172B x 280H cm<\/td>\n<\/tr>\n<tr>\n<td><strong>Artikelgewicht<\/strong><\/td>\n<td>49 Kilogramm<\/td>\n<\/tr>\n<tr>\n<td><strong>Bodenbereich<\/strong><\/td>\n<td>3,2 quadratmeter<\/td>\n<\/tr>\n<tr>\n<td><strong>T\u00fcrbreite<\/strong><\/td>\n<td>96 Zentimeter<\/td>\n<\/tr>\n<tr>\n<td><strong>T\u00fcrh\u00f6he<\/strong><\/td>\n<td>152 Zentimeter<\/td>\n<\/tr>\n<tr>\n<td><strong>Kammerh\u00f6he<\/strong><\/td>\n<td>172 Zentimeter<\/td>\n<\/tr>\n<tr>\n<td><strong>Kammertiefe<\/strong><\/td>\n<td>116 Zentimeter<\/td>\n<\/tr>\n<tr>\n<td><strong>Kammerbreite<\/strong><\/td>\n<td>266 Zentimeter<\/td>\n<\/tr>\n<tr>\n<td><strong>Farbe<\/strong><\/td>\n<td>Dunkelgrau<\/td>\n<\/tr>\n<tr>\n<td><strong>Stil\/Form<\/strong><\/td>\n<td>Industrial<\/td>\n<\/tr>\n<tr>\n<td><strong>T\u00fcrstil<\/strong><\/td>\n<td>Schiebet\u00fcren<\/td>\n<\/tr>\n<tr>\n<td><strong>Wasserbest\u00e4ndigkeit<\/strong><\/td>\n<td>Wasserdicht<\/td>\n<\/tr>\n<tr>\n<td><strong>Max. Nutzlast<\/strong><\/td>\n<td>20 Kilogramm<\/td>\n<\/tr>\n<tr>\n<td><strong>Schutz vor UV-Strahlung<\/strong><\/td>\n<td>Ja<\/td>\n<\/tr>\n<tr>\n<td><strong>Erforderliche Montage<\/strong><\/td>\n<td>Ja<\/td>\n<\/tr>\n<tr>\n<td><strong>Material<\/strong><\/td>\n<td>Verzinktes Stahlblech, PP-Folie<\/td>\n<\/tr>\n<tr>\n<td><strong>Basismaterial<\/strong><\/td>\n<td>Stahlblech, PP-Folie verzinkt<\/td>\n<\/tr>\n<tr>\n<td><strong>Materialart der Oberseite<\/strong><\/td>\n<td>Verzinktes Stahlblech<\/td>\n<\/tr>\n<tr>\n<td><strong>Rahmenmaterial<\/strong><\/td>\n<td>Legierter Stahl<\/td>\n<\/tr>\n<tr>\n<td><strong>Marke<\/strong><\/td>\n<td>Outsunny<\/td>\n<\/tr>\n<tr>\n<td><strong>Hersteller<\/strong><\/td>\n<td>MH Handel GmbH<\/td>\n<\/tr>\n<tr>\n<td><strong>Artikelnummer<\/strong><\/td>\n<td>DE845-032CG0431<\/td>\n<\/tr>\n<tr>\n<td><strong>Modellnummer<\/strong><\/td>\n<td>845-032CG<\/td>\n<\/tr>\n<tr>\n<td><strong>Anzahl von Einheiten<\/strong><\/td>\n<td>1.0 st\u00fcck<\/td>\n<\/tr>\n<tr>\n<td><strong>Enthaltene Komponenten<\/strong><\/td>\n<td>1 x Ger\u00e4tehaus (mit Fundament)<\/td>\n<\/tr>\n<tr>\n<td><strong>Herkunftsland<\/strong><\/td>\n<td>China<\/td>\n<\/tr>\n<tr>\n<td><strong>Amazon Bestseller-Rang<\/strong><\/td>\n<td><\/td>\n<\/tr>\n<tr>\n<td><strong>ASIN<\/strong><\/td>\n<td>B0841JL4RG<\/td>\n<\/tr>\n<tr>\n<td><strong>Durchschnittliche Kundenbewertung<\/strong><\/td>\n<td><\/td>\n<\/tr>\n<\/tbody>\n<\/table>\n<\/ul>","protected":false},"excerpt":{"rendered":"<p>Product Overview Marke: Outsunny Farbe: Dunkelgrau Material: Verzinktes Stahlblech, PP-Folie Produktabmessungen: 130T x 172B x 280H cm Artikelgewicht: 49 Kilogramm<\/p>","protected":false},"featured_media":32099,"comment_status":"open","ping_status":"closed","template":"","meta":[],"product_brand":[],"product_cat":[153],"product_tag":[],"class_list":{"0":"post-31828","1":"product","2":"type-product","3":"status-publish","4":"has-post-thumbnail","6":"product_cat-gartenhaeuser-geraeteschuppen","8":"first","9":"instock","10":"sale","11":"shipping-taxable","12":"purchasable","13":"product-type-variable"},"_links":{"self":[{"href":"https:\/\/furnura.shop\/en\/wp-json\/wp\/v2\/product\/31828","targetHints":{"allow":["GET"]}}],"collection":[{"href":"https:\/\/furnura.shop\/en\/wp-json\/wp\/v2\/product"}],"about":[{"href":"https:\/\/furnura.shop\/en\/wp-json\/wp\/v2\/types\/product"}],"replies":[{"embeddable":true,"href":"https:\/\/furnura.shop\/en\/wp-json\/wp\/v2\/comments?post=31828"}],"version-history":[{"count":0,"href":"https:\/\/furnura.shop\/en\/wp-json\/wp\/v2\/product\/31828\/revisions"}],"wp:featuredmedia":[{"embeddable":true,"href":"https:\/\/furnura.shop\/en\/wp-json\/wp\/v2\/media\/32099"}],"wp:attachment":[{"href":"https:\/\/furnura.shop\/en\/wp-json\/wp\/v2\/media?parent=31828"}],"wp:term":[{"taxonomy":"product_brand","embeddable":true,"href":"https:\/\/furnura.shop\/en\/wp-json\/wp\/v2\/product_brand?post=31828"},{"taxonomy":"product_cat","embeddable":true,"href":"https:\/\/furnura.shop\/en\/wp-json\/wp\/v2\/product_cat?post=31828"},{"taxonomy":"product_tag","embeddable":true,"href":"https:\/\/furnura.shop\/en\/wp-json\/wp\/v2\/product_tag?post=31828"}],"curies":[{"name":"wp","href":"https:\/\/api.w.org\/{rel}","templated":true}]}}