{"id":31832,"date":"2026-05-13T18:37:34","date_gmt":"2026-05-13T18:37:34","guid":{"rendered":"https:\/\/furnura.shop\/product\/tectake-metall-gartenhaus-mit-satteldach-gerateschuppen-garten-mit-schiebetur-geratehaus-mit-metallfundament-als-gartenschuppen-gartenhutte-oder-fahrradgarage-4-m-lagerflache-grau-weiss\/"},"modified":"2026-05-13T18:37:36","modified_gmt":"2026-05-13T18:37:36","slug":"tectake-metall-gartenhaus-mit-satteldach-gerateschuppen-garten-mit-schiebetur-geratehaus-mit-metallfundament-als-gartenschuppen-gartenhutte-oder-fahrradgarage-4-m-lagerflache-grau-weiss","status":"publish","type":"product","link":"https:\/\/furnura.shop\/en\/product\/tectake-metall-gartenhaus-mit-satteldach-gerateschuppen-garten-mit-schiebetur-geratehaus-mit-metallfundament-als-gartenschuppen-gartenhutte-oder-fahrradgarage-4-m-lagerflache-grau-weiss\/","title":{"rendered":"Tectake Ger\u00e4tehaus Metall Satteldach 4m\u00b3 Schiebet\u00fcr Metallfundament Gartenschuppen Fahrradgarage Grau Wei\u00df"},"content":{"rendered":"<p><strong>Product Overview<\/strong><\/p>\n<ul>\n<li>\n<strong>Marke:<\/strong> tectake<\/li>\n<li>\n<strong>Farbe:<\/strong> Typ 8 | Grau-Wei\u00df | Nr. 404520<\/li>\n<li>\n<strong>Material:<\/strong> Legierter Stahl<\/li>\n<li>\n<strong>Produktabmessungen:<\/strong> 214T x 130B x 185H cm<\/li>\n<li>\n<strong>Artikelgewicht:<\/strong> 54 Kilogramm<\/li>\n<\/ul>\n<p><strong>Product Features<\/strong><\/p>\n<ul>\n<li>MEHR ALS NUR EINE BLECHH\u00dcTTE : Unsere Gartenh\u00e4user pr\u00e4sentieren sich mit einem robusten, lackierten Stahlkorpus und einem soliden Metallfundament, das au\u00dfergew\u00f6hnliche Stabilit\u00e4t verspricht. Ideal f\u00fcr alle Wetterbedingungen, bietet es eine dauerhafte L\u00f6sung f\u00fcr Deine Aufbewahrungsbed\u00fcrfnisse. Ein wahrer Hingucker in Deinem Garten, der nicht nur praktisch, sondern auch \u00e4sthetisch ansprechend ist &#8211; das Ger\u00e4tehaus Garten von tectake,<\/li>\n<li>GER\u00c4TEH\u00c4USER ALS EFFIZIENTE LAGERL\u00d6SUNG: Entdecke den optimalen Stauraum f\u00fcr all Dein Garten Werkzeug, outdoor Deko oder Terrassenm\u00f6bel, selbst wenn Du nur \u00fcber begrenzten Platz verf\u00fcgst. Unser Ger\u00e4teschuppen Metall bietet eine gesch\u00fctzte Lagerfl\u00e4che, die Ordnung und \u00dcbersichtlichkeit gew\u00e4hrleistet. Die perfekte Kombination aus Funktionalit\u00e4t und Effizienz f\u00fcr Deinen Garten. Das Haus ist auch als Fahrradunterstand nutzbar und durch die schr\u00e4ge Bodenleiste leicht befahrbar.<\/li>\n<li>GARTENSCHRANK MIT EINFACHEM ZUGANG &#038; SICHERHEIT: Ausgestattet mit praktischen Schiebet\u00fcren, erm\u00f6glicht unser Gartenhaus Metall leichten Zugang zu Deinen Gartenwerkzeugen oder der Garten Deko drau\u00dfen, w\u00e4hrend die Option zur Anbringung eines Vorh\u00e4ngeschlosses am Ger\u00e4tehaus Metall zus\u00e4tzliche Sicherheit f\u00fcr wertvollen Gegenst\u00e4nde bietet. Ein durchdachtes Design, das Komfort und Schutz in den Vordergrund stellt.<\/li>\n<li>KLEINE GARTENH\u00c4USER MIT OPTIMIERTER BEL\u00dcFTUNG: Mit funktionalen Bel\u00fcftungsschlitzen konzipiert, bietet unser Gartenhaus Metall eine ideale Umgebung zur Lagerung Deiner Ausr\u00fcstung. Diese innovativen Schlitze unserer Gartenh\u00e4user aus Metall f\u00f6rdern die Luftzirkulation, verhindern Feuchtigkeit und Schimmelbildung und sch\u00fctzen somit Deine Gegenst\u00e4nde unter allen Bedingungen. Die idealen Voraussetzungen f\u00fcr Dein neues Gartenger\u00e4tehaus!<\/li>\n<li>MULTIFUNKTIONALER UNTERSTAND: Mehr als nur ein einfacher Schuppen \u2013 unsere Gartenh\u00e4user &#038; Aufbewahrung dienen als multifunktionaler Unterstand f\u00fcr alles, von der Schubkarre bis hin zur Nutzung als Fahrradgarage wetterfest. Die Vielseitigkeit der Gartenh\u00e4user Metall machen sie zu einem unverzichtbaren Bestandteil Deines Au\u00dfenbereichs, der Effizienz und Stil m\u00fchelos vereint.<\/li>\n<\/ul>\n<p><strong>Product Information<\/strong><\/p>\n<ul>\n<table style=\"margin-bottom:20px\">\n<tbody>\n<tr>\n<td><strong>Artikel Abmessungen T x B x H<\/strong><\/td>\n<td>214T x 130B x 185H cm<\/td>\n<\/tr>\n<tr>\n<td><strong>Artikelgewicht<\/strong><\/td>\n<td>54 Kilogramm<\/td>\n<\/tr>\n<tr>\n<td><strong>Bodenbereich<\/strong><\/td>\n<td>23115 Quadratzentimeter<\/td>\n<\/tr>\n<tr>\n<td><strong>T\u00fcrbreite<\/strong><\/td>\n<td>93 Zentimeter<\/td>\n<\/tr>\n<tr>\n<td><strong>T\u00fcrh\u00f6he<\/strong><\/td>\n<td>185 Zentimeter<\/td>\n<\/tr>\n<tr>\n<td><strong>Kammertiefe<\/strong><\/td>\n<td>214 Zentimeter<\/td>\n<\/tr>\n<tr>\n<td><strong>Farbe<\/strong><\/td>\n<td>Typ 8 | Grau-Wei\u00df | Nr. 404520<\/td>\n<\/tr>\n<tr>\n<td><strong>Stil\/Form<\/strong><\/td>\n<td>Garten<\/td>\n<\/tr>\n<tr>\n<td><strong>T\u00fcrstil<\/strong><\/td>\n<td>Schiebet\u00fcren<\/td>\n<\/tr>\n<tr>\n<td><strong>Wasserbest\u00e4ndigkeit<\/strong><\/td>\n<td>Wasserfest<\/td>\n<\/tr>\n<tr>\n<td><strong>Erforderliche Montage<\/strong><\/td>\n<td>Ja<\/td>\n<\/tr>\n<tr>\n<td><strong>Material<\/strong><\/td>\n<td>Legierter Stahl<\/td>\n<\/tr>\n<tr>\n<td><strong>Basismaterial<\/strong><\/td>\n<td>Metall<\/td>\n<\/tr>\n<tr>\n<td><strong>Materialart der Oberseite<\/strong><\/td>\n<td>Metall<\/td>\n<\/tr>\n<tr>\n<td><strong>Rahmenmaterial<\/strong><\/td>\n<td>Legierter Stahl<\/td>\n<\/tr>\n<tr>\n<td><strong>Marke<\/strong><\/td>\n<td>tectake<\/td>\n<\/tr>\n<tr>\n<td><strong>Hersteller<\/strong><\/td>\n<td>TecTake GmbH<\/td>\n<\/tr>\n<tr>\n<td><strong>Global Trade Identification Number<\/strong><\/td>\n<td>04061173210180<\/td>\n<\/tr>\n<tr>\n<td><strong>Artikelnummer<\/strong><\/td>\n<td>404520<\/td>\n<\/tr>\n<tr>\n<td><strong>Modellnummer<\/strong><\/td>\n<td>404520<\/td>\n<\/tr>\n<tr>\n<td><strong>Anzahl von Einheiten<\/strong><\/td>\n<td>1.0 st\u00fcck<\/td>\n<\/tr>\n<tr>\n<td><strong>Herkunftsland<\/strong><\/td>\n<td>China<\/td>\n<\/tr>\n<tr>\n<td><strong>Amazon Bestseller-Rang<\/strong><\/td>\n<td><\/td>\n<\/tr>\n<tr>\n<td><strong>ASIN<\/strong><\/td>\n<td>B09YYMD5V1<\/td>\n<\/tr>\n<tr>\n<td><strong>Durchschnittliche Kundenbewertung<\/strong><\/td>\n<td><\/td>\n<\/tr>\n<\/tbody>\n<\/table>\n<\/ul>","protected":false},"excerpt":{"rendered":"<p>Product Overview Marke: tectake Farbe: Typ 8 | Grau-Wei\u00df | Nr. 404520 Material: Legierter Stahl Produktabmessungen: 214T x 130B x<\/p>","protected":false},"featured_media":32111,"comment_status":"open","ping_status":"closed","template":"","meta":[],"product_brand":[],"product_cat":[153],"product_tag":[],"class_list":{"0":"post-31832","1":"product","2":"type-product","3":"status-publish","4":"has-post-thumbnail","6":"product_cat-gartenhaeuser-geraeteschuppen","8":"first","9":"instock","10":"sale","11":"shipping-taxable","12":"purchasable","13":"product-type-variable"},"_links":{"self":[{"href":"https:\/\/furnura.shop\/en\/wp-json\/wp\/v2\/product\/31832","targetHints":{"allow":["GET"]}}],"collection":[{"href":"https:\/\/furnura.shop\/en\/wp-json\/wp\/v2\/product"}],"about":[{"href":"https:\/\/furnura.shop\/en\/wp-json\/wp\/v2\/types\/product"}],"replies":[{"embeddable":true,"href":"https:\/\/furnura.shop\/en\/wp-json\/wp\/v2\/comments?post=31832"}],"version-history":[{"count":0,"href":"https:\/\/furnura.shop\/en\/wp-json\/wp\/v2\/product\/31832\/revisions"}],"wp:featuredmedia":[{"embeddable":true,"href":"https:\/\/furnura.shop\/en\/wp-json\/wp\/v2\/media\/32111"}],"wp:attachment":[{"href":"https:\/\/furnura.shop\/en\/wp-json\/wp\/v2\/media?parent=31832"}],"wp:term":[{"taxonomy":"product_brand","embeddable":true,"href":"https:\/\/furnura.shop\/en\/wp-json\/wp\/v2\/product_brand?post=31832"},{"taxonomy":"product_cat","embeddable":true,"href":"https:\/\/furnura.shop\/en\/wp-json\/wp\/v2\/product_cat?post=31832"},{"taxonomy":"product_tag","embeddable":true,"href":"https:\/\/furnura.shop\/en\/wp-json\/wp\/v2\/product_tag?post=31832"}],"curies":[{"name":"wp","href":"https:\/\/api.w.org\/{rel}","templated":true}]}}