{"id":31835,"date":"2026-05-13T18:37:34","date_gmt":"2026-05-13T18:37:34","guid":{"rendered":"https:\/\/furnura.shop\/product\/thanaddo-8-6ft-geratehaus-metall-gross-gerateschuppen-240x192x191-cm-mit-fundamentrahmen-wetterfest-gartenhaus-mit-satteldach-abschliessbarer-tur-gartenschuppen-fur-outdoor-garten-hinterhof-grau\/"},"modified":"2026-05-13T18:37:36","modified_gmt":"2026-05-13T18:37:36","slug":"thanaddo-8-6ft-geratehaus-metall-gross-gerateschuppen-240x192x191-cm-mit-fundamentrahmen-wetterfest-gartenhaus-mit-satteldach-abschliessbarer-tur-gartenschuppen-fur-outdoor-garten-hinterhof-grau","status":"publish","type":"product","link":"https:\/\/furnura.shop\/en\/product\/thanaddo-8-6ft-geratehaus-metall-gross-gerateschuppen-240x192x191-cm-mit-fundamentrahmen-wetterfest-gartenhaus-mit-satteldach-abschliessbarer-tur-gartenschuppen-fur-outdoor-garten-hinterhof-grau\/","title":{"rendered":"Thanaddo Ger\u00e4tehaus Metall 240x192x191 cm Satteldach Fundamentrahmen Abschlie\u00dfbar Wetterfest Gartenschuppen Grau"},"content":{"rendered":"<p><strong>Product Overview<\/strong><\/p>\n<ul>\n<li>\n<strong>Marke:<\/strong> Thanaddo<\/li>\n<li>\n<strong>Farbe:<\/strong> Grau<\/li>\n<li>\n<strong>Material:<\/strong> Metall<\/li>\n<li>\n<strong>Produktabmessungen:<\/strong> 1,92T x 2,4B x 1,91H m<\/li>\n<li>\n<strong>Stil:<\/strong> Verstellbar, Outdoor, Terrasse, Garten<\/li>\n<\/ul>\n<p><strong>Product Features<\/strong><\/p>\n<ul>\n<li>\u3010Doppelt\u00fcrdesign f\u00fcr bequemes Ein- und Aussteigen\u3011Dieses Gartenh\u00e4uschen verf\u00fcgt \u00fcber ger\u00e4umige Doppelt\u00fcren, die sich vollst\u00e4ndig \u00f6ffnen lassen, sodass Sie alle Gegenst\u00e4nde, die Sie verstauen m\u00f6chten, problemlos hineinbringen k\u00f6nnen. F\u00fcr Rasenm\u00e4her, Grill, Gartenm\u00f6bel, Werkzeug oder Fahrr\u00e4der sauber aufzubewahren<\/li>\n<li>\u3010Ausreichend Stauraum\u3011Der Schuppen ist aus lackiertem und verzinktem Stahlblech,Aluminiumlegierung gefertigt. Gartenh\u00e4user sind in verschiedenen gro\u00dfen Gr\u00f6\u00dfen erh\u00e4ltlich. In Ihrem Ger\u00e4teschuppen k\u00f6nnen Sie zudem praktische Haken oder Aufbewahrungssysteme anbringen, um Schaufeln, Regenschirme, Antennen, Leitern und mehr zu organisieren<\/li>\n<li>\u3010Inklusive Bodenfundament\u3011bietet besonders sicheren Stand; erm\u00f6glicht Einbau von zus\u00e4tzlichem Boden. Das klassische Satteldach (Giebeldach) garantiert eine optimale Wasserableitung zu beiden Seiten und verhindert effektiv die Ansammlung von Schneelasten. Die T\u00fcr ist mit einem Riegel zum einfachen \u00d6ffnen und Schlie\u00dfen ausgestattet<\/li>\n<li>\u3010Professionelle Installationsanleitung\u3011Alle Teile dieses Outdoor Shuppens sind mit nummerierten Aufklebern versehen; eine Schritt-f\u00fcr-Schritt-Anleitung liegt bei. Wir liefern alles, was Sie brauchen \u2013 inklusive Montagehandschuhen und einer klaren Anleitung<\/li>\n<li>\u3010Transparente Schutzfolie\u3011Alle Produkte verf\u00fcgen \u00fcber eine transparente Schutzfolie, wenn die Folien das Aussehen nicht beeintr\u00e4chtigen, m\u00fcssen Sie sie nicht abrei\u00dfen. Sie dienen dazu, die Oberfl\u00e4che des Produkts vor Rost und Kratzern zu sch\u00fctzen und k\u00f6nnen die Lebensdauer verl\u00e4ngern<\/li>\n<\/ul>\n<p><strong>Product Information<\/strong><\/p>\n<ul>\n<table style=\"margin-bottom:20px\">\n<tbody>\n<tr>\n<td><strong>Artikel Abmessungen T x B x H<\/strong><\/td>\n<td>1,92T x 2,4B x 1,91H m<\/td>\n<\/tr>\n<tr>\n<td><strong>T\u00fcrbreite<\/strong><\/td>\n<td>106 Zentimeter<\/td>\n<\/tr>\n<tr>\n<td><strong>T\u00fcrh\u00f6he<\/strong><\/td>\n<td>153 Zentimeter<\/td>\n<\/tr>\n<tr>\n<td><strong>Kammertiefe<\/strong><\/td>\n<td>1.9E+2 Zentimeter<\/td>\n<\/tr>\n<tr>\n<td><strong>Marke<\/strong><\/td>\n<td>Thanaddo<\/td>\n<\/tr>\n<tr>\n<td><strong>Hersteller<\/strong><\/td>\n<td>Thanaddo<\/td>\n<\/tr>\n<tr>\n<td><strong>Artikelnummer<\/strong><\/td>\n<td>G0005-01GR<\/td>\n<\/tr>\n<tr>\n<td><strong>Modellnummer<\/strong><\/td>\n<td>G00<\/td>\n<\/tr>\n<tr>\n<td><strong>Anzahl von Einheiten<\/strong><\/td>\n<td>1 1<\/td>\n<\/tr>\n<tr>\n<td><strong>Herkunftsland<\/strong><\/td>\n<td>China<\/td>\n<\/tr>\n<tr>\n<td><strong>Artikeltypbezeichnung<\/strong><\/td>\n<td>Ger\u00e4tehaus<\/td>\n<\/tr>\n<tr>\n<td><strong>Amazon Bestseller-Rang<\/strong><\/td>\n<td><\/td>\n<\/tr>\n<tr>\n<td><strong>ASIN<\/strong><\/td>\n<td>B09VT3ZYGK<\/td>\n<\/tr>\n<tr>\n<td><strong>Durchschnittliche Kundenbewertung<\/strong><\/td>\n<td><\/td>\n<\/tr>\n<tr>\n<td><strong>Material<\/strong><\/td>\n<td>Metall<\/td>\n<\/tr>\n<tr>\n<td><strong>Basismaterial<\/strong><\/td>\n<td>Metall<\/td>\n<\/tr>\n<tr>\n<td><strong>Materialart der Oberseite<\/strong><\/td>\n<td>Metall<\/td>\n<\/tr>\n<tr>\n<td><strong>Rahmenmaterial<\/strong><\/td>\n<td>Aluminium<\/td>\n<\/tr>\n<tr>\n<td><strong>Farbe<\/strong><\/td>\n<td>Grau<\/td>\n<\/tr>\n<tr>\n<td><strong>Stil\/Form<\/strong><\/td>\n<td>Verstellbar, Outdoor, Terrasse, Garten<\/td>\n<\/tr>\n<tr>\n<td><strong>T\u00fcrstil<\/strong><\/td>\n<td>Fl\u00fcgelt\u00fcren<\/td>\n<\/tr>\n<tr>\n<td><strong>Wasserbest\u00e4ndigkeit<\/strong><\/td>\n<td>Wasserfest<\/td>\n<\/tr>\n<tr>\n<td><strong>Erforderliche Montage<\/strong><\/td>\n<td>Ja<\/td>\n<\/tr>\n<\/tbody>\n<\/table>\n<\/ul>","protected":false},"excerpt":{"rendered":"<p>Product Overview Marke: Thanaddo Farbe: Grau Material: Metall Produktabmessungen: 1,92T x 2,4B x 1,91H m Stil: Verstellbar, Outdoor, Terrasse, Garten<\/p>","protected":false},"featured_media":32122,"comment_status":"open","ping_status":"closed","template":"","meta":[],"product_brand":[],"product_cat":[153],"product_tag":[],"class_list":{"0":"post-31835","1":"product","2":"type-product","3":"status-publish","4":"has-post-thumbnail","6":"product_cat-gartenhaeuser-geraeteschuppen","8":"first","9":"instock","10":"sale","11":"shipping-taxable","12":"purchasable","13":"product-type-variable"},"_links":{"self":[{"href":"https:\/\/furnura.shop\/en\/wp-json\/wp\/v2\/product\/31835","targetHints":{"allow":["GET"]}}],"collection":[{"href":"https:\/\/furnura.shop\/en\/wp-json\/wp\/v2\/product"}],"about":[{"href":"https:\/\/furnura.shop\/en\/wp-json\/wp\/v2\/types\/product"}],"replies":[{"embeddable":true,"href":"https:\/\/furnura.shop\/en\/wp-json\/wp\/v2\/comments?post=31835"}],"version-history":[{"count":0,"href":"https:\/\/furnura.shop\/en\/wp-json\/wp\/v2\/product\/31835\/revisions"}],"wp:featuredmedia":[{"embeddable":true,"href":"https:\/\/furnura.shop\/en\/wp-json\/wp\/v2\/media\/32122"}],"wp:attachment":[{"href":"https:\/\/furnura.shop\/en\/wp-json\/wp\/v2\/media?parent=31835"}],"wp:term":[{"taxonomy":"product_brand","embeddable":true,"href":"https:\/\/furnura.shop\/en\/wp-json\/wp\/v2\/product_brand?post=31835"},{"taxonomy":"product_cat","embeddable":true,"href":"https:\/\/furnura.shop\/en\/wp-json\/wp\/v2\/product_cat?post=31835"},{"taxonomy":"product_tag","embeddable":true,"href":"https:\/\/furnura.shop\/en\/wp-json\/wp\/v2\/product_tag?post=31835"}],"curies":[{"name":"wp","href":"https:\/\/api.w.org\/{rel}","templated":true}]}}