{"id":31844,"date":"2026-05-13T18:37:35","date_gmt":"2026-05-13T18:37:35","guid":{"rendered":"https:\/\/furnura.shop\/product\/udpatio-metall-gartenhaus-mit-10-m-pultdach-250-x-248-x-194-cm-fur-den-aussenbereich-gerateschuppen-fahrradgarage-verzinkter-stahl-mit-abschliessbarer-tur-fur-hinterhof-dunkelgrau\/"},"modified":"2026-05-13T18:37:36","modified_gmt":"2026-05-13T18:37:36","slug":"udpatio-metall-gartenhaus-mit-10-m-pultdach-250-x-248-x-194-cm-fur-den-aussenbereich-gerateschuppen-fahrradgarage-verzinkter-stahl-mit-abschliessbarer-tur-fur-hinterhof-dunkelgrau","status":"publish","type":"product","link":"https:\/\/furnura.shop\/en\/product\/udpatio-metall-gartenhaus-mit-10-m-pultdach-250-x-248-x-194-cm-fur-den-aussenbereich-gerateschuppen-fahrradgarage-verzinkter-stahl-mit-abschliessbarer-tur-fur-hinterhof-dunkelgrau\/","title":{"rendered":"Udpatio Ger\u00e4tehaus Metall 10m\u00b3 250x248x194 cm Pultdach Abschlie\u00dfbar Verzinkt Fahrradgarage Dunkelgrau"},"content":{"rendered":"<p><strong>Product Overview<\/strong><\/p>\n<ul>\n<li>\n<strong>Marke:<\/strong> UDPATIO<\/li>\n<li>\n<strong>Farbe:<\/strong> Dunkelgrau<\/li>\n<li>\n<strong>Material:<\/strong> Metall Legierter Stahl<\/li>\n<li>\n<strong>Produktabmessungen:<\/strong> 2,48T x 2,5B x 1,94H m<\/li>\n<li>\n<strong>Stil:<\/strong> Garten, Rasen, Outdoor, Terrasse<\/li>\n<\/ul>\n<p><strong>Product Features<\/strong><\/p>\n<ul>\n<li>&#x1f3e1;\u3010Ger\u00e4umige\u3011 250x248x194 cm (L x B x H) gro\u00dfe Metall Gartenhaus. Dieser Gartenschuppen ist perfekt f\u00fcr die Aufbewahrung von Schneefr\u00e4se, Rasenm\u00e4her, Outdoor-Stuhl, gro\u00dfem Regenschirm, Feuerstelle, Fahrr\u00e4der, Skateboards, M\u00fclleimer, Generator und anderen Gegenst\u00e4nden.<\/li>\n<li>&#x1f3e1;\u3010Schr\u00e4gdach und abschlie\u00dfbare T\u00fcr\u3011Dieser kleine Schuppen mit schr\u00e4gem Dach, f\u00fcgt zus\u00e4tzlichen Stauraum hinzu, verhindert das Ansammeln von Regenwasser und Rost und verhindert, dass der Schuppen bei hei\u00dfem und feuchtem Wetter muffig wird. Die abschlie\u00dfbaren T\u00fcren erm\u00f6glichen einen einfachen Zugang zu Ihren gelagerten Gegenst\u00e4nden und erh\u00f6hen die Sicherheit und verhindern, dass kleine Tiere versehentlich eindringen\uff01<\/li>\n<li>&#x1f3e1;\u3010Verbessern Sie Ihren Hinterhof\u3011 Der Gartenschuppen mit einer 165 cm gro\u00dfen T\u00fcr kann als Fahrradschuppen verwendet werden, um Ihre Sachen zu organisieren, ein Haustierhaus, um einen sichereren und w\u00e4rmeren Raum zu bieten, eine M\u00fcllaufbewahrung im Freien, um den Hinterhof ordentlich zu halten und eine Toilette f\u00fcr eine sch\u00f6ne Zeit zu haben. Ein tolles Schuppenhaus f\u00fcr den Hinterhof.<\/li>\n<li>&#x1f3e1;\u3010Langlebiger und stabiler lebenslanger horizontaler Lagerschuppen\u3011 Die langlebige Konstruktion mit dickerem, verzinktem Stahl und weniger Zubeh\u00f6r macht diesen langlebigen, lebenslangen Schuppen rostfrei und UV-best\u00e4ndig. \u00dcberlappende Wandpaneele sind wasserdicht und feuchtigkeitsbest\u00e4ndig, sorgenfrei f\u00fcr alle Wetterbedingungen.<\/li>\n<li>&#x1f3e1;\u3010Immer an Ihrer Seite\u3011 Alle Teile des Metallschuppens haben eine Teilenummer geklebt, mit einer Schritt-f\u00fcr-Schritt-Anleitung (evtl. nicht in deutscher Sprache). Wenn es irgendwelche Probleme gibt, wie fehlende Teile oder besch\u00e4digte Produkte, z\u00f6gern Sie nicht, uns zu kontaktieren, wir werden Ihnen die professionellste Anleitung geben und Ihnen das beste Einkaufserlebnis bieten.<\/li>\n<\/ul>\n<p><strong>Product Information<\/strong><\/p>\n<ul>\n<table style=\"margin-bottom:20px\">\n<tbody>\n<tr>\n<td><strong>Artikel Abmessungen T x B x H<\/strong><\/td>\n<td>2,48T x 2,5B x 1,94H m<\/td>\n<\/tr>\n<tr>\n<td><strong>Bodenbereich<\/strong><\/td>\n<td>5,52 quadratmeter<\/td>\n<\/tr>\n<tr>\n<td><strong>T\u00fcrbreite<\/strong><\/td>\n<td>120 Zentimeter<\/td>\n<\/tr>\n<tr>\n<td><strong>T\u00fcrh\u00f6he<\/strong><\/td>\n<td>165 Zentimeter<\/td>\n<\/tr>\n<tr>\n<td><strong>Farbe<\/strong><\/td>\n<td>Dunkelgrau<\/td>\n<\/tr>\n<tr>\n<td><strong>Stil\/Form<\/strong><\/td>\n<td>Garten, Rasen, Outdoor, Terrasse<\/td>\n<\/tr>\n<tr>\n<td><strong>T\u00fcrstil<\/strong><\/td>\n<td>Einzelt\u00fcr mit Schloss<\/td>\n<\/tr>\n<tr>\n<td><strong>Wasserbest\u00e4ndigkeit<\/strong><\/td>\n<td>Wasserfest<\/td>\n<\/tr>\n<tr>\n<td><strong>Max. Nutzlast<\/strong><\/td>\n<td>360 Kilogramm<\/td>\n<\/tr>\n<tr>\n<td><strong>Erforderliche Montage<\/strong><\/td>\n<td>Ja<\/td>\n<\/tr>\n<tr>\n<td><strong>Material<\/strong><\/td>\n<td>Metall Legierter Stahl<\/td>\n<\/tr>\n<tr>\n<td><strong>Basismaterial<\/strong><\/td>\n<td>Metall Legierter Stahl<\/td>\n<\/tr>\n<tr>\n<td><strong>Materialart der Oberseite<\/strong><\/td>\n<td>Metall Stahl legiert<\/td>\n<\/tr>\n<tr>\n<td><strong>Marke<\/strong><\/td>\n<td>UDPATIO<\/td>\n<\/tr>\n<tr>\n<td><strong>Hersteller<\/strong><\/td>\n<td>UDPATIO<\/td>\n<\/tr>\n<tr>\n<td><strong>Anzahl von Einheiten<\/strong><\/td>\n<td>1.0 st\u00fcck<\/td>\n<\/tr>\n<tr>\n<td><strong>Herkunftsland<\/strong><\/td>\n<td>China<\/td>\n<\/tr>\n<tr>\n<td><strong>Amazon Bestseller-Rang<\/strong><\/td>\n<td><\/td>\n<\/tr>\n<tr>\n<td><strong>ASIN<\/strong><\/td>\n<td>B0GMF25DNJ<\/td>\n<\/tr>\n<tr>\n<td><strong>Durchschnittliche Kundenbewertung<\/strong><\/td>\n<td><\/td>\n<\/tr>\n<\/tbody>\n<\/table>\n<\/ul>","protected":false},"excerpt":{"rendered":"<p>Product Overview Marke: UDPATIO Farbe: Dunkelgrau Material: Metall Legierter Stahl Produktabmessungen: 2,48T x 2,5B x 1,94H m Stil: Garten, Rasen,<\/p>","protected":false},"featured_media":32139,"comment_status":"open","ping_status":"closed","template":"","meta":[],"product_brand":[],"product_cat":[153],"product_tag":[],"class_list":{"0":"post-31844","1":"product","2":"type-product","3":"status-publish","4":"has-post-thumbnail","6":"product_cat-gartenhaeuser-geraeteschuppen","8":"first","9":"instock","10":"sale","11":"shipping-taxable","12":"purchasable","13":"product-type-variable"},"_links":{"self":[{"href":"https:\/\/furnura.shop\/en\/wp-json\/wp\/v2\/product\/31844","targetHints":{"allow":["GET"]}}],"collection":[{"href":"https:\/\/furnura.shop\/en\/wp-json\/wp\/v2\/product"}],"about":[{"href":"https:\/\/furnura.shop\/en\/wp-json\/wp\/v2\/types\/product"}],"replies":[{"embeddable":true,"href":"https:\/\/furnura.shop\/en\/wp-json\/wp\/v2\/comments?post=31844"}],"version-history":[{"count":0,"href":"https:\/\/furnura.shop\/en\/wp-json\/wp\/v2\/product\/31844\/revisions"}],"wp:featuredmedia":[{"embeddable":true,"href":"https:\/\/furnura.shop\/en\/wp-json\/wp\/v2\/media\/32139"}],"wp:attachment":[{"href":"https:\/\/furnura.shop\/en\/wp-json\/wp\/v2\/media?parent=31844"}],"wp:term":[{"taxonomy":"product_brand","embeddable":true,"href":"https:\/\/furnura.shop\/en\/wp-json\/wp\/v2\/product_brand?post=31844"},{"taxonomy":"product_cat","embeddable":true,"href":"https:\/\/furnura.shop\/en\/wp-json\/wp\/v2\/product_cat?post=31844"},{"taxonomy":"product_tag","embeddable":true,"href":"https:\/\/furnura.shop\/en\/wp-json\/wp\/v2\/product_tag?post=31844"}],"curies":[{"name":"wp","href":"https:\/\/api.w.org\/{rel}","templated":true}]}}